{"id":116,"date":"2015-09-25T04:26:23","date_gmt":"2015-09-25T04:26:23","guid":{"rendered":"http:\/\/idiomasmazatlan.com\/portal\/?page_id=116"},"modified":"2016-05-09T18:22:47","modified_gmt":"2016-05-09T18:22:47","slug":"certificaciones-frances","status":"publish","type":"page","link":"https:\/\/idiomasmazatlan.com\/portal\/certificaciones-frances\/","title":{"rendered":"Certificaciones en Frances"},"content":{"rendered":"<h3 style=\"text-align: left;\"><span style=\"color: #800080;\">CERTIFICACIONES DELF (Niveles A1,A2,B1 y B2) del MCERL<\/span><\/h3>\n<h3><span style=\"color: #800080;\"><a style=\"color: #800080;\" href=\"http:\/\/www.ciep.fr\">www.ciep.fr<\/a><\/span><\/h3>\n<p>&nbsp;<\/p>\n<h3><img fetchpriority=\"high\" decoding=\"async\" data-attachment-id=\"494\" data-permalink=\"https:\/\/idiomasmazatlan.com\/portal\/certificaciones-frances\/img_3334\/\" data-orig-file=\"https:\/\/i0.wp.com\/idiomasmazatlan.com\/portal\/wp-content\/uploads\/2015\/09\/IMG_3334.jpg?fit=1728%2C2592&amp;ssl=1\" data-orig-size=\"1728,2592\" data-comments-opened=\"0\" data-image-meta=\"{&quot;aperture&quot;:&quot;11&quot;,&quot;credit&quot;:&quot;&quot;,&quot;camera&quot;:&quot;Canon EOS REBEL T3i&quot;,&quot;caption&quot;:&quot;&quot;,&quot;created_timestamp&quot;:&quot;1461953316&quot;,&quot;copyright&quot;:&quot;&quot;,&quot;focal_length&quot;:&quot;24&quot;,&quot;iso&quot;:&quot;400&quot;,&quot;shutter_speed&quot;:&quot;0.005&quot;,&quot;title&quot;:&quot;&quot;,&quot;orientation&quot;:&quot;1&quot;}\" data-image-title=\"IMG_3334\" data-image-description=\"\" data-image-caption=\"\" data-medium-file=\"https:\/\/i0.wp.com\/idiomasmazatlan.com\/portal\/wp-content\/uploads\/2015\/09\/IMG_3334.jpg?fit=200%2C300&amp;ssl=1\" data-large-file=\"https:\/\/i0.wp.com\/idiomasmazatlan.com\/portal\/wp-content\/uploads\/2015\/09\/IMG_3334.jpg?fit=683%2C1024&amp;ssl=1\" tabindex=\"0\" role=\"button\" class=\"wp-image-494 aligncenter\" src=\"https:\/\/i0.wp.com\/idiomasmazatlan.com\/portal\/wp-content\/uploads\/2015\/09\/IMG_3334.jpg?resize=336%2C505&#038;ssl=1\" alt=\"IMG_3334\" width=\"336\" height=\"505\" srcset=\"https:\/\/i0.wp.com\/idiomasmazatlan.com\/portal\/wp-content\/uploads\/2015\/09\/IMG_3334.jpg?resize=200%2C300&amp;ssl=1 200w, https:\/\/i0.wp.com\/idiomasmazatlan.com\/portal\/wp-content\/uploads\/2015\/09\/IMG_3334.jpg?resize=683%2C1024&amp;ssl=1 683w, https:\/\/i0.wp.com\/idiomasmazatlan.com\/portal\/wp-content\/uploads\/2015\/09\/IMG_3334.jpg?resize=225%2C338&amp;ssl=1 225w, https:\/\/i0.wp.com\/idiomasmazatlan.com\/portal\/wp-content\/uploads\/2015\/09\/IMG_3334.jpg?resize=392%2C588&amp;ssl=1 392w, https:\/\/i0.wp.com\/idiomasmazatlan.com\/portal\/wp-content\/uploads\/2015\/09\/IMG_3334.jpg?resize=700%2C1050&amp;ssl=1 700w, https:\/\/i0.wp.com\/idiomasmazatlan.com\/portal\/wp-content\/uploads\/2015\/09\/IMG_3334.jpg?w=1728&amp;ssl=1 1728w, https:\/\/i0.wp.com\/idiomasmazatlan.com\/portal\/wp-content\/uploads\/2015\/09\/IMG_3334.jpg?w=1400&amp;ssl=1 1400w\" sizes=\"(max-width: 336px) 100vw, 336px\" data-recalc-dims=\"1\" \/><\/h3>\n<h3><\/h3>\n<h3><\/h3>\n<h3><\/h3>\n<h3><\/h3>\n<h3><\/h3>\n<h3><\/h3>\n<h3><\/h3>\n<h3><\/h3>\n<h3><\/h3>\n<h3><\/h3>\n<h3><\/h3>\n<h3><span style=\"color: #800080;\">ADEMAS TE OFRECEMOS:<\/span><\/h3>\n<ul>\n<li>\n<h3><span style=\"color: #800080;\">Curso de Formaci\u00f3n B\u00e1sica para Maestros de Ingl\u00e9s Initial Teacher Training\u00a0 (ITT)<\/span><\/h3>\n<\/li>\n<li>\n<h3><span style=\"color: #800080;\">Curso de Preparaci\u00f3n para Ex\u00e1menes IELTS y DELF<\/span><\/h3>\n<\/li>\n<li>\n<h3><span style=\"color: #800080;\">Curso de Espa\u00f1ol para Extranjeros<\/span><\/h3>\n<\/li>\n<\/ul>\n<p>&nbsp;<\/p>\n","protected":false},"excerpt":{"rendered":"<p>CERTIFICACIONES DELF (Niveles A1,A2,B1 y B2) del MCERL<br \/>\nwww.ciep.fr<\/p>\n<p>&nbsp;<\/p>\n<p>ADEMAS TE OFRECEMOS:<\/p>\n<p>Curso de Formaci\u00f3n B\u00e1sica para Maestros de Ingl\u00e9s Initial Teacher Training\u00a0 (ITT)<\/p>\n<p>Curso de Preparaci\u00f3n para Ex\u00e1menes IELTS y DELF<\/p>\n<p>Curso de Espa\u00f1ol para Extranjeros<\/p>\n<p>&nbsp;<\/p>\n","protected":false},"author":1,"featured_media":464,"parent":0,"menu_order":0,"comment_status":"open","ping_status":"open","template":"page-oferta-educativa-default.php","meta":{"jetpack_post_was_ever_published":false,"footnotes":""},"categories":[5],"class_list":["post-116","page","type-page","status-publish","has-post-thumbnail","hentry","category-paginas-oferta-educativa"],"jetpack_sharing_enabled":true,"jetpack_shortlink":"https:\/\/wp.me\/P720zc-1S","jetpack-related-posts":[],"_links":{"self":[{"href":"https:\/\/idiomasmazatlan.com\/portal\/wp-json\/wp\/v2\/pages\/116","targetHints":{"allow":["GET"]}}],"collection":[{"href":"https:\/\/idiomasmazatlan.com\/portal\/wp-json\/wp\/v2\/pages"}],"about":[{"href":"https:\/\/idiomasmazatlan.com\/portal\/wp-json\/wp\/v2\/types\/page"}],"author":[{"embeddable":true,"href":"https:\/\/idiomasmazatlan.com\/portal\/wp-json\/wp\/v2\/users\/1"}],"replies":[{"embeddable":true,"href":"https:\/\/idiomasmazatlan.com\/portal\/wp-json\/wp\/v2\/comments?post=116"}],"version-history":[{"count":15,"href":"https:\/\/idiomasmazatlan.com\/portal\/wp-json\/wp\/v2\/pages\/116\/revisions"}],"predecessor-version":[{"id":499,"href":"https:\/\/idiomasmazatlan.com\/portal\/wp-json\/wp\/v2\/pages\/116\/revisions\/499"}],"wp:featuredmedia":[{"embeddable":true,"href":"https:\/\/idiomasmazatlan.com\/portal\/wp-json\/wp\/v2\/media\/464"}],"wp:attachment":[{"href":"https:\/\/idiomasmazatlan.com\/portal\/wp-json\/wp\/v2\/media?parent=116"}],"wp:term":[{"taxonomy":"category","embeddable":true,"href":"https:\/\/idiomasmazatlan.com\/portal\/wp-json\/wp\/v2\/categories?post=116"}],"curies":[{"name":"wp","href":"https:\/\/api.w.org\/{rel}","templated":true}]}}