{"id":44,"date":"2015-09-21T17:04:42","date_gmt":"2015-09-21T17:04:42","guid":{"rendered":"http:\/\/idiomasmazatlan.com\/portal\/?page_id=44"},"modified":"2016-01-12T22:49:26","modified_gmt":"2016-01-12T22:49:26","slug":"plan-estrategico-de-desarollo","status":"publish","type":"page","link":"https:\/\/idiomasmazatlan.com\/portal\/plan-estrategico-de-desarollo\/","title":{"rendered":"Plan Estrat\u00e9gico de Desarollo"},"content":{"rendered":"<p style=\"text-align: justify;\"><span style=\"color: #800080;\"><strong>Modelo curricular flexible y por competencias profesionales integradas<\/strong><\/span><\/p>\n<p style=\"text-align: justify;\"><span style=\"color: #800080;\">El Modelo educativo y acad\u00e9mico de la UAS orienta a dise\u00f1ar los planes de estudio con base en el Modelo Curricular por Competencias Profesionales Integradas. El concepto de competencias \u201c<em>hace referencia a la estructura de atributos que permiten a un profesional movilizar sus recursos te\u00f3ricos, pr\u00e1cticos y actitudinales, para desempe\u00f1arse de manera contextualizada y efectiva al solucionar problemas o situaciones en un \u00e1rea espec\u00edfica de actividad<\/em>.\u201d (UAS, 2013)<\/span><\/p>\n<p style=\"text-align: justify;\"><span style=\"color: #800080;\"><strong>Principios educativos<\/strong><\/span><\/p>\n<p style=\"text-align: justify;\"><span style=\"color: #800080;\">De acuerdo a nuestro modelo, los principios educativos que deben seguir todos los programas de la UAS son:<\/span><\/p>\n<ol>\n<li style=\"text-align: justify;\"><span style=\"color: #800080;\">Aprendizaje y actualizaci\u00f3n continuos<\/span><\/li>\n<li style=\"text-align: justify;\"><span style=\"color: #800080;\">Gesti\u00f3n individual y cooperativa<\/span><\/li>\n<li style=\"text-align: justify;\"><span style=\"color: #800080;\">Integraci\u00f3n de conocimientos, habilidades y valores<\/span><\/li>\n<li style=\"text-align: justify;\"><span style=\"color: #800080;\">Vinculaci\u00f3n teor\u00eda-pr\u00e1ctica<\/span><\/li>\n<li style=\"text-align: justify;\"><span style=\"color: #800080;\">Flexibilidad y diversificaci\u00f3n<\/span><\/li>\n<li style=\"text-align: justify;\"><span style=\"color: #800080;\">Uso y generaci\u00f3n de conocimiento para el bienestar social, individual y de la naturaleza.<\/span><\/li>\n<\/ol>\n","protected":false},"excerpt":{"rendered":"<p style=\"text-align: justify;\">Modelo curricular flexible y por competencias profesionales integradas<\/p>\n<p style=\"text-align: justify;\">El Modelo educativo y acad\u00e9mico de la UAS orienta a dise\u00f1ar los planes de estudio con base en el Modelo Curricular por Competencias Profesionales &#8230;<\/p>\n","protected":false},"author":1,"featured_media":0,"parent":0,"menu_order":0,"comment_status":"open","ping_status":"closed","template":"","meta":{"jetpack_post_was_ever_published":false,"footnotes":""},"categories":[4],"class_list":["post-44","page","type-page","status-publish","hentry","category-paginas-nosotros"],"jetpack_sharing_enabled":true,"jetpack_shortlink":"https:\/\/wp.me\/P720zc-I","jetpack-related-posts":[],"_links":{"self":[{"href":"https:\/\/idiomasmazatlan.com\/portal\/wp-json\/wp\/v2\/pages\/44","targetHints":{"allow":["GET"]}}],"collection":[{"href":"https:\/\/idiomasmazatlan.com\/portal\/wp-json\/wp\/v2\/pages"}],"about":[{"href":"https:\/\/idiomasmazatlan.com\/portal\/wp-json\/wp\/v2\/types\/page"}],"author":[{"embeddable":true,"href":"https:\/\/idiomasmazatlan.com\/portal\/wp-json\/wp\/v2\/users\/1"}],"replies":[{"embeddable":true,"href":"https:\/\/idiomasmazatlan.com\/portal\/wp-json\/wp\/v2\/comments?post=44"}],"version-history":[{"count":4,"href":"https:\/\/idiomasmazatlan.com\/portal\/wp-json\/wp\/v2\/pages\/44\/revisions"}],"predecessor-version":[{"id":266,"href":"https:\/\/idiomasmazatlan.com\/portal\/wp-json\/wp\/v2\/pages\/44\/revisions\/266"}],"wp:attachment":[{"href":"https:\/\/idiomasmazatlan.com\/portal\/wp-json\/wp\/v2\/media?parent=44"}],"wp:term":[{"taxonomy":"category","embeddable":true,"href":"https:\/\/idiomasmazatlan.com\/portal\/wp-json\/wp\/v2\/categories?post=44"}],"curies":[{"name":"wp","href":"https:\/\/api.w.org\/{rel}","templated":true}]}}