{"id":50,"date":"2015-09-21T17:27:32","date_gmt":"2015-09-21T17:27:32","guid":{"rendered":"http:\/\/idiomasmazatlan.com\/portal\/?page_id=50"},"modified":"2024-07-24T17:12:55","modified_gmt":"2024-07-24T17:12:55","slug":"directorio","status":"publish","type":"page","link":"https:\/\/idiomasmazatlan.com\/portal\/directorio\/","title":{"rendered":"Directorio"},"content":{"rendered":"<p style=\"text-align: center;\"><strong>Dra. Melina Marbella Elenes Liz\u00e1rraga<\/strong><\/p>\n<p style=\"text-align: center;\"><a href=\"mailto:direccionceim@uas.edu.mx\">direccionCEIM@uas.edu.mx<\/a><\/p>\n<p style=\"text-align: center;\">Directora General del Centro de Estudio de Idiomas Mazatl\u00e1n (CEIM)<\/p>\n<hr \/>\n<p style=\"text-align: center;\"><strong><b>M.Ed<\/b>. Michiko Amano<\/strong><\/p>\n<p style=\"text-align: center;\"><a href=\"mailto:subceim@ms.uas.edu.mx\">subceim@ms.uas.edu.mx<\/a><\/p>\n<p style=\"text-align: center;\">Administraci\u00f3n RH CEIM<\/p>\n<hr \/>\n<p style=\"text-align: center;\"><strong>CP. Andr\u00e9s Rodr\u00edguez Ar\u00e1mburo<\/strong><\/p>\n<p style=\"text-align: center;\"><a href=\"mailto:andresmaztl@hotmail.com\">andresmaztl@hotmail.com<\/a><\/p>\n<p style=\"text-align: center;\">Coordinador Administrativo del CEIM<\/p>\n<hr \/>\n<p style=\"text-align: center;\"><strong>M.A. Edelbais Uribe Mart\u00ednez<\/strong><\/p>\n<p style=\"text-align: center;\"><a href=\"mailto:coordinacionacademicaba@uas.edu.mx\">coordinacion academica ba@uas.edu.mx <\/a><\/p>\n<p style=\"text-align: center;\">Coord. Licenciatura en Ense\u00f1anza del Idioma Ingl\u00e9s<\/p>\n<hr \/>\n<p style=\"text-align: center;\"><strong>M.A. Elefhteria Groumoutis<\/strong><\/p>\n<p style=\"text-align: center;\"><a href=\"mailto:frida.gr@uas.edu.mx\">frida.gr@uas.edu.mx<\/a><\/p>\n<p style=\"text-align: center;\">Coordinadora Acad\u00e9mica CEIM<\/p>\n<hr \/>\n<p style=\"text-align: center;\"><strong>Lic. Jessica Rosalinda D\u00edaz Rodr\u00edguez<br \/>\n<\/strong><\/p>\n<p style=\"text-align: center;\"><a href=\"mailto:pisimazatlan@uas.edu.mx\">pisimazatlan@uas.edu.mx<\/a><\/p>\n<p style=\"text-align: center;\">Coord. Programa Infantil Sabatino de Ingl\u00e9s (PISI)<\/p>\n<hr \/>\n<p style=\"text-align: center;\"><strong><b>Lic. Carmen Janeth Melchor D\u00e1valos<\/b><br \/>\n<\/strong><\/p>\n<p style=\"text-align: center;\"><a href=\"mailto:certificaciones_ceimaz@uas.edu.mx\">certificaciones_ceimaz@uas.edu.mx<\/a><\/p>\n<p style=\"text-align: center;\">Coordinadora de Certificaciones Ingl\u00e9s<\/p>\n<hr \/>\n<p style=\"text-align: center;\"><strong>Lic. Claudia Ortuso<br \/>\n<\/strong><\/p>\n<p style=\"text-align: center;\"><a href=\"mailto:uas.frances@gmail.com\">uas.frances@gmail.com<\/a><\/p>\n<p style=\"text-align: center;\">Coordinadora de Certificaciones Franc\u00e9s<\/p>\n","protected":false},"excerpt":{"rendered":"<p style=\"text-align: center;\">Dra. Melina Marbella Elenes Liz\u00e1rraga<\/p>\n<p style=\"text-align: center;\">direccionCEIM@uas.edu.mx<\/p>\n<p style=\"text-align: center;\">Directora General del Centro de Estudio de Idiomas Mazatl\u00e1n (CEIM)<\/p>\n<p style=\"text-align: center;\">M.Ed. Michiko Amano<\/p>\n<p style=\"text-align: center;\">subceim@ms.uas.edu.mx<\/p>\n<p style=\"text-align: center;\">Administraci\u00f3n RH CEIM<\/p>\n<p style=\"text-align: center;\">CP. Andr\u00e9s Rodr\u00edguez Ar\u00e1mburo<\/p>\n<p ... \n\n","protected":false},"author":1,"featured_media":0,"parent":0,"menu_order":0,"comment_status":"open","ping_status":"open","template":"page-full.php","meta":{"jetpack_post_was_ever_published":false,"footnotes":""},"categories":[],"class_list":["post-50","page","type-page","status-publish","hentry"],"jetpack_sharing_enabled":true,"jetpack_shortlink":"https:\/\/wp.me\/P720zc-O","jetpack-related-posts":[],"_links":{"self":[{"href":"https:\/\/idiomasmazatlan.com\/portal\/wp-json\/wp\/v2\/pages\/50","targetHints":{"allow":["GET"]}}],"collection":[{"href":"https:\/\/idiomasmazatlan.com\/portal\/wp-json\/wp\/v2\/pages"}],"about":[{"href":"https:\/\/idiomasmazatlan.com\/portal\/wp-json\/wp\/v2\/types\/page"}],"author":[{"embeddable":true,"href":"https:\/\/idiomasmazatlan.com\/portal\/wp-json\/wp\/v2\/users\/1"}],"replies":[{"embeddable":true,"href":"https:\/\/idiomasmazatlan.com\/portal\/wp-json\/wp\/v2\/comments?post=50"}],"version-history":[{"count":29,"href":"https:\/\/idiomasmazatlan.com\/portal\/wp-json\/wp\/v2\/pages\/50\/revisions"}],"predecessor-version":[{"id":1890,"href":"https:\/\/idiomasmazatlan.com\/portal\/wp-json\/wp\/v2\/pages\/50\/revisions\/1890"}],"wp:attachment":[{"href":"https:\/\/idiomasmazatlan.com\/portal\/wp-json\/wp\/v2\/media?parent=50"}],"wp:term":[{"taxonomy":"category","embeddable":true,"href":"https:\/\/idiomasmazatlan.com\/portal\/wp-json\/wp\/v2\/categories?post=50"}],"curies":[{"name":"wp","href":"https:\/\/api.w.org\/{rel}","templated":true}]}}