{"id":537,"date":"2016-09-03T17:42:50","date_gmt":"2016-09-03T17:42:50","guid":{"rendered":"http:\/\/idiomasmazatlan.com\/portal\/?page_id=537"},"modified":"2024-02-05T02:00:34","modified_gmt":"2024-02-05T02:00:34","slug":"nuestro-programa-educativo-licenciatura","status":"publish","type":"page","link":"https:\/\/idiomasmazatlan.com\/portal\/nuestro-programa-educativo-licenciatura\/","title":{"rendered":"Nuestro Programa Educativo"},"content":{"rendered":"<p><span style=\"font-size: 14pt;\"><strong><a href=\"https:\/\/idiomasmazatlan.com\/portal\/licenciatura-en-ensenanza\/\">&lt;&lt; Regresar\u00a0<\/a><\/strong><\/span><\/p>\n<h2>Mapa curricular de la Licenciatura en Ense\u00f1anza del Idioma Ingl\u00e9s<\/h2>\n<table class=\"aligncenter\" style=\"height: 983px; border-color: #999999; background-color: #ffffff;\" border=\"1\" width=\"809\">\n<tbody>\n<tr>\n<th style=\"width: 100px; text-align: center; vertical-align: middle;\" width=\"108\">\n<p style=\"text-align: center;\"><strong>Semestre<br \/>\n<\/strong><strong>I<\/strong><\/p>\n<\/th>\n<td style=\"text-align: center;\" width=\"108\"><strong>Semestre<br \/>\nII<\/strong><\/td>\n<td style=\"text-align: center;\" width=\"108\"><strong>Semestre<br \/>\nIII<\/strong><\/td>\n<td style=\"text-align: center;\" width=\"108\"><strong>Semestre<br \/>\nIV<\/strong><\/td>\n<td style=\"text-align: center;\" width=\"108\"><strong>Semestre<br \/>\nV<\/strong><\/td>\n<td style=\"text-align: center;\" width=\"108\"><strong>Semestre<br \/>\nVI<\/strong><\/td>\n<td style=\"text-align: center;\" width=\"108\"><strong>Semestre<br \/>\nVII<\/strong><\/td>\n<td width=\"108\">\n<p style=\"text-align: center;\"><strong>Semestre<br \/>\nVIII<\/strong><\/p>\n<\/td>\n<\/tr>\n<tr style=\"height: 70px;\">\n<td style=\"width: 70px; height: 70px; background-color: #ffcd57; text-align: left; vertical-align: top;\" width=\"108\">\n<p style=\"text-align: center;\"><span style=\"font-family: arial, helvetica, sans-serif; font-size: 10pt;\">Habilidades para la lectura y redacci\u00f3n de textos acad\u00e9micos<\/span><\/p>\n<\/td>\n<td style=\"background-color: #69c5f0; width: 108px; text-align: center;\" width=\"108\"><span style=\"font-family: arial, helvetica, sans-serif; font-size: 10pt;\">Psicolog\u00eda en la ense\u00f1anza del idioma ingl\u00e9s<\/span><\/td>\n<td style=\"background-color: #69c5f0; width: 108px; text-align: center;\" width=\"108\"><span style=\"font-family: arial, helvetica, sans-serif; font-size: 10pt;\">An\u00e1lisis del Discurso<\/span><\/td>\n<td style=\"background-color: #69c5f0; width: 108px; text-align: center;\" width=\"108\"><span style=\"font-family: arial, helvetica, sans-serif; font-size: 10pt;\">Dise\u00f1o y Evaluaci\u00f3n de Recursos Did\u00e1cticos<\/span><\/td>\n<td style=\"background-color: #69c5f0; width: 108px; text-align: center;\" width=\"108\"><span style=\"font-family: arial, helvetica, sans-serif; font-size: 10pt;\">Evaluaci\u00f3n de los Aprendizajes<\/span><\/td>\n<td style=\"background-color: #69c5f0; width: 108px; text-align: center;\" width=\"108\"><span style=\"font-family: arial, helvetica, sans-serif; font-size: 10pt;\">An\u00e1lisis y Dise\u00f1o de Programas de Estudio<\/span><\/td>\n<td style=\"background-color: #69c5f0; width: 108px; text-align: center;\" width=\"108\">\n<p style=\"text-align: center;\"><span style=\"font-family: arial, helvetica, sans-serif; font-size: 10pt;\">Ingl\u00e9s para Prop\u00f3sitos Espec\u00edficos<\/span><\/p>\n<\/td>\n<td style=\"background-color: #69c5f0; width: 108px; text-align: center;\" rowspan=\"6\" width=\"108\"><span style=\"font-family: arial, helvetica, sans-serif; font-size: 10pt;\">Estancia profesional<\/span><\/td>\n<\/tr>\n<tr>\n<td style=\"width: 108px; background-color: #ffcd57;\" width=\"108\">\n<p style=\"text-align: center;\"><span style=\"font-family: arial, helvetica, sans-serif; font-size: 10pt;\">El idioma ingl\u00e9s en la sociedad actual<\/span><\/p>\n<\/td>\n<td style=\"width: 108px; background-color: #ffcd57; text-align: center;\" width=\"108\"><span style=\"font-family: arial, helvetica, sans-serif; font-size: 10pt;\">Taller de Habilidades Comunicativas<\/span><\/td>\n<td style=\"background-color: #69c5f0; width: 108px; text-align: center;\" width=\"108\"><span style=\"font-family: arial, helvetica, sans-serif; font-size: 10pt;\">Planeaci\u00f3n de Clases<\/span><\/td>\n<td style=\"background-color: #69c5f0; width: 108px; text-align: center;\" width=\"108\"><span style=\"font-family: arial, helvetica, sans-serif; font-size: 10pt;\">Actividades y Estrategias Comunicativas para la Expresi\u00f3n<\/span><\/td>\n<td style=\"background-color: #69c5f0; width: 108px; text-align: center;\" width=\"108\"><span style=\"font-family: arial, helvetica, sans-serif; font-size: 10pt;\">Ense\u00f1anza para Ni\u00f1os y Adolescentes<\/span><\/td>\n<td style=\"background-color: #69c5f0; width: 108px; text-align: center;\" width=\"108\"><span style=\"font-family: arial, helvetica, sans-serif; font-size: 10pt;\">Preparaci\u00f3n para la Certificaci\u00f3n<\/span><\/td>\n<td style=\"background-color: #af4fdb; width: 108px;\" width=\"108\">\n<p style=\"text-align: center;\"><span style=\"font-family: arial, helvetica, sans-serif; font-size: 10pt;\">Emprendimiento en la ense\u00f1anza del idioma ingl\u00e9s<\/span><\/p>\n<\/td>\n<\/tr>\n<tr>\n<td style=\"width: 108px; background-color: #ffcd57;\" width=\"108\">\n<p style=\"text-align: center;\"><span style=\"font-family: arial, helvetica, sans-serif; font-size: 10pt;\">Desarrollo de Habilidades Comunicativas<\/span><\/p>\n<\/td>\n<td style=\"width: 108px; background-color: #ffcd57; text-align: center;\" width=\"108\"><span style=\"font-family: arial, helvetica, sans-serif; font-size: 10pt;\">Sistema Gramatical<\/span><\/td>\n<td style=\"background-color: #69c5f0; width: 108px; text-align: center;\" width=\"108\"><span style=\"font-family: arial, helvetica, sans-serif; font-size: 10pt;\">Actividades y Estrategias Comunicativas para la Comprensi\u00f3n<\/span><\/td>\n<td style=\"background-color: #69c5f0; width: 108px; text-align: center;\" width=\"108\"><span style=\"font-family: arial, helvetica, sans-serif; font-size: 10pt;\">Ense\u00f1anza del Ingl\u00e9s mediante la Literatura<\/span><\/td>\n<td style=\"background-color: #69c5f0; width: 108px; text-align: center;\" width=\"108\"><span style=\"font-family: arial, helvetica, sans-serif; font-size: 10pt;\">Actividades y Estrategias Comunicativas de Interacci\u00f3n<\/span><\/td>\n<td style=\"background-color: #69c5f0; width: 108px; text-align: center;\" width=\"108\"><span style=\"font-family: arial, helvetica, sans-serif; font-size: 10pt;\">Actividades y Estrategias Comunicativas de Mediaci\u00f3n<\/span><\/td>\n<td style=\"background-color: #69c5f0; width: 108px;\" width=\"108\">\n<p style=\"text-align: center;\"><span style=\"font-family: arial, helvetica, sans-serif; font-size: 10pt;\">Ense\u00f1anza a estudiantes con necesidades educativas especiales<\/span><\/p>\n<\/td>\n<\/tr>\n<tr>\n<td style=\"width: 108px; background-color: #ffcd57;\" width=\"108\">\n<p style=\"text-align: center;\"><span style=\"font-family: arial, helvetica, sans-serif; font-size: 10pt;\">Introducci\u00f3n a la Ling\u00fc\u00edstica<\/span><\/p>\n<\/td>\n<td style=\"width: 108px; background-color: #ffcd57; text-align: center;\" width=\"108\"><span style=\"font-family: arial, helvetica, sans-serif; font-size: 10pt;\">Sistema L\u00e9xico Fonol\u00f3gico<\/span><\/td>\n<td style=\"background-color: #69c5f0; width: 108px; text-align: center;\" width=\"108\"><span style=\"font-family: arial, helvetica, sans-serif; font-size: 10pt;\">Did\u00e1ctica de la Gram\u00e1tica<\/span><\/td>\n<td style=\"background-color: #af4fdb; width: 108px; text-align: center;\" width=\"108\"><span style=\"font-family: arial, helvetica, sans-serif; font-size: 10pt;\">Fundamentos de la Investigaci\u00f3n Educativa<\/span><\/td>\n<td style=\"background-color: #69c5f0; width: 108px; text-align: center;\" width=\"108\"><span style=\"font-family: arial, helvetica, sans-serif; font-size: 10pt;\">Observaci\u00f3n de Clases<\/span><\/td>\n<td style=\"background-color: #69c5f0; width: 108px; text-align: center;\" width=\"108\"><span style=\"font-family: arial, helvetica, sans-serif; font-size: 10pt;\">Microense\u00f1anza<\/span><\/td>\n<td style=\"background-color: #af4fdb; width: 108px;\" width=\"108\">\n<p style=\"text-align: center;\"><span style=\"font-family: arial, helvetica, sans-serif; font-size: 10pt;\">Traducci\u00f3n de Textos<\/span><\/p>\n<\/td>\n<\/tr>\n<tr>\n<td style=\"width: 108px; background-color: #ffcd57;\" width=\"108\">\n<p style=\"text-align: center;\"><span style=\"font-family: arial, helvetica, sans-serif; font-size: 10pt;\">Adquisici\u00f3n de un segundo idioma<\/span><\/p>\n<\/td>\n<td style=\"width: 108px; background-color: #ffcd57; text-align: center;\" width=\"108\"><span style=\"font-family: arial, helvetica, sans-serif; font-size: 10pt;\">\u00c9tica Profesional en la Ense\u00f1anza<\/span><\/td>\n<td style=\"background-color: #69c5f0; width: 108px; text-align: center;\" width=\"108\"><span style=\"font-family: arial, helvetica, sans-serif; font-size: 10pt;\">Did\u00e1ctica del Vocabulario y la Fonolog\u00eda<\/span><\/td>\n<td style=\"background-color: #af4fdb; width: 108px; text-align: center;\" width=\"108\"><span style=\"font-family: arial, helvetica, sans-serif; font-size: 10pt;\">Taller de Fundamentos de la Investigaci\u00f3n Educativa<\/span><\/td>\n<td style=\"background-color: #af4fdb; width: 108px; text-align: center;\" width=\"108\"><span style=\"font-family: arial, helvetica, sans-serif; font-size: 10pt;\">Dise\u00f1o de Proyecto de Investigaci\u00f3n e Innovaci\u00f3n<\/span><\/td>\n<td style=\"background-color: #af4fdb; width: 108px; text-align: center;\" width=\"108\"><span style=\"font-family: arial, helvetica, sans-serif; font-size: 10pt;\">Desarrollo del Proyecto de Investigaci\u00f3n e Innovaci\u00f3n<\/span><\/td>\n<td style=\"background-color: #69c5f0; width: 108px;\" width=\"108\">\n<p style=\"text-align: center;\"><span style=\"font-family: arial, helvetica, sans-serif; font-size: 10pt;\">Aprendizaje Integrado de Contenidos y Lenguas Extranjeras<\/span><\/p>\n<\/td>\n<\/tr>\n<tr>\n<td style=\"width: 108px; background-color: #ffcd57; text-align: center;\" width=\"108\"><span style=\"font-family: arial, helvetica, sans-serif; font-size: 10pt;\">Pensamiento Cr\u00edtico y Creativo<\/span><\/td>\n<td style=\"text-align: center;\" width=\"108\"><\/td>\n<td style=\"background-color: #69c5f0; width: 108px; text-align: center;\" width=\"108\"><span style=\"font-family: arial, helvetica, sans-serif; font-size: 10pt;\">Tecnolog\u00edas aplicadas en la ense\u00f1anza<\/span><\/td>\n<td style=\"text-align: center;\" width=\"108\"><\/td>\n<td style=\"background-color: #af4fdb; width: 108px; text-align: center;\" width=\"108\"><span style=\"font-family: arial, helvetica, sans-serif; font-size: 10pt;\">Taller de Dise\u00f1o de Proyecto de Investigaci\u00f3n e Innovaci\u00f3n<\/span><\/td>\n<td style=\"background-color: #af4fdb; width: 108px;\" width=\"108\">\n<p style=\"text-align: center;\"><span style=\"font-family: arial, helvetica, sans-serif; font-size: 10pt;\">Taller de Desarrollo del Proyecto de Investigaci\u00f3n e Innovaci\u00f3n<\/span><\/p>\n<\/td>\n<td width=\"108\"><\/td>\n<\/tr>\n<\/tbody>\n<\/table>\n<p><span style=\"color: #ffffff;\">.<\/span><\/p>\n<p><span style=\"color: #ffffff;\">&#8230;<\/span><\/p>\n<table class=\"aligncenter\" style=\"height: 80px; border-color: #999999; background-color: #ffffff;\" border=\"1\" width=\"245\">\n<tbody>\n<tr>\n<td style=\"background-color: #ffcd57; width: 28px;\" width=\"28\"><\/td>\n<td width=\"265\"><strong><span style=\"font-size: 10pt;\">\u00a0B\u00e1sico disciplinar<\/span><\/strong><\/td>\n<\/tr>\n<tr>\n<td style=\"background-color: #af4fdb; width: 28px;\" width=\"28\"><\/td>\n<td width=\"265\"><strong><span style=\"font-size: 10pt;\">\u00a0Investigaci\u00f3n y emprendimiento<\/span><\/strong><\/td>\n<\/tr>\n<tr>\n<td style=\"background-color: #69c5f0; width: 28px;\" width=\"28\"><\/td>\n<td width=\"265\"><strong><span style=\"font-size: 10pt;\">\u00a0Profesionalizante<\/span><\/strong><\/td>\n<\/tr>\n<\/tbody>\n<\/table>\n<p><span style=\"color: #ffffff;\">aaa.aa<\/span><\/p>\n<p style=\"text-align: justify;\">El programa educativo de la Universidad Aut\u00f3noma de Sinaloa adopta una perspectiva humanista y constructivista, enfatizando la singularidad de los estudiantes y su desarrollo cognitivo a trav\u00e9s de interacciones y experiencias personales. Prioriza a los estudiantes como centro del proceso educativo, promoviendo su participaci\u00f3n activa en la construcci\u00f3n de conocimiento. Este enfoque facilita un aprendizaje significativo que considera las caracter\u00edsticas individuales de los estudiantes, permiti\u00e9ndoles ser agentes activos en su propio desarrollo integral.<\/p>\n<table style=\"height: 159px;\" width=\"832\">\n<tbody>\n<tr>\n<td style=\"text-align: center;\"><img decoding=\"async\" data-attachment-id=\"571\" data-permalink=\"https:\/\/idiomasmazatlan.com\/portal\/licenciatura-en-ensenanza\/f\/\" data-orig-file=\"https:\/\/i0.wp.com\/idiomasmazatlan.com\/portal\/wp-content\/uploads\/2015\/09\/f.png?fit=98%2C98&amp;ssl=1\" data-orig-size=\"98,98\" data-comments-opened=\"0\" data-image-meta=\"{&quot;aperture&quot;:&quot;0&quot;,&quot;credit&quot;:&quot;&quot;,&quot;camera&quot;:&quot;&quot;,&quot;caption&quot;:&quot;&quot;,&quot;created_timestamp&quot;:&quot;0&quot;,&quot;copyright&quot;:&quot;&quot;,&quot;focal_length&quot;:&quot;0&quot;,&quot;iso&quot;:&quot;0&quot;,&quot;shutter_speed&quot;:&quot;0&quot;,&quot;title&quot;:&quot;&quot;,&quot;orientation&quot;:&quot;0&quot;}\" data-image-title=\"f\" data-image-description=\"\" data-image-caption=\"\" data-medium-file=\"https:\/\/i0.wp.com\/idiomasmazatlan.com\/portal\/wp-content\/uploads\/2015\/09\/f.png?fit=98%2C98&amp;ssl=1\" data-large-file=\"https:\/\/i0.wp.com\/idiomasmazatlan.com\/portal\/wp-content\/uploads\/2015\/09\/f.png?fit=98%2C98&amp;ssl=1\" tabindex=\"0\" role=\"button\" class=\"alignnone wp-image-571\" src=\"https:\/\/i0.wp.com\/idiomasmazatlan.com\/portal\/wp-content\/uploads\/2015\/09\/f.png?resize=45%2C45&#038;ssl=1\" alt=\"\" width=\"45\" height=\"45\" data-recalc-dims=\"1\" \/><\/td>\n<td><span style=\"font-size: 10pt;\">\u00a0 <a href=\"https:\/\/www.facebook.com\/BA-in-ELT-CEI-M-UAS-105817696108315\/\" target=\"_blank\" rel=\"noopener\">B.A. in E.L.T. CEI-M<\/a>\u00a0 \u00a0<\/span><\/td>\n<td><img decoding=\"async\" data-attachment-id=\"575\" data-permalink=\"https:\/\/idiomasmazatlan.com\/portal\/licenciatura-en-ensenanza\/t\/\" data-orig-file=\"https:\/\/i0.wp.com\/idiomasmazatlan.com\/portal\/wp-content\/uploads\/2015\/09\/t.png?fit=105%2C106&amp;ssl=1\" data-orig-size=\"105,106\" data-comments-opened=\"0\" data-image-meta=\"{&quot;aperture&quot;:&quot;0&quot;,&quot;credit&quot;:&quot;&quot;,&quot;camera&quot;:&quot;&quot;,&quot;caption&quot;:&quot;&quot;,&quot;created_timestamp&quot;:&quot;0&quot;,&quot;copyright&quot;:&quot;&quot;,&quot;focal_length&quot;:&quot;0&quot;,&quot;iso&quot;:&quot;0&quot;,&quot;shutter_speed&quot;:&quot;0&quot;,&quot;title&quot;:&quot;&quot;,&quot;orientation&quot;:&quot;0&quot;}\" data-image-title=\"t\" data-image-description=\"\" data-image-caption=\"\" data-medium-file=\"https:\/\/i0.wp.com\/idiomasmazatlan.com\/portal\/wp-content\/uploads\/2015\/09\/t.png?fit=105%2C106&amp;ssl=1\" data-large-file=\"https:\/\/i0.wp.com\/idiomasmazatlan.com\/portal\/wp-content\/uploads\/2015\/09\/t.png?fit=105%2C106&amp;ssl=1\" tabindex=\"0\" role=\"button\" class=\"alignnone wp-image-575\" src=\"https:\/\/i0.wp.com\/idiomasmazatlan.com\/portal\/wp-content\/uploads\/2015\/09\/t.png?resize=50%2C50&#038;ssl=1\" alt=\"\" width=\"50\" height=\"50\" data-recalc-dims=\"1\" \/><\/td>\n<td><span style=\"font-size: 10pt;\">\u00a0<a href=\"https:\/\/twitter.com\/ba_in_elt\" target=\"_blank\" rel=\"noopener\">@BA_in_ELT<\/a>\u00a0 \u00a0<\/span><\/td>\n<td><img decoding=\"async\" data-attachment-id=\"574\" data-permalink=\"https:\/\/idiomasmazatlan.com\/portal\/licenciatura-en-ensenanza\/i\/\" data-orig-file=\"https:\/\/i0.wp.com\/idiomasmazatlan.com\/portal\/wp-content\/uploads\/2015\/09\/i.png?fit=111%2C110&amp;ssl=1\" data-orig-size=\"111,110\" data-comments-opened=\"0\" data-image-meta=\"{&quot;aperture&quot;:&quot;0&quot;,&quot;credit&quot;:&quot;&quot;,&quot;camera&quot;:&quot;&quot;,&quot;caption&quot;:&quot;&quot;,&quot;created_timestamp&quot;:&quot;0&quot;,&quot;copyright&quot;:&quot;&quot;,&quot;focal_length&quot;:&quot;0&quot;,&quot;iso&quot;:&quot;0&quot;,&quot;shutter_speed&quot;:&quot;0&quot;,&quot;title&quot;:&quot;&quot;,&quot;orientation&quot;:&quot;0&quot;}\" data-image-title=\"i\" data-image-description=\"\" data-image-caption=\"\" data-medium-file=\"https:\/\/i0.wp.com\/idiomasmazatlan.com\/portal\/wp-content\/uploads\/2015\/09\/i.png?fit=111%2C110&amp;ssl=1\" data-large-file=\"https:\/\/i0.wp.com\/idiomasmazatlan.com\/portal\/wp-content\/uploads\/2015\/09\/i.png?fit=111%2C110&amp;ssl=1\" tabindex=\"0\" role=\"button\" class=\"alignnone wp-image-574\" src=\"https:\/\/i0.wp.com\/idiomasmazatlan.com\/portal\/wp-content\/uploads\/2015\/09\/i.png?resize=50%2C50&#038;ssl=1\" alt=\"\" width=\"50\" height=\"50\" data-recalc-dims=\"1\" \/><\/td>\n<td>\u00a0<span style=\"font-size: 10pt;\"><a href=\"https:\/\/www.instagram.com\/baineltmzt\/\" target=\"_blank\" rel=\"noopener\">@BAINELTMZT<\/a>\u00a0 \u00a0<\/span><\/td>\n<td>\u00a0<img loading=\"lazy\" decoding=\"async\" data-attachment-id=\"576\" data-permalink=\"https:\/\/idiomasmazatlan.com\/portal\/licenciatura-en-ensenanza\/y\/\" data-orig-file=\"https:\/\/i0.wp.com\/idiomasmazatlan.com\/portal\/wp-content\/uploads\/2015\/09\/y.png?fit=120%2C86&amp;ssl=1\" data-orig-size=\"120,86\" data-comments-opened=\"0\" data-image-meta=\"{&quot;aperture&quot;:&quot;0&quot;,&quot;credit&quot;:&quot;&quot;,&quot;camera&quot;:&quot;&quot;,&quot;caption&quot;:&quot;&quot;,&quot;created_timestamp&quot;:&quot;0&quot;,&quot;copyright&quot;:&quot;&quot;,&quot;focal_length&quot;:&quot;0&quot;,&quot;iso&quot;:&quot;0&quot;,&quot;shutter_speed&quot;:&quot;0&quot;,&quot;title&quot;:&quot;&quot;,&quot;orientation&quot;:&quot;0&quot;}\" data-image-title=\"y\" data-image-description=\"\" data-image-caption=\"\" data-medium-file=\"https:\/\/i0.wp.com\/idiomasmazatlan.com\/portal\/wp-content\/uploads\/2015\/09\/y.png?fit=120%2C86&amp;ssl=1\" data-large-file=\"https:\/\/i0.wp.com\/idiomasmazatlan.com\/portal\/wp-content\/uploads\/2015\/09\/y.png?fit=120%2C86&amp;ssl=1\" tabindex=\"0\" role=\"button\" class=\"alignnone wp-image-576\" src=\"https:\/\/i0.wp.com\/idiomasmazatlan.com\/portal\/wp-content\/uploads\/2015\/09\/y.png?resize=50%2C36&#038;ssl=1\" alt=\"\" width=\"50\" height=\"36\" data-recalc-dims=\"1\" \/><\/td>\n<td><span style=\"font-size: 10pt;\">\u00a0\u00a0<a class=\"spf-link branded-page-header-title-link yt-uix-sessionlink\" dir=\"ltr\" title=\"BA in ELT MZT\" href=\"https:\/\/www.youtube.com\/channel\/UCiNp7wtjlgxxOrFPZ9RNDSg\" data-sessionlink=\"ei=3BHLV5HGCovP-AOrz4-YCg\">BA in ELT MZT<\/a>\u00a0 \u00a0<\/span><\/td>\n<td><span style=\"font-size: 10pt;\">\u00a0<img loading=\"lazy\" decoding=\"async\" data-attachment-id=\"579\" data-permalink=\"https:\/\/idiomasmazatlan.com\/portal\/licenciatura-en-ensenanza\/2015cambridge\/\" data-orig-file=\"https:\/\/i0.wp.com\/idiomasmazatlan.com\/portal\/wp-content\/uploads\/2015\/09\/2015cambridge.png?fit=1967%2C2284&amp;ssl=1\" data-orig-size=\"1967,2284\" data-comments-opened=\"0\" data-image-meta=\"{&quot;aperture&quot;:&quot;0&quot;,&quot;credit&quot;:&quot;&quot;,&quot;camera&quot;:&quot;&quot;,&quot;caption&quot;:&quot;&quot;,&quot;created_timestamp&quot;:&quot;0&quot;,&quot;copyright&quot;:&quot;&quot;,&quot;focal_length&quot;:&quot;0&quot;,&quot;iso&quot;:&quot;0&quot;,&quot;shutter_speed&quot;:&quot;0&quot;,&quot;title&quot;:&quot;&quot;,&quot;orientation&quot;:&quot;0&quot;}\" data-image-title=\"2015cambridge\" data-image-description=\"\" data-image-caption=\"\" data-medium-file=\"https:\/\/i0.wp.com\/idiomasmazatlan.com\/portal\/wp-content\/uploads\/2015\/09\/2015cambridge.png?fit=258%2C300&amp;ssl=1\" data-large-file=\"https:\/\/i0.wp.com\/idiomasmazatlan.com\/portal\/wp-content\/uploads\/2015\/09\/2015cambridge.png?fit=700%2C813&amp;ssl=1\" tabindex=\"0\" role=\"button\" class=\"wp-image-579 alignnone\" src=\"https:\/\/i0.wp.com\/idiomasmazatlan.com\/portal\/wp-content\/uploads\/2015\/09\/2015cambridge.png?resize=124%2C144&#038;ssl=1\" alt=\"2015cambridge\" width=\"124\" height=\"144\" srcset=\"https:\/\/i0.wp.com\/idiomasmazatlan.com\/portal\/wp-content\/uploads\/2015\/09\/2015cambridge.png?resize=882%2C1024&amp;ssl=1 882w, https:\/\/i0.wp.com\/idiomasmazatlan.com\/portal\/wp-content\/uploads\/2015\/09\/2015cambridge.png?resize=258%2C300&amp;ssl=1 258w, https:\/\/i0.wp.com\/idiomasmazatlan.com\/portal\/wp-content\/uploads\/2015\/09\/2015cambridge.png?resize=225%2C261&amp;ssl=1 225w, https:\/\/i0.wp.com\/idiomasmazatlan.com\/portal\/wp-content\/uploads\/2015\/09\/2015cambridge.png?resize=392%2C455&amp;ssl=1 392w, https:\/\/i0.wp.com\/idiomasmazatlan.com\/portal\/wp-content\/uploads\/2015\/09\/2015cambridge.png?resize=700%2C813&amp;ssl=1 700w, https:\/\/i0.wp.com\/idiomasmazatlan.com\/portal\/wp-content\/uploads\/2015\/09\/2015cambridge.png?w=1967&amp;ssl=1 1967w, https:\/\/i0.wp.com\/idiomasmazatlan.com\/portal\/wp-content\/uploads\/2015\/09\/2015cambridge.png?w=1400&amp;ssl=1 1400w\" sizes=\"(max-width: 124px) 100vw, 124px\" data-recalc-dims=\"1\" \/><\/span><\/td>\n<\/tr>\n<\/tbody>\n<\/table>\n","protected":false},"excerpt":{"rendered":"<p>&lt;&lt; Regresar\u00a0<\/p>\n<p>Mapa curricular de la Licenciatura en Ense\u00f1anza del Idioma Ingl\u00e9s<\/p>\n<p style=\"text-align: center;\">Semestre<br \/>\nI<\/p>\n<p>Semestre<br \/>\nII<br \/>\nSemestre<br \/>\nIII<br \/>\nSemestre<br \/>\nIV<br \/>\nSemestre<br \/>\nV<br \/>\nSemestre<br \/>\nVI<br \/>\nSemestre<br \/>\nVII<\/p>\n<p style=\"text-align: center;\">Semestre<br \/>\nVIII<\/p>\n<p style=\"text-align: center;\">Habilidades para la lectura y redacci\u00f3n de textos acad\u00e9micos<\/p>\n<p>Psicolog\u00eda en la ense\u00f1anza del idioma ingl\u00e9s<br \/>\nAn\u00e1lisis del Discurso<br \/>\nDise\u00f1o y Evaluaci\u00f3n &#8230;<\/p>\n","protected":false},"author":1,"featured_media":0,"parent":0,"menu_order":0,"comment_status":"closed","ping_status":"closed","template":"page-full.php","meta":{"jetpack_post_was_ever_published":false,"footnotes":""},"categories":[12],"class_list":["post-537","page","type-page","status-publish","hentry","category-paginas-licenciatura-ingles"],"jetpack_sharing_enabled":true,"jetpack_shortlink":"https:\/\/wp.me\/P720zc-8F","jetpack-related-posts":[],"_links":{"self":[{"href":"https:\/\/idiomasmazatlan.com\/portal\/wp-json\/wp\/v2\/pages\/537","targetHints":{"allow":["GET"]}}],"collection":[{"href":"https:\/\/idiomasmazatlan.com\/portal\/wp-json\/wp\/v2\/pages"}],"about":[{"href":"https:\/\/idiomasmazatlan.com\/portal\/wp-json\/wp\/v2\/types\/page"}],"author":[{"embeddable":true,"href":"https:\/\/idiomasmazatlan.com\/portal\/wp-json\/wp\/v2\/users\/1"}],"replies":[{"embeddable":true,"href":"https:\/\/idiomasmazatlan.com\/portal\/wp-json\/wp\/v2\/comments?post=537"}],"version-history":[{"count":31,"href":"https:\/\/idiomasmazatlan.com\/portal\/wp-json\/wp\/v2\/pages\/537\/revisions"}],"predecessor-version":[{"id":1810,"href":"https:\/\/idiomasmazatlan.com\/portal\/wp-json\/wp\/v2\/pages\/537\/revisions\/1810"}],"wp:attachment":[{"href":"https:\/\/idiomasmazatlan.com\/portal\/wp-json\/wp\/v2\/media?parent=537"}],"wp:term":[{"taxonomy":"category","embeddable":true,"href":"https:\/\/idiomasmazatlan.com\/portal\/wp-json\/wp\/v2\/categories?post=537"}],"curies":[{"name":"wp","href":"https:\/\/api.w.org\/{rel}","templated":true}]}}