{"id":60,"date":"2015-09-21T17:55:27","date_gmt":"2015-09-21T17:55:27","guid":{"rendered":"http:\/\/idiomasmazatlan.com\/portal\/?page_id=60"},"modified":"2016-01-12T22:50:00","modified_gmt":"2016-01-12T22:50:00","slug":"pisi-ingles-para-ninos","status":"publish","type":"page","link":"https:\/\/idiomasmazatlan.com\/portal\/pisi-ingles-para-ninos\/","title":{"rendered":"Programa Infantil Sabatino de Ingl\u00e9s (PISI)"},"content":{"rendered":"<h3 style=\"text-align: justify;\"><span style=\"color: #800080;\"><strong><em><span style=\"text-decoration: underline;\">PROGRAMA INFANTIL SABATINO DE INGLES<\/span><\/em><\/strong><\/span><\/h3>\n<h3 style=\"text-align: justify;\"><span style=\"color: #800080;\"><strong>OBJETIVOS DEL P.I.S.I.- <\/strong>\u201cFomentar el gusto por el aprendizaje del idioma ingl\u00e9s, a trav\u00e9s de m\u00e9todos y estrategias de ense\u00f1anza internacionales que logren el optimo aprendizaje de la lengua, mediante actividades adecuadas para ellos y que comprendan los beneficios que se obtienen al poder comunicarse con personas de otros pa\u00edses, en otra lengua\u201d.<\/span><\/h3>\n<h3 style=\"text-align: justify;\"><span style=\"color: #800080;\">PISI se divide en dos niveles: <strong>CHILDREN Y JUNIOR <\/strong><\/span><\/h3>\n<h3 style=\"text-align: justify;\"><span style=\"color: #800080;\"><strong>CHILDREN: (Edades de 8 a 10 a\u00f1os) y JUNIOR: (Edades de 11 a 13 a\u00f1os).<\/strong><\/span><\/h3>\n<h3 style=\"text-align: justify;\"><span style=\"color: #800080;\">Ambos programas inician con el nivel de ingl\u00e9s b\u00e1sico, pero con libros y actividades adecuadas para cada edad. Ambos trabajan seis niveles semestrales.<\/span><\/h3>\n<h3 style=\"text-align: justify;\"><span style=\"color: #800080;\">PISI trabaja solamente los s\u00e1bados en dos horarios:<\/span><\/h3>\n<h3 style=\"text-align: justify;\"><span style=\"color: #800080;\"><strong>Matutino\u00a0 9:00 a 12:30 horas\u00a0\u00a0\u00a0\u00a0\u00a0\u00a0\u00a0\u00a0\u00a0\u00a0 Vespertino 14:00 a 17:30 horas<\/strong><\/span><\/h3>\n","protected":false},"excerpt":{"rendered":"<p>PROGRAMA INFANTIL SABATINO DE INGLES<br \/>\nOBJETIVOS DEL P.I.S.I.- \u201cFomentar el gusto por el aprendizaje del idioma ingl\u00e9s, a trav\u00e9s de m\u00e9todos y estrategias de ense\u00f1anza internacionales que logren el optimo aprendizaje de la lengua, mediante actividades &#8230;<\/p>\n","protected":false},"author":1,"featured_media":137,"parent":0,"menu_order":0,"comment_status":"open","ping_status":"closed","template":"page-oferta-educativa-default.php","meta":{"jetpack_post_was_ever_published":false,"footnotes":""},"categories":[5],"class_list":["post-60","page","type-page","status-publish","has-post-thumbnail","hentry","category-paginas-oferta-educativa"],"jetpack_sharing_enabled":true,"jetpack_shortlink":"https:\/\/wp.me\/P720zc-Y","jetpack-related-posts":[],"_links":{"self":[{"href":"https:\/\/idiomasmazatlan.com\/portal\/wp-json\/wp\/v2\/pages\/60","targetHints":{"allow":["GET"]}}],"collection":[{"href":"https:\/\/idiomasmazatlan.com\/portal\/wp-json\/wp\/v2\/pages"}],"about":[{"href":"https:\/\/idiomasmazatlan.com\/portal\/wp-json\/wp\/v2\/types\/page"}],"author":[{"embeddable":true,"href":"https:\/\/idiomasmazatlan.com\/portal\/wp-json\/wp\/v2\/users\/1"}],"replies":[{"embeddable":true,"href":"https:\/\/idiomasmazatlan.com\/portal\/wp-json\/wp\/v2\/comments?post=60"}],"version-history":[{"count":3,"href":"https:\/\/idiomasmazatlan.com\/portal\/wp-json\/wp\/v2\/pages\/60\/revisions"}],"predecessor-version":[{"id":267,"href":"https:\/\/idiomasmazatlan.com\/portal\/wp-json\/wp\/v2\/pages\/60\/revisions\/267"}],"wp:featuredmedia":[{"embeddable":true,"href":"https:\/\/idiomasmazatlan.com\/portal\/wp-json\/wp\/v2\/media\/137"}],"wp:attachment":[{"href":"https:\/\/idiomasmazatlan.com\/portal\/wp-json\/wp\/v2\/media?parent=60"}],"wp:term":[{"taxonomy":"category","embeddable":true,"href":"https:\/\/idiomasmazatlan.com\/portal\/wp-json\/wp\/v2\/categories?post=60"}],"curies":[{"name":"wp","href":"https:\/\/api.w.org\/{rel}","templated":true}]}}