{"id":615,"date":"2016-09-21T03:27:02","date_gmt":"2016-09-21T03:27:02","guid":{"rendered":"http:\/\/idiomasmazatlan.com\/portal\/?page_id=615"},"modified":"2024-02-04T00:18:05","modified_gmt":"2024-02-04T00:18:05","slug":"mision-y-vision-2","status":"publish","type":"page","link":"https:\/\/idiomasmazatlan.com\/portal\/mision-y-vision-2\/","title":{"rendered":"Nuestra Misi\u00f3n y Visi\u00f3n"},"content":{"rendered":"<p><strong>Misi\u00f3n<\/strong><\/p>\n<p style=\"text-align: justify;\">Inspirar a futuros educadores de ingl\u00e9s a trav\u00e9s de un programa acad\u00e9mico de vanguardia, fundamentado en el Modelo Educativo UAS 2022 y el Plan de Desarrollo Institucional con Visi\u00f3n de Futuro 2025, comprometidos con la excelencia, la innovaci\u00f3n pedag\u00f3gica y la responsabilidad social. Nos dedicamos a desarrollar profesionales \u00edntegros, cr\u00edticos y creativos, capaces de enfrentar los desaf\u00edos de un mundo globalizado, promoviendo un aprendizaje significativo e inclusivo, y contribuyendo al desarrollo sustentable y la justicia social.<\/p>\n<p style=\"text-align: justify;\"><strong>V<\/strong><b>isi\u00f3n<\/b><\/p>\n<p style=\"text-align: justify;\">Ser un programa l\u00edder en la formaci\u00f3n de docentes de ingl\u00e9s, reconocido por su excelencia acad\u00e9mica, innovaci\u00f3n pedag\u00f3gica y compromiso \u00e9tico. Aspiramos a que nuestros egresados sean referentes en la ense\u00f1anza del ingl\u00e9s, con un perfil profesional que refleje los valores y competencias sello UAS, impulsando el avance educativo y cultural a nivel nacional e internacional.<\/p>\n<p><strong>Valores UAS<\/strong><\/p>\n<p>Estos valores fundamentan el compromiso de la Universidad Aut\u00f3noma de Sinaloa con una educaci\u00f3n integral, \u00e9tica y de excelencia, reflejando nuestra visi\u00f3n de contribuir al desarrollo humano, social y profesional de nuestros estudiantes.<br \/>\nLa calidad, la innovaci\u00f3n, la congruencia con su naturaleza acad\u00e9mica, la pertinencia en relaci\u00f3n con las necesidades del pa\u00eds, la equidad educativa e igualdad de g\u00e9nero, el humanismo, el compromiso con la construcci\u00f3n de una sociedad mejor, y la autonom\u00eda responsable se desprenden de los siguientes valores:<\/p>\n<ul>\n<li>Intelecto \/ conocimiento<\/li>\n<li>Social \/ comunicario<\/li>\n<li>\u00c9tico \/ moral<\/li>\n<li>F\u00edsico \/ biol\u00f3gico<\/li>\n<li>Est\u00e9tico \/ belleza<\/li>\n<li>Econ\u00f3mico \/ bienes materiales<\/li>\n<li>Afectivo \/ amistad<\/li>\n<li>Espiritual \/ trascendente<\/li>\n<\/ul>\n<p><b>\u00a0<\/b><\/p>\n<table style=\"height: 159px;\" width=\"832\">\n<tbody>\n<tr>\n<td style=\"text-align: center;\"><img decoding=\"async\" data-attachment-id=\"571\" data-permalink=\"https:\/\/idiomasmazatlan.com\/portal\/licenciatura-en-ensenanza\/f\/\" data-orig-file=\"https:\/\/i0.wp.com\/idiomasmazatlan.com\/portal\/wp-content\/uploads\/2015\/09\/f.png?fit=98%2C98&amp;ssl=1\" data-orig-size=\"98,98\" data-comments-opened=\"0\" data-image-meta=\"{&quot;aperture&quot;:&quot;0&quot;,&quot;credit&quot;:&quot;&quot;,&quot;camera&quot;:&quot;&quot;,&quot;caption&quot;:&quot;&quot;,&quot;created_timestamp&quot;:&quot;0&quot;,&quot;copyright&quot;:&quot;&quot;,&quot;focal_length&quot;:&quot;0&quot;,&quot;iso&quot;:&quot;0&quot;,&quot;shutter_speed&quot;:&quot;0&quot;,&quot;title&quot;:&quot;&quot;,&quot;orientation&quot;:&quot;0&quot;}\" data-image-title=\"f\" data-image-description=\"\" data-image-caption=\"\" data-medium-file=\"https:\/\/i0.wp.com\/idiomasmazatlan.com\/portal\/wp-content\/uploads\/2015\/09\/f.png?fit=98%2C98&amp;ssl=1\" data-large-file=\"https:\/\/i0.wp.com\/idiomasmazatlan.com\/portal\/wp-content\/uploads\/2015\/09\/f.png?fit=98%2C98&amp;ssl=1\" tabindex=\"0\" role=\"button\" class=\"alignnone wp-image-571\" src=\"https:\/\/i0.wp.com\/idiomasmazatlan.com\/portal\/wp-content\/uploads\/2015\/09\/f.png?resize=45%2C45&#038;ssl=1\" alt=\"\" width=\"45\" height=\"45\" data-recalc-dims=\"1\" \/><\/td>\n<td><span style=\"font-size: 10pt;\">\u00a0 <a href=\"https:\/\/www.facebook.com\/BA-in-ELT-CEI-M-UAS-105817696108315\/\" target=\"_blank\" rel=\"noopener\">B.A. in E.L.T. CEI-M<\/a>\u00a0 \u00a0<\/span><\/td>\n<td><img decoding=\"async\" data-attachment-id=\"575\" data-permalink=\"https:\/\/idiomasmazatlan.com\/portal\/licenciatura-en-ensenanza\/t\/\" data-orig-file=\"https:\/\/i0.wp.com\/idiomasmazatlan.com\/portal\/wp-content\/uploads\/2015\/09\/t.png?fit=105%2C106&amp;ssl=1\" data-orig-size=\"105,106\" data-comments-opened=\"0\" data-image-meta=\"{&quot;aperture&quot;:&quot;0&quot;,&quot;credit&quot;:&quot;&quot;,&quot;camera&quot;:&quot;&quot;,&quot;caption&quot;:&quot;&quot;,&quot;created_timestamp&quot;:&quot;0&quot;,&quot;copyright&quot;:&quot;&quot;,&quot;focal_length&quot;:&quot;0&quot;,&quot;iso&quot;:&quot;0&quot;,&quot;shutter_speed&quot;:&quot;0&quot;,&quot;title&quot;:&quot;&quot;,&quot;orientation&quot;:&quot;0&quot;}\" data-image-title=\"t\" data-image-description=\"\" data-image-caption=\"\" data-medium-file=\"https:\/\/i0.wp.com\/idiomasmazatlan.com\/portal\/wp-content\/uploads\/2015\/09\/t.png?fit=105%2C106&amp;ssl=1\" data-large-file=\"https:\/\/i0.wp.com\/idiomasmazatlan.com\/portal\/wp-content\/uploads\/2015\/09\/t.png?fit=105%2C106&amp;ssl=1\" tabindex=\"0\" role=\"button\" class=\"alignnone wp-image-575\" src=\"https:\/\/i0.wp.com\/idiomasmazatlan.com\/portal\/wp-content\/uploads\/2015\/09\/t.png?resize=50%2C50&#038;ssl=1\" alt=\"\" width=\"50\" height=\"50\" data-recalc-dims=\"1\" \/><\/td>\n<td><span style=\"font-size: 10pt;\">\u00a0<a href=\"https:\/\/twitter.com\/ba_in_elt\" target=\"_blank\" rel=\"noopener\">@BA_in_ELT<\/a>\u00a0 \u00a0<\/span><\/td>\n<td><img decoding=\"async\" data-attachment-id=\"574\" data-permalink=\"https:\/\/idiomasmazatlan.com\/portal\/licenciatura-en-ensenanza\/i\/\" data-orig-file=\"https:\/\/i0.wp.com\/idiomasmazatlan.com\/portal\/wp-content\/uploads\/2015\/09\/i.png?fit=111%2C110&amp;ssl=1\" data-orig-size=\"111,110\" data-comments-opened=\"0\" data-image-meta=\"{&quot;aperture&quot;:&quot;0&quot;,&quot;credit&quot;:&quot;&quot;,&quot;camera&quot;:&quot;&quot;,&quot;caption&quot;:&quot;&quot;,&quot;created_timestamp&quot;:&quot;0&quot;,&quot;copyright&quot;:&quot;&quot;,&quot;focal_length&quot;:&quot;0&quot;,&quot;iso&quot;:&quot;0&quot;,&quot;shutter_speed&quot;:&quot;0&quot;,&quot;title&quot;:&quot;&quot;,&quot;orientation&quot;:&quot;0&quot;}\" data-image-title=\"i\" data-image-description=\"\" data-image-caption=\"\" data-medium-file=\"https:\/\/i0.wp.com\/idiomasmazatlan.com\/portal\/wp-content\/uploads\/2015\/09\/i.png?fit=111%2C110&amp;ssl=1\" data-large-file=\"https:\/\/i0.wp.com\/idiomasmazatlan.com\/portal\/wp-content\/uploads\/2015\/09\/i.png?fit=111%2C110&amp;ssl=1\" tabindex=\"0\" role=\"button\" class=\"alignnone wp-image-574\" src=\"https:\/\/i0.wp.com\/idiomasmazatlan.com\/portal\/wp-content\/uploads\/2015\/09\/i.png?resize=50%2C50&#038;ssl=1\" alt=\"\" width=\"50\" height=\"50\" data-recalc-dims=\"1\" \/><\/td>\n<td>\u00a0<span style=\"font-size: 10pt;\"><a href=\"https:\/\/www.instagram.com\/baineltmzt\/\" target=\"_blank\" rel=\"noopener\">@BAINELTMZT<\/a>\u00a0 \u00a0<\/span><\/td>\n<td>\u00a0<img loading=\"lazy\" decoding=\"async\" data-attachment-id=\"576\" data-permalink=\"https:\/\/idiomasmazatlan.com\/portal\/licenciatura-en-ensenanza\/y\/\" data-orig-file=\"https:\/\/i0.wp.com\/idiomasmazatlan.com\/portal\/wp-content\/uploads\/2015\/09\/y.png?fit=120%2C86&amp;ssl=1\" data-orig-size=\"120,86\" data-comments-opened=\"0\" data-image-meta=\"{&quot;aperture&quot;:&quot;0&quot;,&quot;credit&quot;:&quot;&quot;,&quot;camera&quot;:&quot;&quot;,&quot;caption&quot;:&quot;&quot;,&quot;created_timestamp&quot;:&quot;0&quot;,&quot;copyright&quot;:&quot;&quot;,&quot;focal_length&quot;:&quot;0&quot;,&quot;iso&quot;:&quot;0&quot;,&quot;shutter_speed&quot;:&quot;0&quot;,&quot;title&quot;:&quot;&quot;,&quot;orientation&quot;:&quot;0&quot;}\" data-image-title=\"y\" data-image-description=\"\" data-image-caption=\"\" data-medium-file=\"https:\/\/i0.wp.com\/idiomasmazatlan.com\/portal\/wp-content\/uploads\/2015\/09\/y.png?fit=120%2C86&amp;ssl=1\" data-large-file=\"https:\/\/i0.wp.com\/idiomasmazatlan.com\/portal\/wp-content\/uploads\/2015\/09\/y.png?fit=120%2C86&amp;ssl=1\" tabindex=\"0\" role=\"button\" class=\"alignnone wp-image-576\" src=\"https:\/\/i0.wp.com\/idiomasmazatlan.com\/portal\/wp-content\/uploads\/2015\/09\/y.png?resize=50%2C36&#038;ssl=1\" alt=\"\" width=\"50\" height=\"36\" data-recalc-dims=\"1\" \/><\/td>\n<td><span style=\"font-size: 10pt;\">\u00a0\u00a0<a class=\"spf-link branded-page-header-title-link yt-uix-sessionlink\" dir=\"ltr\" title=\"BA in ELT MZT\" href=\"https:\/\/www.youtube.com\/channel\/UCiNp7wtjlgxxOrFPZ9RNDSg\" data-sessionlink=\"ei=3BHLV5HGCovP-AOrz4-YCg\">BA in ELT MZT<\/a>\u00a0 \u00a0<\/span><\/td>\n<td><span style=\"font-size: 10pt;\">\u00a0<img loading=\"lazy\" decoding=\"async\" data-attachment-id=\"579\" data-permalink=\"https:\/\/idiomasmazatlan.com\/portal\/licenciatura-en-ensenanza\/2015cambridge\/\" data-orig-file=\"https:\/\/i0.wp.com\/idiomasmazatlan.com\/portal\/wp-content\/uploads\/2015\/09\/2015cambridge.png?fit=1967%2C2284&amp;ssl=1\" data-orig-size=\"1967,2284\" data-comments-opened=\"0\" data-image-meta=\"{&quot;aperture&quot;:&quot;0&quot;,&quot;credit&quot;:&quot;&quot;,&quot;camera&quot;:&quot;&quot;,&quot;caption&quot;:&quot;&quot;,&quot;created_timestamp&quot;:&quot;0&quot;,&quot;copyright&quot;:&quot;&quot;,&quot;focal_length&quot;:&quot;0&quot;,&quot;iso&quot;:&quot;0&quot;,&quot;shutter_speed&quot;:&quot;0&quot;,&quot;title&quot;:&quot;&quot;,&quot;orientation&quot;:&quot;0&quot;}\" data-image-title=\"2015cambridge\" data-image-description=\"\" data-image-caption=\"\" data-medium-file=\"https:\/\/i0.wp.com\/idiomasmazatlan.com\/portal\/wp-content\/uploads\/2015\/09\/2015cambridge.png?fit=258%2C300&amp;ssl=1\" data-large-file=\"https:\/\/i0.wp.com\/idiomasmazatlan.com\/portal\/wp-content\/uploads\/2015\/09\/2015cambridge.png?fit=700%2C813&amp;ssl=1\" tabindex=\"0\" role=\"button\" class=\"wp-image-579 alignnone\" src=\"https:\/\/i0.wp.com\/idiomasmazatlan.com\/portal\/wp-content\/uploads\/2015\/09\/2015cambridge.png?resize=124%2C144&#038;ssl=1\" alt=\"2015cambridge\" width=\"124\" height=\"144\" srcset=\"https:\/\/i0.wp.com\/idiomasmazatlan.com\/portal\/wp-content\/uploads\/2015\/09\/2015cambridge.png?resize=882%2C1024&amp;ssl=1 882w, https:\/\/i0.wp.com\/idiomasmazatlan.com\/portal\/wp-content\/uploads\/2015\/09\/2015cambridge.png?resize=258%2C300&amp;ssl=1 258w, https:\/\/i0.wp.com\/idiomasmazatlan.com\/portal\/wp-content\/uploads\/2015\/09\/2015cambridge.png?resize=225%2C261&amp;ssl=1 225w, https:\/\/i0.wp.com\/idiomasmazatlan.com\/portal\/wp-content\/uploads\/2015\/09\/2015cambridge.png?resize=392%2C455&amp;ssl=1 392w, https:\/\/i0.wp.com\/idiomasmazatlan.com\/portal\/wp-content\/uploads\/2015\/09\/2015cambridge.png?resize=700%2C813&amp;ssl=1 700w, https:\/\/i0.wp.com\/idiomasmazatlan.com\/portal\/wp-content\/uploads\/2015\/09\/2015cambridge.png?w=1967&amp;ssl=1 1967w, https:\/\/i0.wp.com\/idiomasmazatlan.com\/portal\/wp-content\/uploads\/2015\/09\/2015cambridge.png?w=1400&amp;ssl=1 1400w\" sizes=\"(max-width: 124px) 100vw, 124px\" data-recalc-dims=\"1\" \/><\/span><\/td>\n<\/tr>\n<\/tbody>\n<\/table>\n","protected":false},"excerpt":{"rendered":"<p>Misi\u00f3n<\/p>\n<p style=\"text-align: justify;\">Inspirar a futuros educadores de ingl\u00e9s a trav\u00e9s de un programa acad\u00e9mico de vanguardia, fundamentado en el Modelo Educativo UAS 2022 y el Plan de Desarrollo Institucional con Visi\u00f3n de Futuro 2025, comprometidos &#8230;<\/p>\n","protected":false},"author":3,"featured_media":0,"parent":0,"menu_order":0,"comment_status":"closed","ping_status":"closed","template":"","meta":{"jetpack_post_was_ever_published":false,"footnotes":""},"categories":[12],"class_list":["post-615","page","type-page","status-publish","hentry","category-paginas-licenciatura-ingles"],"jetpack_sharing_enabled":true,"jetpack_shortlink":"https:\/\/wp.me\/P720zc-9V","jetpack-related-posts":[],"_links":{"self":[{"href":"https:\/\/idiomasmazatlan.com\/portal\/wp-json\/wp\/v2\/pages\/615","targetHints":{"allow":["GET"]}}],"collection":[{"href":"https:\/\/idiomasmazatlan.com\/portal\/wp-json\/wp\/v2\/pages"}],"about":[{"href":"https:\/\/idiomasmazatlan.com\/portal\/wp-json\/wp\/v2\/types\/page"}],"author":[{"embeddable":true,"href":"https:\/\/idiomasmazatlan.com\/portal\/wp-json\/wp\/v2\/users\/3"}],"replies":[{"embeddable":true,"href":"https:\/\/idiomasmazatlan.com\/portal\/wp-json\/wp\/v2\/comments?post=615"}],"version-history":[{"count":14,"href":"https:\/\/idiomasmazatlan.com\/portal\/wp-json\/wp\/v2\/pages\/615\/revisions"}],"predecessor-version":[{"id":1757,"href":"https:\/\/idiomasmazatlan.com\/portal\/wp-json\/wp\/v2\/pages\/615\/revisions\/1757"}],"wp:attachment":[{"href":"https:\/\/idiomasmazatlan.com\/portal\/wp-json\/wp\/v2\/media?parent=615"}],"wp:term":[{"taxonomy":"category","embeddable":true,"href":"https:\/\/idiomasmazatlan.com\/portal\/wp-json\/wp\/v2\/categories?post=615"}],"curies":[{"name":"wp","href":"https:\/\/api.w.org\/{rel}","templated":true}]}}