{"id":70,"date":"2015-09-21T18:14:06","date_gmt":"2015-09-21T18:14:06","guid":{"rendered":"http:\/\/idiomasmazatlan.com\/portal\/?page_id=70"},"modified":"2016-01-12T22:44:42","modified_gmt":"2016-01-12T22:44:42","slug":"curso-intensivo-de-ingles","status":"publish","type":"page","link":"https:\/\/idiomasmazatlan.com\/portal\/curso-intensivo-de-ingles\/","title":{"rendered":"Curso Intensivo de Ingl\u00e9s"},"content":{"rendered":"<p><span style=\"color: #800080;\"><strong><em><span style=\"text-decoration: underline;\">CURSO INTENSIVO DE INGL\u00c9S:<\/span><\/em><\/strong> 2 horas diarias de lunes a viernes en los horarios de 7:00 a 9:00 AM\u00a0\u00a0 12:00 a 2:00 PM\u00a0 \u00f3 de\u00a0 7:00 a 9:00 PM.<\/span><\/p>\n<p><span style=\"color: #800080;\">Duraci\u00f3n del curso: 5 trimestres.<\/span><\/p>\n<p><span style=\"color: #800080;\">En el \u00e1rea del idioma ingl\u00e9s se cuenta con cuatro <strong><em><span style=\"text-decoration: underline;\">NIVELES DE AVANZADO<\/span><\/em><\/strong> mismos que podr\u00e1s tomar despu\u00e9s de haber terminado el curso completo de Ingl\u00e9s. Estos cursos son opcionales y al igual que el programa regular se llevan trimestralmente.<\/span><\/p>\n<p><span style=\"color: #800080;\">Duraci\u00f3n del curso: 4 trimestres.<\/span><\/p>\n","protected":false},"excerpt":{"rendered":"<p>CURSO INTENSIVO DE INGL\u00c9S: 2 horas diarias de lunes a viernes en los horarios de 7:00 a 9:00 AM\u00a0\u00a0 12:00 a 2:00 PM\u00a0 \u00f3 de\u00a0 7:00 a 9:00 PM.<\/p>\n<p>Duraci\u00f3n del curso: 5 trimestres.<\/p>\n<p>En el \u00e1rea &#8230;<\/p>\n","protected":false},"author":1,"featured_media":190,"parent":0,"menu_order":0,"comment_status":"open","ping_status":"closed","template":"page-oferta-educativa-default.php","meta":{"jetpack_post_was_ever_published":false,"footnotes":""},"categories":[5,8],"class_list":["post-70","page","type-page","status-publish","has-post-thumbnail","hentry","category-paginas-oferta-educativa","category-visible"],"jetpack_sharing_enabled":true,"jetpack_shortlink":"https:\/\/wp.me\/P720zc-18","jetpack-related-posts":[],"_links":{"self":[{"href":"https:\/\/idiomasmazatlan.com\/portal\/wp-json\/wp\/v2\/pages\/70","targetHints":{"allow":["GET"]}}],"collection":[{"href":"https:\/\/idiomasmazatlan.com\/portal\/wp-json\/wp\/v2\/pages"}],"about":[{"href":"https:\/\/idiomasmazatlan.com\/portal\/wp-json\/wp\/v2\/types\/page"}],"author":[{"embeddable":true,"href":"https:\/\/idiomasmazatlan.com\/portal\/wp-json\/wp\/v2\/users\/1"}],"replies":[{"embeddable":true,"href":"https:\/\/idiomasmazatlan.com\/portal\/wp-json\/wp\/v2\/comments?post=70"}],"version-history":[{"count":2,"href":"https:\/\/idiomasmazatlan.com\/portal\/wp-json\/wp\/v2\/pages\/70\/revisions"}],"predecessor-version":[{"id":259,"href":"https:\/\/idiomasmazatlan.com\/portal\/wp-json\/wp\/v2\/pages\/70\/revisions\/259"}],"wp:featuredmedia":[{"embeddable":true,"href":"https:\/\/idiomasmazatlan.com\/portal\/wp-json\/wp\/v2\/media\/190"}],"wp:attachment":[{"href":"https:\/\/idiomasmazatlan.com\/portal\/wp-json\/wp\/v2\/media?parent=70"}],"wp:term":[{"taxonomy":"category","embeddable":true,"href":"https:\/\/idiomasmazatlan.com\/portal\/wp-json\/wp\/v2\/categories?post=70"}],"curies":[{"name":"wp","href":"https:\/\/api.w.org\/{rel}","templated":true}]}}