{"id":72,"date":"2015-09-21T18:15:21","date_gmt":"2015-09-21T18:15:21","guid":{"rendered":"http:\/\/idiomasmazatlan.com\/portal\/?page_id=72"},"modified":"2016-01-12T22:52:56","modified_gmt":"2016-01-12T22:52:56","slug":"curso-sabatino-de-ingles-pisa","status":"publish","type":"page","link":"https:\/\/idiomasmazatlan.com\/portal\/curso-sabatino-de-ingles-pisa\/","title":{"rendered":"Curso Sabatino de Ingl\u00e9s (PISA)"},"content":{"rendered":"<h3><span style=\"color: #800080;\"><strong><em><span style=\"text-decoration: underline;\">CURSO SABATINO DE INGL\u00c9S (PISA)<\/span><\/em><\/strong><span style=\"text-decoration: underline;\">:<\/span> edad m\u00ednima 14 a\u00f1os.<\/span><\/h3>\n<h3><span style=\"color: #800080;\">Duraci\u00f3n 7 semestres (tres a\u00f1os y medio). Horario de 2:00 a 6:00 PM.<\/span><\/h3>\n","protected":false},"excerpt":{"rendered":"<p>CURSO SABATINO DE INGL\u00c9S (PISA): edad m\u00ednima 14 a\u00f1os.<br \/>\nDuraci\u00f3n 7 semestres (tres a\u00f1os y medio). Horario de 2:00 a 6:00 PM.<\/p>\n","protected":false},"author":1,"featured_media":73,"parent":0,"menu_order":0,"comment_status":"open","ping_status":"closed","template":"page-oferta-educativa-default.php","meta":{"jetpack_post_was_ever_published":false,"footnotes":""},"categories":[5],"class_list":["post-72","page","type-page","status-publish","has-post-thumbnail","hentry","category-paginas-oferta-educativa"],"jetpack_sharing_enabled":true,"jetpack_shortlink":"https:\/\/wp.me\/P720zc-1a","jetpack-related-posts":[],"_links":{"self":[{"href":"https:\/\/idiomasmazatlan.com\/portal\/wp-json\/wp\/v2\/pages\/72","targetHints":{"allow":["GET"]}}],"collection":[{"href":"https:\/\/idiomasmazatlan.com\/portal\/wp-json\/wp\/v2\/pages"}],"about":[{"href":"https:\/\/idiomasmazatlan.com\/portal\/wp-json\/wp\/v2\/types\/page"}],"author":[{"embeddable":true,"href":"https:\/\/idiomasmazatlan.com\/portal\/wp-json\/wp\/v2\/users\/1"}],"replies":[{"embeddable":true,"href":"https:\/\/idiomasmazatlan.com\/portal\/wp-json\/wp\/v2\/comments?post=72"}],"version-history":[{"count":3,"href":"https:\/\/idiomasmazatlan.com\/portal\/wp-json\/wp\/v2\/pages\/72\/revisions"}],"predecessor-version":[{"id":268,"href":"https:\/\/idiomasmazatlan.com\/portal\/wp-json\/wp\/v2\/pages\/72\/revisions\/268"}],"wp:featuredmedia":[{"embeddable":true,"href":"https:\/\/idiomasmazatlan.com\/portal\/wp-json\/wp\/v2\/media\/73"}],"wp:attachment":[{"href":"https:\/\/idiomasmazatlan.com\/portal\/wp-json\/wp\/v2\/media?parent=72"}],"wp:term":[{"taxonomy":"category","embeddable":true,"href":"https:\/\/idiomasmazatlan.com\/portal\/wp-json\/wp\/v2\/categories?post=72"}],"curies":[{"name":"wp","href":"https:\/\/api.w.org\/{rel}","templated":true}]}}