{"id":736,"date":"2016-11-19T19:28:42","date_gmt":"2016-11-19T19:28:42","guid":{"rendered":"http:\/\/idiomasmazatlan.com\/portal\/?page_id=736"},"modified":"2024-02-04T01:40:54","modified_gmt":"2024-02-04T01:40:54","slug":"etica-academica","status":"publish","type":"page","link":"https:\/\/idiomasmazatlan.com\/portal\/licenciatura-en-ensenanza\/etica-academica\/","title":{"rendered":"C\u00f3digo de \u00c9tica"},"content":{"rendered":"\n<p><strong>El deber ser del Universitario UAS<\/strong><\/p>\n\n\n<div class=\"page\" title=\"Page 26\">\n<div class=\"layoutArea\">\n<div class=\"column\">\n<p>A partir de los valores universitarios, surge el C\u00f3digo de \u00c9tica, tambi\u00e9n plasmado en el Plan de Desarrollo Institucional (PDI), y que se sintetiza a continuaci\u00f3n. Cabe destacar que dicha s\u00edntesis del c\u00f3digo de \u00e9tica del actual rector, Dr. Madue\u00f1a (2021) se estructura entorno a compromisos \u00e9ticos hacia diferentes grupos e instancias, resaltando la importancia de&#8230;<\/p>\n<\/div>\n<\/div>\n<\/div>\n<p><strong>\u00c9tica hacia:<\/strong><\/p>\n<ul>\n<li><strong>Los alumnos:<\/strong> Fomentar relaciones gratificantes, equidad, respeto, reconocimiento de la identidad cultural, y evitar dogmatismos.<\/li>\n<li><strong>Los padres y tutores:<\/strong> Respetar sus elecciones educativas, asumir responsabilidades, y promover la comunicaci\u00f3n y cooperaci\u00f3n.<\/li>\n<li><strong>El mejoramiento profesional<\/strong>: Dedicaci\u00f3n, formaci\u00f3n continua, contribuci\u00f3n a la dignificaci\u00f3n de la profesi\u00f3n, y promoci\u00f3n del respeto a los derechos profesionales.<\/li>\n<li><strong>Otros educadores:<\/strong> Mantener el secreto profesional, evitar ventajas indebidas, y promover un ambiente de trabajo en equipo.<\/li>\n<li><strong>La instituci\u00f3n:<\/strong> Participar en la mejora de la calidad educativa, respetar la autoridad, y cooperar en actividades extracurriculares.<\/li>\n<li><strong>La sociedad:<\/strong> Fomentar valores como la creatividad, justicia, tolerancia, y respeto por la naturaleza, educando para una convivencia arm\u00f3nica.<\/li>\n<\/ul>\n<p>Estos principios reflejan un compromiso \u00e9tico profundo con la formaci\u00f3n integral, el respeto, la equidad, y la responsabilidad social, fundamentales para la comunidad educativa de la Universidad Aut\u00f3noma de Sinaloa.<\/p>\n<p>(<a href=\"https:\/\/www.uas.edu.mx\/Modelo_Educativo.pdf\">Modelo Educativo UAS 2022 &#8211; Liga<\/a>)<\/p>\n<table style=\"height: 159px;\" width=\"832\">\n<tbody>\n<tr>\n<td style=\"text-align: center;\"><img decoding=\"async\" data-attachment-id=\"571\" data-permalink=\"https:\/\/idiomasmazatlan.com\/portal\/licenciatura-en-ensenanza\/f\/\" data-orig-file=\"https:\/\/i0.wp.com\/idiomasmazatlan.com\/portal\/wp-content\/uploads\/2015\/09\/f.png?fit=98%2C98&amp;ssl=1\" data-orig-size=\"98,98\" data-comments-opened=\"0\" data-image-meta=\"{&quot;aperture&quot;:&quot;0&quot;,&quot;credit&quot;:&quot;&quot;,&quot;camera&quot;:&quot;&quot;,&quot;caption&quot;:&quot;&quot;,&quot;created_timestamp&quot;:&quot;0&quot;,&quot;copyright&quot;:&quot;&quot;,&quot;focal_length&quot;:&quot;0&quot;,&quot;iso&quot;:&quot;0&quot;,&quot;shutter_speed&quot;:&quot;0&quot;,&quot;title&quot;:&quot;&quot;,&quot;orientation&quot;:&quot;0&quot;}\" data-image-title=\"f\" data-image-description=\"\" data-image-caption=\"\" data-medium-file=\"https:\/\/i0.wp.com\/idiomasmazatlan.com\/portal\/wp-content\/uploads\/2015\/09\/f.png?fit=98%2C98&amp;ssl=1\" data-large-file=\"https:\/\/i0.wp.com\/idiomasmazatlan.com\/portal\/wp-content\/uploads\/2015\/09\/f.png?fit=98%2C98&amp;ssl=1\" tabindex=\"0\" role=\"button\" class=\"alignnone wp-image-571\" src=\"https:\/\/i0.wp.com\/idiomasmazatlan.com\/portal\/wp-content\/uploads\/2015\/09\/f.png?resize=45%2C45&#038;ssl=1\" alt=\"\" width=\"45\" height=\"45\" data-recalc-dims=\"1\" \/><\/td>\n<td><span style=\"font-size: 10pt;\">\u00a0 <a href=\"https:\/\/www.facebook.com\/BA-in-ELT-CEI-M-UAS-105817696108315\/\" target=\"_blank\" rel=\"noopener\">B.A. in E.L.T. CEI-M<\/a>\u00a0 \u00a0<\/span><\/td>\n<td><img decoding=\"async\" data-attachment-id=\"575\" data-permalink=\"https:\/\/idiomasmazatlan.com\/portal\/licenciatura-en-ensenanza\/t\/\" data-orig-file=\"https:\/\/i0.wp.com\/idiomasmazatlan.com\/portal\/wp-content\/uploads\/2015\/09\/t.png?fit=105%2C106&amp;ssl=1\" data-orig-size=\"105,106\" data-comments-opened=\"0\" data-image-meta=\"{&quot;aperture&quot;:&quot;0&quot;,&quot;credit&quot;:&quot;&quot;,&quot;camera&quot;:&quot;&quot;,&quot;caption&quot;:&quot;&quot;,&quot;created_timestamp&quot;:&quot;0&quot;,&quot;copyright&quot;:&quot;&quot;,&quot;focal_length&quot;:&quot;0&quot;,&quot;iso&quot;:&quot;0&quot;,&quot;shutter_speed&quot;:&quot;0&quot;,&quot;title&quot;:&quot;&quot;,&quot;orientation&quot;:&quot;0&quot;}\" data-image-title=\"t\" data-image-description=\"\" data-image-caption=\"\" data-medium-file=\"https:\/\/i0.wp.com\/idiomasmazatlan.com\/portal\/wp-content\/uploads\/2015\/09\/t.png?fit=105%2C106&amp;ssl=1\" data-large-file=\"https:\/\/i0.wp.com\/idiomasmazatlan.com\/portal\/wp-content\/uploads\/2015\/09\/t.png?fit=105%2C106&amp;ssl=1\" tabindex=\"0\" role=\"button\" class=\"alignnone wp-image-575\" src=\"https:\/\/i0.wp.com\/idiomasmazatlan.com\/portal\/wp-content\/uploads\/2015\/09\/t.png?resize=50%2C50&#038;ssl=1\" alt=\"\" width=\"50\" height=\"50\" data-recalc-dims=\"1\" \/><\/td>\n<td><span style=\"font-size: 10pt;\">\u00a0<a href=\"https:\/\/twitter.com\/ba_in_elt\" target=\"_blank\" rel=\"noopener\">@BA_in_ELT<\/a>\u00a0 \u00a0<\/span><\/td>\n<td><img decoding=\"async\" data-attachment-id=\"574\" data-permalink=\"https:\/\/idiomasmazatlan.com\/portal\/licenciatura-en-ensenanza\/i\/\" data-orig-file=\"https:\/\/i0.wp.com\/idiomasmazatlan.com\/portal\/wp-content\/uploads\/2015\/09\/i.png?fit=111%2C110&amp;ssl=1\" data-orig-size=\"111,110\" data-comments-opened=\"0\" data-image-meta=\"{&quot;aperture&quot;:&quot;0&quot;,&quot;credit&quot;:&quot;&quot;,&quot;camera&quot;:&quot;&quot;,&quot;caption&quot;:&quot;&quot;,&quot;created_timestamp&quot;:&quot;0&quot;,&quot;copyright&quot;:&quot;&quot;,&quot;focal_length&quot;:&quot;0&quot;,&quot;iso&quot;:&quot;0&quot;,&quot;shutter_speed&quot;:&quot;0&quot;,&quot;title&quot;:&quot;&quot;,&quot;orientation&quot;:&quot;0&quot;}\" data-image-title=\"i\" data-image-description=\"\" data-image-caption=\"\" data-medium-file=\"https:\/\/i0.wp.com\/idiomasmazatlan.com\/portal\/wp-content\/uploads\/2015\/09\/i.png?fit=111%2C110&amp;ssl=1\" data-large-file=\"https:\/\/i0.wp.com\/idiomasmazatlan.com\/portal\/wp-content\/uploads\/2015\/09\/i.png?fit=111%2C110&amp;ssl=1\" tabindex=\"0\" role=\"button\" class=\"alignnone wp-image-574\" src=\"https:\/\/i0.wp.com\/idiomasmazatlan.com\/portal\/wp-content\/uploads\/2015\/09\/i.png?resize=50%2C50&#038;ssl=1\" alt=\"\" width=\"50\" height=\"50\" data-recalc-dims=\"1\" \/><\/td>\n<td>\u00a0<span style=\"font-size: 10pt;\"><a href=\"https:\/\/www.instagram.com\/baineltmzt\/\" target=\"_blank\" rel=\"noopener\">@BAINELTMZT<\/a>\u00a0 \u00a0<\/span><\/td>\n<td>\u00a0<img loading=\"lazy\" decoding=\"async\" data-attachment-id=\"576\" data-permalink=\"https:\/\/idiomasmazatlan.com\/portal\/licenciatura-en-ensenanza\/y\/\" data-orig-file=\"https:\/\/i0.wp.com\/idiomasmazatlan.com\/portal\/wp-content\/uploads\/2015\/09\/y.png?fit=120%2C86&amp;ssl=1\" data-orig-size=\"120,86\" data-comments-opened=\"0\" data-image-meta=\"{&quot;aperture&quot;:&quot;0&quot;,&quot;credit&quot;:&quot;&quot;,&quot;camera&quot;:&quot;&quot;,&quot;caption&quot;:&quot;&quot;,&quot;created_timestamp&quot;:&quot;0&quot;,&quot;copyright&quot;:&quot;&quot;,&quot;focal_length&quot;:&quot;0&quot;,&quot;iso&quot;:&quot;0&quot;,&quot;shutter_speed&quot;:&quot;0&quot;,&quot;title&quot;:&quot;&quot;,&quot;orientation&quot;:&quot;0&quot;}\" data-image-title=\"y\" data-image-description=\"\" data-image-caption=\"\" data-medium-file=\"https:\/\/i0.wp.com\/idiomasmazatlan.com\/portal\/wp-content\/uploads\/2015\/09\/y.png?fit=120%2C86&amp;ssl=1\" data-large-file=\"https:\/\/i0.wp.com\/idiomasmazatlan.com\/portal\/wp-content\/uploads\/2015\/09\/y.png?fit=120%2C86&amp;ssl=1\" tabindex=\"0\" role=\"button\" class=\"alignnone wp-image-576\" src=\"https:\/\/i0.wp.com\/idiomasmazatlan.com\/portal\/wp-content\/uploads\/2015\/09\/y.png?resize=50%2C36&#038;ssl=1\" alt=\"\" width=\"50\" height=\"36\" data-recalc-dims=\"1\" \/><\/td>\n<td><span style=\"font-size: 10pt;\">\u00a0\u00a0<a class=\"spf-link branded-page-header-title-link yt-uix-sessionlink\" dir=\"ltr\" title=\"BA in ELT MZT\" href=\"https:\/\/www.youtube.com\/channel\/UCiNp7wtjlgxxOrFPZ9RNDSg\" data-sessionlink=\"ei=3BHLV5HGCovP-AOrz4-YCg\">BA in ELT MZT<\/a>\u00a0 \u00a0<\/span><\/td>\n<td><span style=\"font-size: 10pt;\">\u00a0<img loading=\"lazy\" decoding=\"async\" data-attachment-id=\"579\" data-permalink=\"https:\/\/idiomasmazatlan.com\/portal\/licenciatura-en-ensenanza\/2015cambridge\/\" data-orig-file=\"https:\/\/i0.wp.com\/idiomasmazatlan.com\/portal\/wp-content\/uploads\/2015\/09\/2015cambridge.png?fit=1967%2C2284&amp;ssl=1\" data-orig-size=\"1967,2284\" data-comments-opened=\"0\" data-image-meta=\"{&quot;aperture&quot;:&quot;0&quot;,&quot;credit&quot;:&quot;&quot;,&quot;camera&quot;:&quot;&quot;,&quot;caption&quot;:&quot;&quot;,&quot;created_timestamp&quot;:&quot;0&quot;,&quot;copyright&quot;:&quot;&quot;,&quot;focal_length&quot;:&quot;0&quot;,&quot;iso&quot;:&quot;0&quot;,&quot;shutter_speed&quot;:&quot;0&quot;,&quot;title&quot;:&quot;&quot;,&quot;orientation&quot;:&quot;0&quot;}\" data-image-title=\"2015cambridge\" data-image-description=\"\" data-image-caption=\"\" data-medium-file=\"https:\/\/i0.wp.com\/idiomasmazatlan.com\/portal\/wp-content\/uploads\/2015\/09\/2015cambridge.png?fit=258%2C300&amp;ssl=1\" data-large-file=\"https:\/\/i0.wp.com\/idiomasmazatlan.com\/portal\/wp-content\/uploads\/2015\/09\/2015cambridge.png?fit=700%2C813&amp;ssl=1\" tabindex=\"0\" role=\"button\" class=\"wp-image-579 alignnone\" src=\"https:\/\/i0.wp.com\/idiomasmazatlan.com\/portal\/wp-content\/uploads\/2015\/09\/2015cambridge.png?resize=124%2C144&#038;ssl=1\" alt=\"2015cambridge\" width=\"124\" height=\"144\" srcset=\"https:\/\/i0.wp.com\/idiomasmazatlan.com\/portal\/wp-content\/uploads\/2015\/09\/2015cambridge.png?resize=882%2C1024&amp;ssl=1 882w, https:\/\/i0.wp.com\/idiomasmazatlan.com\/portal\/wp-content\/uploads\/2015\/09\/2015cambridge.png?resize=258%2C300&amp;ssl=1 258w, https:\/\/i0.wp.com\/idiomasmazatlan.com\/portal\/wp-content\/uploads\/2015\/09\/2015cambridge.png?resize=225%2C261&amp;ssl=1 225w, https:\/\/i0.wp.com\/idiomasmazatlan.com\/portal\/wp-content\/uploads\/2015\/09\/2015cambridge.png?resize=392%2C455&amp;ssl=1 392w, https:\/\/i0.wp.com\/idiomasmazatlan.com\/portal\/wp-content\/uploads\/2015\/09\/2015cambridge.png?resize=700%2C813&amp;ssl=1 700w, https:\/\/i0.wp.com\/idiomasmazatlan.com\/portal\/wp-content\/uploads\/2015\/09\/2015cambridge.png?w=1967&amp;ssl=1 1967w, https:\/\/i0.wp.com\/idiomasmazatlan.com\/portal\/wp-content\/uploads\/2015\/09\/2015cambridge.png?w=1400&amp;ssl=1 1400w\" sizes=\"(max-width: 124px) 100vw, 124px\" data-recalc-dims=\"1\" \/><\/span><\/td>\n<\/tr>\n<\/tbody>\n<\/table>","protected":false},"excerpt":{"rendered":"<p>El deber ser del Universitario UAS<\/p>\n<p>A partir de los valores universitarios, surge el C\u00f3digo de \u00c9tica, tambi\u00e9n plasmado en el Plan de Desarrollo Institucional (PDI), y que se sintetiza a continuaci\u00f3n. Cabe destacar que dicha &#8230;<\/p>\n","protected":false},"author":3,"featured_media":0,"parent":82,"menu_order":0,"comment_status":"closed","ping_status":"closed","template":"page-sinfoto.php","meta":{"jetpack_post_was_ever_published":false,"footnotes":""},"categories":[12],"class_list":["post-736","page","type-page","status-publish","hentry","category-paginas-licenciatura-ingles"],"jetpack_sharing_enabled":true,"jetpack_shortlink":"https:\/\/wp.me\/P720zc-bS","jetpack-related-posts":[],"_links":{"self":[{"href":"https:\/\/idiomasmazatlan.com\/portal\/wp-json\/wp\/v2\/pages\/736","targetHints":{"allow":["GET"]}}],"collection":[{"href":"https:\/\/idiomasmazatlan.com\/portal\/wp-json\/wp\/v2\/pages"}],"about":[{"href":"https:\/\/idiomasmazatlan.com\/portal\/wp-json\/wp\/v2\/types\/page"}],"author":[{"embeddable":true,"href":"https:\/\/idiomasmazatlan.com\/portal\/wp-json\/wp\/v2\/users\/3"}],"replies":[{"embeddable":true,"href":"https:\/\/idiomasmazatlan.com\/portal\/wp-json\/wp\/v2\/comments?post=736"}],"version-history":[{"count":10,"href":"https:\/\/idiomasmazatlan.com\/portal\/wp-json\/wp\/v2\/pages\/736\/revisions"}],"predecessor-version":[{"id":1780,"href":"https:\/\/idiomasmazatlan.com\/portal\/wp-json\/wp\/v2\/pages\/736\/revisions\/1780"}],"up":[{"embeddable":true,"href":"https:\/\/idiomasmazatlan.com\/portal\/wp-json\/wp\/v2\/pages\/82"}],"wp:attachment":[{"href":"https:\/\/idiomasmazatlan.com\/portal\/wp-json\/wp\/v2\/media?parent=736"}],"wp:term":[{"taxonomy":"category","embeddable":true,"href":"https:\/\/idiomasmazatlan.com\/portal\/wp-json\/wp\/v2\/categories?post=736"}],"curies":[{"name":"wp","href":"https:\/\/api.w.org\/{rel}","templated":true}]}}