{"id":99,"date":"2015-09-22T17:05:07","date_gmt":"2015-09-22T17:05:07","guid":{"rendered":"http:\/\/idiomasmazatlan.com\/portal\/?page_id=99"},"modified":"2016-01-12T22:39:56","modified_gmt":"2016-01-12T22:39:56","slug":"por-que-estudiar-idiomas","status":"publish","type":"page","link":"https:\/\/idiomasmazatlan.com\/portal\/por-que-estudiar-idiomas\/","title":{"rendered":"\u00bfPor qu\u00e9 estudiar Idiomas?"},"content":{"rendered":"<h3><\/h3>\n<ul>\n<li>\n<h3><span style=\"color: #800080;\">El Ingl\u00e9s es el lenguaje universal hablado en muchos pa\u00edses y por lo mismo el m\u00e1s usado en conferencias, en los aeropuertos y en Internet.<\/span><\/h3>\n<\/li>\n<li>\n<h3><span style=\"color: #800080;\">El Chino Mandar\u00edn te ayudar\u00e1 a comunicarte con gente de negocios.<\/span><\/h3>\n<\/li>\n<li>\n<h3><span style=\"color: #800080;\">El Franc\u00e9s, Alem\u00e1n e Italiano te abre las puertas de la cultura y el Arte Europeo.<\/span><\/h3>\n<\/li>\n<li>\n<h3><span style=\"color: #800080;\">Ademas, podr\u00e1s comunicarte en viajes internacionales de negocios o de vacaciones.<\/span><\/h3>\n<\/li>\n<li>\n<h3><span style=\"color: #800080;\">Ser\u00e1s m\u00e1s competitivo y podr\u00e1s escalar laboralmente con mayor facilidad si hablas m\u00e1s de un idioma.<\/span><\/h3>\n<\/li>\n<li>\n<h3><span style=\"color: #800080;\">Debes saber m\u00e1s de un idioma para poder estar al tanto de todas las noticias que suceden en cada pa\u00eds en todos los \u00e1mbitos: ciencias, negocios, sociedad, cultura y dem\u00e1s.<\/span><\/h3>\n<\/li>\n<li>\n<h3><span style=\"color: #800080;\">Si est\u00e1s de viaje en el extranjero y sabes su idioma nativo podr\u00e1s conocer m\u00e1s sobre su cultura, costumbres y tradiciones.<\/span><\/h3>\n<\/li>\n<li>\n<h3><span style=\"color: #800080;\">Te permitir\u00e1 ayudar y hacer sugerencias a los turistas extranjeros que visiten tu pa\u00eds.<\/span><\/h3>\n<\/li>\n<li>\n<h3><span style=\"color: #800080;\">Podr\u00e1s hacer nuevos amigos internacionales m\u00e1s f\u00e1cilmente y tener una amplia red de contactos.<\/span><\/h3>\n<\/li>\n<li>\n<h3><span style=\"color: #800080;\">Podr\u00e1s aprovechar programas y becas de posgrado en el extranjero. Y adem\u00e1s te ayudar\u00e1 con tus tareas de investigaci\u00f3n.<\/span><\/h3>\n<\/li>\n<li>\n<h3><span style=\"color: #800080;\">Y, si eres estudiante universitario de la U.A.S. te ayudara a tramitar tu t\u00edtulo.<\/span><\/h3>\n<\/li>\n<li>\n<h3><span style=\"color: #800080;\">Entre otros beneficios personales y acad\u00e9micos..<\/span><\/h3>\n<\/li>\n<\/ul>\n<p>&nbsp;<\/p>\n","protected":false},"excerpt":{"rendered":"<p>El Ingl\u00e9s es el lenguaje universal hablado en muchos pa\u00edses y por lo mismo el m\u00e1s usado en conferencias, en los aeropuertos y en Internet.<\/p>\n<p>El Chino Mandar\u00edn te ayudar\u00e1 a comunicarte con gente de negocios.<\/p>\n<p>El &#8230;<\/p>\n","protected":false},"author":1,"featured_media":212,"parent":0,"menu_order":0,"comment_status":"open","ping_status":"open","template":"page-sinfoto.php","meta":{"jetpack_post_was_ever_published":false,"footnotes":""},"categories":[],"class_list":["post-99","page","type-page","status-publish","has-post-thumbnail","hentry"],"jetpack_sharing_enabled":true,"jetpack_shortlink":"https:\/\/wp.me\/P720zc-1B","jetpack-related-posts":[],"_links":{"self":[{"href":"https:\/\/idiomasmazatlan.com\/portal\/wp-json\/wp\/v2\/pages\/99","targetHints":{"allow":["GET"]}}],"collection":[{"href":"https:\/\/idiomasmazatlan.com\/portal\/wp-json\/wp\/v2\/pages"}],"about":[{"href":"https:\/\/idiomasmazatlan.com\/portal\/wp-json\/wp\/v2\/types\/page"}],"author":[{"embeddable":true,"href":"https:\/\/idiomasmazatlan.com\/portal\/wp-json\/wp\/v2\/users\/1"}],"replies":[{"embeddable":true,"href":"https:\/\/idiomasmazatlan.com\/portal\/wp-json\/wp\/v2\/comments?post=99"}],"version-history":[{"count":7,"href":"https:\/\/idiomasmazatlan.com\/portal\/wp-json\/wp\/v2\/pages\/99\/revisions"}],"predecessor-version":[{"id":256,"href":"https:\/\/idiomasmazatlan.com\/portal\/wp-json\/wp\/v2\/pages\/99\/revisions\/256"}],"wp:featuredmedia":[{"embeddable":true,"href":"https:\/\/idiomasmazatlan.com\/portal\/wp-json\/wp\/v2\/media\/212"}],"wp:attachment":[{"href":"https:\/\/idiomasmazatlan.com\/portal\/wp-json\/wp\/v2\/media?parent=99"}],"wp:term":[{"taxonomy":"category","embeddable":true,"href":"https:\/\/idiomasmazatlan.com\/portal\/wp-json\/wp\/v2\/categories?post=99"}],"curies":[{"name":"wp","href":"https:\/\/api.w.org\/{rel}","templated":true}]}}