{"id":1339,"date":"2017-10-16T13:54:07","date_gmt":"2017-10-16T13:54:07","guid":{"rendered":"http:\/\/ninzio.com\/edukul\/?page_id=1339"},"modified":"2024-09-01T10:43:01","modified_gmt":"2024-09-01T10:43:01","slug":"contact-us","status":"publish","type":"page","link":"https:\/\/idiomasmazatlan.com\/uas\/contact-us\/","title":{"rendered":"Cont\u00e1ctanos"},"content":{"rendered":"<div class=\"wpb-content-wrapper\"><p>[vc_row][vc_column]\r\n\t<div class=\"edukul-spacer clearfix\" data-desktop=\"123\" data-mobi=\"60\" data-smobi=\"60\"><\/div>[vc_row_inner][vc_column_inner width=\u00bb1\/6&#8243;][\/vc_column_inner][vc_column_inner width=\u00bb2\/3&#8243;]\r\n<div class=\"edukul-news style-2  has-bullets bullet- bullet50\" data-auto=\"true\" data-column=\"3\" data-column2=\"2\" data-column3=\"1\" data-gap=\"30\">\r\n\t\r\n\t<div class=\"owl-carousel owl-theme\">\r\n    \r\n\t\t<div class=\"news-item clearfix\">\r\n\t\t\t<div class=\"inner\">\r\n\t\t\t\t<div class=\"thumb-wrap\">\r\n\t\t\t\t\t<img loading=\"lazy\" decoding=\"async\" width=\"740\" height=\"740\" src=\"https:\/\/idiomasmazatlan.com\/uas\/wp-content\/uploads\/2024\/11\/IconBlog_BASS-740x740.png\" class=\"attachment-edukul-square size-edukul-square wp-post-image\" alt=\"\" srcset=\"https:\/\/idiomasmazatlan.com\/uas\/wp-content\/uploads\/2024\/11\/IconBlog_BASS-740x740.png 740w, https:\/\/idiomasmazatlan.com\/uas\/wp-content\/uploads\/2024\/11\/IconBlog_BASS-300x300.png 300w, https:\/\/idiomasmazatlan.com\/uas\/wp-content\/uploads\/2024\/11\/IconBlog_BASS-1024x1024.png 1024w, https:\/\/idiomasmazatlan.com\/uas\/wp-content\/uploads\/2024\/11\/IconBlog_BASS-150x150.png 150w, https:\/\/idiomasmazatlan.com\/uas\/wp-content\/uploads\/2024\/11\/IconBlog_BASS-768x768.png 768w, https:\/\/idiomasmazatlan.com\/uas\/wp-content\/uploads\/2024\/11\/IconBlog_BASS-1536x1536.png 1536w, https:\/\/idiomasmazatlan.com\/uas\/wp-content\/uploads\/2024\/11\/IconBlog_BASS-500x500.png 500w, https:\/\/idiomasmazatlan.com\/uas\/wp-content\/uploads\/2024\/11\/IconBlog_BASS-550x550.png 550w, https:\/\/idiomasmazatlan.com\/uas\/wp-content\/uploads\/2024\/11\/IconBlog_BASS-100x100.png 100w, https:\/\/idiomasmazatlan.com\/uas\/wp-content\/uploads\/2024\/11\/IconBlog_BASS.png 1543w\" sizes=\"auto, (max-width: 740px) 100vw, 740px\" \/>\r\n\t\t\t\t<\/div><!-- \/.thumb-wrap -->\r\n\r\n                <div class=\"text-wrap\" style=\"background-color:#f7f7f7;\">\r\n\t\t\t\t\t<div class=\"post-meta\"><span class=\"post-by-author item\"><a href=\"https:\/\/idiomasmazatlan.com\/uas\/author\/admin\/\" title=\"View all posts by admin\">admin<\/a><\/span> <span class=\"post-date item\"><span class=\"entry-date\">febrero 20, 2025<\/span><\/span><\/div><h3 class=\"title\" style=\"\"><a href=\"https:\/\/idiomasmazatlan.com\/uas\/linguawaves-episodio-10\/\">Linguawaves &#8211; Episodio 10<\/a><\/h3><p class=\"excerpt\">En el episodio 10 se invit\u00f3 al Dr. Jorge Montes, egresado&hellip;<\/p><a class=\"link\" href=\"https:\/\/idiomasmazatlan.com\/uas\/linguawaves-episodio-10\/\"><span>Leer m\u00e1s...<\/span><\/a>                <\/div><!-- \/.text-wrap -->\r\n\t        <\/div>\r\n\t    <\/div><!-- \/.news-item -->\r\n\t    \r\n\t\r\n\t\t<div class=\"news-item clearfix\">\r\n\t\t\t<div class=\"inner\">\r\n\t\t\t\t<div class=\"thumb-wrap\">\r\n\t\t\t\t\t<img loading=\"lazy\" decoding=\"async\" width=\"740\" height=\"740\" src=\"https:\/\/idiomasmazatlan.com\/uas\/wp-content\/uploads\/2024\/08\/IconBlog_BA-740x740.png\" class=\"attachment-edukul-square size-edukul-square wp-post-image\" alt=\"\" srcset=\"https:\/\/idiomasmazatlan.com\/uas\/wp-content\/uploads\/2024\/08\/IconBlog_BA-740x740.png 740w, https:\/\/idiomasmazatlan.com\/uas\/wp-content\/uploads\/2024\/08\/IconBlog_BA-300x300.png 300w, https:\/\/idiomasmazatlan.com\/uas\/wp-content\/uploads\/2024\/08\/IconBlog_BA-1024x1024.png 1024w, https:\/\/idiomasmazatlan.com\/uas\/wp-content\/uploads\/2024\/08\/IconBlog_BA-150x150.png 150w, https:\/\/idiomasmazatlan.com\/uas\/wp-content\/uploads\/2024\/08\/IconBlog_BA-768x768.png 768w, https:\/\/idiomasmazatlan.com\/uas\/wp-content\/uploads\/2024\/08\/IconBlog_BA-1536x1536.png 1536w, https:\/\/idiomasmazatlan.com\/uas\/wp-content\/uploads\/2024\/08\/IconBlog_BA-500x500.png 500w, https:\/\/idiomasmazatlan.com\/uas\/wp-content\/uploads\/2024\/08\/IconBlog_BA-550x550.png 550w, https:\/\/idiomasmazatlan.com\/uas\/wp-content\/uploads\/2024\/08\/IconBlog_BA-100x100.png 100w, https:\/\/idiomasmazatlan.com\/uas\/wp-content\/uploads\/2024\/08\/IconBlog_BA.png 1542w\" sizes=\"auto, (max-width: 740px) 100vw, 740px\" \/>\r\n\t\t\t\t<\/div><!-- \/.thumb-wrap -->\r\n\r\n                <div class=\"text-wrap\" style=\"background-color:#f7f7f7;\">\r\n\t\t\t\t\t<div class=\"post-meta\"><span class=\"post-by-author item\"><a href=\"https:\/\/idiomasmazatlan.com\/uas\/author\/admin\/\" title=\"View all posts by admin\">admin<\/a><\/span> <span class=\"post-date item\"><span class=\"entry-date\">febrero 3, 2025<\/span><\/span><\/div><h3 class=\"title\" style=\"\"><a href=\"https:\/\/idiomasmazatlan.com\/uas\/licenciatura-acreditacion-ciees\/\">Licenciatura: Acreditaci\u00f3n CIEES<\/a><\/h3><p class=\"excerpt\">https:\/\/youtu.be\/wgg6STNq9iU La acreditaci\u00f3n de los Comit\u00e9s Interinstitucionales para la Evaluaci\u00f3n de&hellip;<\/p><a class=\"link\" href=\"https:\/\/idiomasmazatlan.com\/uas\/licenciatura-acreditacion-ciees\/\"><span>Leer m\u00e1s...<\/span><\/a>                <\/div><!-- \/.text-wrap -->\r\n\t        <\/div>\r\n\t    <\/div><!-- \/.news-item -->\r\n\t    \r\n\t\r\n\t\t<div class=\"news-item clearfix\">\r\n\t\t\t<div class=\"inner\">\r\n\t\t\t\t<div class=\"thumb-wrap\">\r\n\t\t\t\t\t<img loading=\"lazy\" decoding=\"async\" width=\"740\" height=\"740\" src=\"https:\/\/idiomasmazatlan.com\/uas\/wp-content\/uploads\/2024\/08\/IconBlog_BA-740x740.png\" class=\"attachment-edukul-square size-edukul-square wp-post-image\" alt=\"\" srcset=\"https:\/\/idiomasmazatlan.com\/uas\/wp-content\/uploads\/2024\/08\/IconBlog_BA-740x740.png 740w, https:\/\/idiomasmazatlan.com\/uas\/wp-content\/uploads\/2024\/08\/IconBlog_BA-300x300.png 300w, https:\/\/idiomasmazatlan.com\/uas\/wp-content\/uploads\/2024\/08\/IconBlog_BA-1024x1024.png 1024w, https:\/\/idiomasmazatlan.com\/uas\/wp-content\/uploads\/2024\/08\/IconBlog_BA-150x150.png 150w, https:\/\/idiomasmazatlan.com\/uas\/wp-content\/uploads\/2024\/08\/IconBlog_BA-768x768.png 768w, https:\/\/idiomasmazatlan.com\/uas\/wp-content\/uploads\/2024\/08\/IconBlog_BA-1536x1536.png 1536w, https:\/\/idiomasmazatlan.com\/uas\/wp-content\/uploads\/2024\/08\/IconBlog_BA-500x500.png 500w, https:\/\/idiomasmazatlan.com\/uas\/wp-content\/uploads\/2024\/08\/IconBlog_BA-550x550.png 550w, https:\/\/idiomasmazatlan.com\/uas\/wp-content\/uploads\/2024\/08\/IconBlog_BA-100x100.png 100w, https:\/\/idiomasmazatlan.com\/uas\/wp-content\/uploads\/2024\/08\/IconBlog_BA.png 1542w\" sizes=\"auto, (max-width: 740px) 100vw, 740px\" \/>\r\n\t\t\t\t<\/div><!-- \/.thumb-wrap -->\r\n\r\n                <div class=\"text-wrap\" style=\"background-color:#f7f7f7;\">\r\n\t\t\t\t\t<div class=\"post-meta\"><span class=\"post-by-author item\"><a href=\"https:\/\/idiomasmazatlan.com\/uas\/author\/admin\/\" title=\"View all posts by admin\">admin<\/a><\/span> <span class=\"post-date item\"><span class=\"entry-date\">enero 27, 2025<\/span><\/span><\/div><h3 class=\"title\" style=\"\"><a href=\"https:\/\/idiomasmazatlan.com\/uas\/welcome-back-eagles\/\">Welcome Back Eagles<\/a><\/h3><p class=\"excerpt\">Iniciamos el semestre 2 del ciclo escolar 24-25 en Licenciatura, nuestros&hellip;<\/p><a class=\"link\" href=\"https:\/\/idiomasmazatlan.com\/uas\/welcome-back-eagles\/\"><span>Leer m\u00e1s...<\/span><\/a>                <\/div><!-- \/.text-wrap -->\r\n\t        <\/div>\r\n\t    <\/div><!-- \/.news-item -->\r\n\t    \r\n\t\t<\/div><!-- \/.owl-carousel -->\r\n\r\n\r\n<\/div><!-- \/.edukul-news -->\r\n[\/vc_column_inner][vc_column_inner width=\u00bb1\/6&#8243;][\/vc_column_inner][\/vc_row_inner]\r\n\t<div class=\"edukul-spacer clearfix\" data-desktop=\"130\" data-mobi=\"60\" data-smobi=\"60\"><\/div>[\/vc_column][\/vc_row][vc_row full_width=\u00bbstretch_row\u00bb css=\u00bb.vc_custom_1722532916126{background-image: url(https:\/\/idiomasmazatlan.com\/uas\/wp-content\/uploads\/2024\/08\/section-bg1.jpg?id=19201) !important;background-position: center !important;background-repeat: no-repeat !important;background-size: cover !important;}\u00bb][vc_column]\r\n\t<div class=\"edukul-spacer clearfix\" data-desktop=\"190\" data-mobi=\"60\" data-smobi=\"60\"><\/div>[vc_row_inner][vc_column_inner width=\u00bb1\/3&#8243;]<div class=\"edukul-icon-box clearfix icon-top align-center  simple\" style=\"\" ><div class=\"wrap-inner\" style=\"position: relative;\"><div class=\"edukul-icon icon-1858179628 accent custom\"  data-background=\"\">\r\n\t\t\t\t<span class=\"icon\" style=\"font-size:60px;width:60px;height:60px;border-style:solid;line-height:60px;\"><i class=\"eduk-map-marker-alt\"><\/i><\/span>\r\n\t\t\t<\/div> <div class=\"desc\" style=\"color:#ffffff;margin-top:40px;\"><p>Av. Universidad S\/N<br \/>\nCiudad Universitaria<br \/>\nCP 82143<br \/>\nMazatl\u00e1n, Sinaloa<\/p>\n<\/div> <\/div><\/div>\r\n\t<div class=\"edukul-spacer clearfix\" data-desktop=\"0\" data-mobi=\"30\" data-smobi=\"30\"><\/div>[\/vc_column_inner][vc_column_inner width=\u00bb1\/3&#8243;]<div class=\"edukul-icon-box clearfix icon-top align-center  simple\" style=\"\" ><div class=\"wrap-inner\" style=\"position: relative;\"><div class=\"edukul-icon icon-44886459 accent custom\"  data-background=\"\">\r\n\t\t\t\t<span class=\"icon\" style=\"font-size:60px;width:60px;height:60px;border-style:solid;line-height:60px;\"><i class=\"eduk-envelope-open\"><\/i><\/span>\r\n\t\t\t<\/div> <div class=\"desc\" style=\"color:#ffffff;margin-top:40px;\"><p>controlescolar_ceimaz@uas.edu.mx<\/p>\n<\/div> <\/div><\/div>\r\n\t<div class=\"edukul-spacer clearfix\" data-desktop=\"0\" data-mobi=\"30\" data-smobi=\"30\"><\/div>[\/vc_column_inner][vc_column_inner width=\u00bb1\/3&#8243;]<div class=\"edukul-icon-box clearfix icon-top align-center  simple\" style=\"\" ><div class=\"wrap-inner\" style=\"position: relative;\"><div class=\"edukul-icon icon-973432366 accent custom\"  data-background=\"\">\r\n\t\t\t\t<span class=\"icon\" style=\"font-size:60px;width:60px;height:60px;border-style:solid;line-height:60px;\"><i class=\"eduk-phone-alt\"><\/i><\/span>\r\n\t\t\t<\/div> <div class=\"desc\" style=\"color:#ffffff;margin-top:40px;\"><p>669 985 1608<br \/>\n669 982 5598<br \/>\n669 157 0207<br \/>\n669 188 6065<\/p>\n<\/div> <\/div><\/div>[\/vc_column_inner][\/vc_row_inner]\r\n\t<div class=\"edukul-spacer clearfix\" data-desktop=\"140\" data-mobi=\"60\" data-smobi=\"60\"><\/div>[\/vc_column][\/vc_row]<\/p>\n<\/div>","protected":false},"excerpt":{"rendered":"<p>[vc_row][vc_column][vc_row_inner][vc_column_inner width=\u00bb1\/6&#8243;][\/vc_column_inner][vc_column_inner width=\u00bb2\/3&#8243;][\/vc_column_inner][vc_column_inner width=\u00bb1\/6&#8243;][\/vc_column_inner][\/vc_row_inner][\/vc_column][\/vc_row][vc_row full_width=\u00bbstretch_row\u00bb css=\u00bb.vc_custom_1722532916126{background-image: url(https:\/\/idiomasmazatlan.com\/uas\/wp-content\/uploads\/2024\/08\/section-bg1.jpg?id=19201) !important;background-position: center !important;background-repeat: no-repeat !important;background-size: cover !important;}\u00bb][vc_column][vc_row_inner][vc_column_inner width=\u00bb1\/3&#8243;][\/vc_column_inner][vc_column_inner width=\u00bb1\/3&#8243;][\/vc_column_inner][vc_column_inner width=\u00bb1\/3&#8243;][\/vc_column_inner][\/vc_row_inner][\/vc_column][\/vc_row]<\/p>\n","protected":false},"author":1,"featured_media":0,"parent":0,"menu_order":0,"comment_status":"closed","ping_status":"closed","template":"","meta":{"_coblocks_attr":"","_coblocks_dimensions":"","_coblocks_responsive_height":"","_coblocks_accordion_ie_support":"","om_disable_all_campaigns":false,"_monsterinsights_skip_tracking":false,"_monsterinsights_sitenote_active":false,"_monsterinsights_sitenote_note":"","_monsterinsights_sitenote_category":0,"footnotes":""},"class_list":["post-1339","page","type-page","status-publish","hentry"],"aioseo_notices":[],"yoast_head":"<!-- This site is optimized with the Yoast SEO plugin v24.3 - https:\/\/yoast.com\/wordpress\/plugins\/seo\/ -->\n<title>Cont\u00e1ctanos - Centro de Estudio de Idiomas Mazatl\u00e1n - UAS<\/title>\n<meta name=\"robots\" content=\"index, follow, max-snippet:-1, max-image-preview:large, max-video-preview:-1\" \/>\n<link rel=\"canonical\" href=\"https:\/\/idiomasmazatlan.com\/uas\/contact-us\/\" \/>\n<meta property=\"og:locale\" content=\"es_ES\" \/>\n<meta property=\"og:type\" content=\"article\" \/>\n<meta property=\"og:title\" content=\"Cont\u00e1ctanos - Centro de Estudio de Idiomas Mazatl\u00e1n - UAS\" \/>\n<meta property=\"og:description\" content=\"[vc_row][vc_column][vc_row_inner][vc_column_inner width=\u00bb1\/6&#8243;][\/vc_column_inner][vc_column_inner width=\u00bb2\/3&#8243;][\/vc_column_inner][vc_column_inner width=\u00bb1\/6&#8243;][\/vc_column_inner][\/vc_row_inner][\/vc_column][\/vc_row][vc_row full_width=\u00bbstretch_row\u00bb css=\u00bb.vc_custom_1722532916126{background-image: url(https:\/\/idiomasmazatlan.com\/uas\/wp-content\/uploads\/2024\/08\/section-bg1.jpg?id=19201) !important;background-position: center !important;background-repeat: no-repeat !important;background-size: cover !important;}\u00bb][vc_column][vc_row_inner][vc_column_inner width=\u00bb1\/3&#8243;][\/vc_column_inner][vc_column_inner width=\u00bb1\/3&#8243;][\/vc_column_inner][vc_column_inner width=\u00bb1\/3&#8243;][\/vc_column_inner][\/vc_row_inner][\/vc_column][\/vc_row]\" \/>\n<meta property=\"og:url\" content=\"https:\/\/idiomasmazatlan.com\/uas\/contact-us\/\" \/>\n<meta property=\"og:site_name\" content=\"Centro de Estudio de Idiomas Mazatl\u00e1n - UAS\" \/>\n<meta property=\"article:modified_time\" content=\"2024-09-01T10:43:01+00:00\" \/>\n<meta name=\"twitter:card\" content=\"summary_large_image\" \/>\n<meta name=\"twitter:label1\" content=\"Tiempo de lectura\" \/>\n\t<meta name=\"twitter:data1\" content=\"1 minuto\" \/>\n<script type=\"application\/ld+json\" class=\"yoast-schema-graph\">{\"@context\":\"https:\/\/schema.org\",\"@graph\":[{\"@type\":\"WebPage\",\"@id\":\"https:\/\/idiomasmazatlan.com\/uas\/contact-us\/\",\"url\":\"https:\/\/idiomasmazatlan.com\/uas\/contact-us\/\",\"name\":\"Cont\u00e1ctanos - Centro de Estudio de Idiomas Mazatl\u00e1n - UAS\",\"isPartOf\":{\"@id\":\"https:\/\/idiomasmazatlan.com\/uas\/#website\"},\"datePublished\":\"2017-10-16T13:54:07+00:00\",\"dateModified\":\"2024-09-01T10:43:01+00:00\",\"breadcrumb\":{\"@id\":\"https:\/\/idiomasmazatlan.com\/uas\/contact-us\/#breadcrumb\"},\"inLanguage\":\"es\",\"potentialAction\":[{\"@type\":\"ReadAction\",\"target\":[\"https:\/\/idiomasmazatlan.com\/uas\/contact-us\/\"]}]},{\"@type\":\"BreadcrumbList\",\"@id\":\"https:\/\/idiomasmazatlan.com\/uas\/contact-us\/#breadcrumb\",\"itemListElement\":[{\"@type\":\"ListItem\",\"position\":1,\"name\":\"Home\",\"item\":\"https:\/\/idiomasmazatlan.com\/uas\/\"},{\"@type\":\"ListItem\",\"position\":2,\"name\":\"Cont\u00e1ctanos\"}]},{\"@type\":\"WebSite\",\"@id\":\"https:\/\/idiomasmazatlan.com\/uas\/#website\",\"url\":\"https:\/\/idiomasmazatlan.com\/uas\/\",\"name\":\"Centro de Estudio de Idiomas Mazatl\u00e1n - UAS\",\"description\":\"\",\"publisher\":{\"@id\":\"https:\/\/idiomasmazatlan.com\/uas\/#organization\"},\"potentialAction\":[{\"@type\":\"SearchAction\",\"target\":{\"@type\":\"EntryPoint\",\"urlTemplate\":\"https:\/\/idiomasmazatlan.com\/uas\/?s={search_term_string}\"},\"query-input\":{\"@type\":\"PropertyValueSpecification\",\"valueRequired\":true,\"valueName\":\"search_term_string\"}}],\"inLanguage\":\"es\"},{\"@type\":\"Organization\",\"@id\":\"https:\/\/idiomasmazatlan.com\/uas\/#organization\",\"name\":\"Centro de Estudio de Idiomas Mazatl\u00e1n - UAS\",\"url\":\"https:\/\/idiomasmazatlan.com\/uas\/\",\"logo\":{\"@type\":\"ImageObject\",\"inLanguage\":\"es\",\"@id\":\"https:\/\/idiomasmazatlan.com\/uas\/#\/schema\/logo\/image\/\",\"url\":\"\",\"contentUrl\":\"\",\"caption\":\"Centro de Estudio de Idiomas Mazatl\u00e1n - UAS\"},\"image\":{\"@id\":\"https:\/\/idiomasmazatlan.com\/uas\/#\/schema\/logo\/image\/\"}}]}<\/script>\n<!-- \/ Yoast SEO plugin. -->","yoast_head_json":{"title":"Cont\u00e1ctanos - Centro de Estudio de Idiomas Mazatl\u00e1n - UAS","robots":{"index":"index","follow":"follow","max-snippet":"max-snippet:-1","max-image-preview":"max-image-preview:large","max-video-preview":"max-video-preview:-1"},"canonical":"https:\/\/idiomasmazatlan.com\/uas\/contact-us\/","og_locale":"es_ES","og_type":"article","og_title":"Cont\u00e1ctanos - Centro de Estudio de Idiomas Mazatl\u00e1n - UAS","og_description":"[vc_row][vc_column][vc_row_inner][vc_column_inner width=\u00bb1\/6&#8243;][\/vc_column_inner][vc_column_inner width=\u00bb2\/3&#8243;][\/vc_column_inner][vc_column_inner width=\u00bb1\/6&#8243;][\/vc_column_inner][\/vc_row_inner][\/vc_column][\/vc_row][vc_row full_width=\u00bbstretch_row\u00bb css=\u00bb.vc_custom_1722532916126{background-image: url(https:\/\/idiomasmazatlan.com\/uas\/wp-content\/uploads\/2024\/08\/section-bg1.jpg?id=19201) !important;background-position: center !important;background-repeat: no-repeat !important;background-size: cover !important;}\u00bb][vc_column][vc_row_inner][vc_column_inner width=\u00bb1\/3&#8243;][\/vc_column_inner][vc_column_inner width=\u00bb1\/3&#8243;][\/vc_column_inner][vc_column_inner width=\u00bb1\/3&#8243;][\/vc_column_inner][\/vc_row_inner][\/vc_column][\/vc_row]","og_url":"https:\/\/idiomasmazatlan.com\/uas\/contact-us\/","og_site_name":"Centro de Estudio de Idiomas Mazatl\u00e1n - UAS","article_modified_time":"2024-09-01T10:43:01+00:00","twitter_card":"summary_large_image","twitter_misc":{"Tiempo de lectura":"1 minuto"},"schema":{"@context":"https:\/\/schema.org","@graph":[{"@type":"WebPage","@id":"https:\/\/idiomasmazatlan.com\/uas\/contact-us\/","url":"https:\/\/idiomasmazatlan.com\/uas\/contact-us\/","name":"Cont\u00e1ctanos - Centro de Estudio de Idiomas Mazatl\u00e1n - UAS","isPartOf":{"@id":"https:\/\/idiomasmazatlan.com\/uas\/#website"},"datePublished":"2017-10-16T13:54:07+00:00","dateModified":"2024-09-01T10:43:01+00:00","breadcrumb":{"@id":"https:\/\/idiomasmazatlan.com\/uas\/contact-us\/#breadcrumb"},"inLanguage":"es","potentialAction":[{"@type":"ReadAction","target":["https:\/\/idiomasmazatlan.com\/uas\/contact-us\/"]}]},{"@type":"BreadcrumbList","@id":"https:\/\/idiomasmazatlan.com\/uas\/contact-us\/#breadcrumb","itemListElement":[{"@type":"ListItem","position":1,"name":"Home","item":"https:\/\/idiomasmazatlan.com\/uas\/"},{"@type":"ListItem","position":2,"name":"Cont\u00e1ctanos"}]},{"@type":"WebSite","@id":"https:\/\/idiomasmazatlan.com\/uas\/#website","url":"https:\/\/idiomasmazatlan.com\/uas\/","name":"Centro de Estudio de Idiomas Mazatl\u00e1n - UAS","description":"","publisher":{"@id":"https:\/\/idiomasmazatlan.com\/uas\/#organization"},"potentialAction":[{"@type":"SearchAction","target":{"@type":"EntryPoint","urlTemplate":"https:\/\/idiomasmazatlan.com\/uas\/?s={search_term_string}"},"query-input":{"@type":"PropertyValueSpecification","valueRequired":true,"valueName":"search_term_string"}}],"inLanguage":"es"},{"@type":"Organization","@id":"https:\/\/idiomasmazatlan.com\/uas\/#organization","name":"Centro de Estudio de Idiomas Mazatl\u00e1n - UAS","url":"https:\/\/idiomasmazatlan.com\/uas\/","logo":{"@type":"ImageObject","inLanguage":"es","@id":"https:\/\/idiomasmazatlan.com\/uas\/#\/schema\/logo\/image\/","url":"","contentUrl":"","caption":"Centro de Estudio de Idiomas Mazatl\u00e1n - UAS"},"image":{"@id":"https:\/\/idiomasmazatlan.com\/uas\/#\/schema\/logo\/image\/"}}]}},"_links":{"self":[{"href":"https:\/\/idiomasmazatlan.com\/uas\/wp-json\/wp\/v2\/pages\/1339","targetHints":{"allow":["GET"]}}],"collection":[{"href":"https:\/\/idiomasmazatlan.com\/uas\/wp-json\/wp\/v2\/pages"}],"about":[{"href":"https:\/\/idiomasmazatlan.com\/uas\/wp-json\/wp\/v2\/types\/page"}],"author":[{"embeddable":true,"href":"https:\/\/idiomasmazatlan.com\/uas\/wp-json\/wp\/v2\/users\/1"}],"replies":[{"embeddable":true,"href":"https:\/\/idiomasmazatlan.com\/uas\/wp-json\/wp\/v2\/comments?post=1339"}],"version-history":[{"count":12,"href":"https:\/\/idiomasmazatlan.com\/uas\/wp-json\/wp\/v2\/pages\/1339\/revisions"}],"predecessor-version":[{"id":19594,"href":"https:\/\/idiomasmazatlan.com\/uas\/wp-json\/wp\/v2\/pages\/1339\/revisions\/19594"}],"wp:attachment":[{"href":"https:\/\/idiomasmazatlan.com\/uas\/wp-json\/wp\/v2\/media?parent=1339"}],"curies":[{"name":"wp","href":"https:\/\/api.w.org\/{rel}","templated":true}]}}