{"id":13656,"date":"2024-09-09T08:17:56","date_gmt":"2024-09-09T08:17:56","guid":{"rendered":"http:\/\/ninzio.com\/edukul\/?page_id=13656"},"modified":"2026-03-14T02:32:53","modified_gmt":"2026-03-14T02:32:53","slug":"traduccion","status":"publish","type":"page","link":"https:\/\/idiomasmazatlan.com\/uas\/traduccion\/","title":{"rendered":"Traducci\u00f3n"},"content":{"rendered":"<div class=\"wpb-content-wrapper\"><p>[vc_row][vc_column]\r\n\t<div class=\"edukul-spacer clearfix\" data-desktop=\"130\" data-mobi=\"60\" data-smobi=\"60\"><\/div>[vc_row_inner css=\u00bb.vc_custom_1574068086723{padding-top: 50px !important;padding-right: 50px !important;padding-bottom: 50px !important;padding-left: 50px !important;background-color: #f7f7f7 !important;}\u00bb][vc_column_inner width=\u00bb1\/2&#8243;]<div class=\"edukul-content-box clearfix \" data-padding=\"0 55px 0 0\" data-mobipadding=\"0 0 0 0\" data-margin=\"\" data-mobimargin=\"\" >\r\n\t\t<div class=\"inner ctb-93087050\" style=\"background-position:left top;background-repeat:no-repeat;\"  data-background=\"\">\r\n\t\t\t<div class=\"edukul-fancy-img  bg-bottom \" data-in-viewport=\"true\" >\r\n\t\t\t\t<div class=\"edukul-fancy-img-inner\">\r\n\t\t\t\t\t<span class=\"edukul-fancy-img-bg\"><\/span>\r\n\r\n\t\t\t\t\t<div class=\"edukul-fancy-img-holder\" style=\"\">\r\n\t\t\t\t\t\t<img decoding=\"async\" alt=\"image\" src=\"https:\/\/idiomasmazatlan.com\/uas\/wp-content\/uploads\/2024\/09\/meetTranslatorsTeam.jpg\" \/> \r\n\t\t\t\t\t<\/div>\r\n\t\t\t\t<\/div>\r\n\t\t\t<\/div>\r\n\t\t<\/div>\r\n\t<\/div>[\/vc_column_inner][vc_column_inner width=\u00bb1\/2&#8243;]\r\n\t<div class=\"edukul-spacer clearfix\" data-desktop=\"20\" data-mobi=\"40\" data-smobi=\"40\"><\/div><div class=\"edukul-simple-image no-effect  \" style=\"\" >\r\n\t\t\t\t<div><img decoding=\"async\" alt=\"image\" src=\"https:\/\/idiomasmazatlan.com\/uas\/wp-content\/uploads\/2019\/10\/separator2.png\" \/> <\/div>\r\n\t\t\t<\/div>\r\n\t<div class=\"edukul-spacer clearfix\" data-desktop=\"20\" data-mobi=\"40\" data-smobi=\"40\"><\/div><div class=\"edukul-headings clearfix \" data-font=55 data-mfont=36 style=\"\"><h2 class=\"heading clearfix \" style=\"max-width:450px;margin-bottom:25px;font-size:55px;\">\r\n\t\tServicios de Traducci\u00f3n\r\n\t<\/h2><p class=\"sub-heading clearfix\" style=\"font-style:normal;\">\r\n\t\tEn el Centro de Idiomas, ofrecemos servicios profesionales de traducci\u00f3n dirigidos a instituciones acad\u00e9micas, empresas y p\u00fablico en general, con un compromiso hacia la excelencia ling\u00fc\u00edstica y cultural. Nuestros traductores est\u00e1n capacitados en una amplia gama de disciplinas, asegurando precisi\u00f3n y coherencia en la interpretaci\u00f3n de textos t\u00e9cnicos, cient\u00edficos, acad\u00e9micos y literarios. Respetamos los m\u00e1s altos est\u00e1ndares \u00e9ticos y acad\u00e9micos, cumpliendo con las normativas establecidas por las principales instituciones educativas en M\u00e9xico.<br \/>\nCada traducci\u00f3n es realizada con un enfoque riguroso, garantizando que el contenido mantenga su integridad y mensaje original, en congruencia con las exigencias de nuestros clientes y las normativas internacionales de traducci\u00f3n.\r\n\t<\/p><\/div>\r\n\t<div class=\"edukul-spacer clearfix\" data-desktop=\"20\" data-mobi=\"20\" data-smobi=\"20\"><\/div><div class=\"edukul-list clearfix icon-middle\" >\r\n\t\t<div style=\"margin-bottom:6px;\">\r\n\t\t\t<span style=\"padding-left:25px;\"><span class=\"icon  accent\" style=\"font-size:16px;margin-top:-1px;\">\r\n\t\t\t<i class=\"eduk-check\"><\/i>\r\n\t\t<\/span> <span style=\"\">Traducci\u00f3n de Art\u00edculos Cient\u00edficos<\/span><\/span>\r\n\t\t<\/div>\r\n\t<\/div><div class=\"edukul-list clearfix icon-middle\" >\r\n\t\t<div style=\"margin-bottom:6px;\">\r\n\t\t\t<span style=\"padding-left:25px;\"><span class=\"icon  accent\" style=\"font-size:16px;margin-top:-1px;\">\r\n\t\t\t<i class=\"eduk-check\"><\/i>\r\n\t\t<\/span> <span style=\"\">Servicios de Traducci\u00f3n T\u00e9cnica<\/span><\/span>\r\n\t\t<\/div>\r\n\t<\/div><div class=\"edukul-list clearfix icon-middle\" >\r\n\t\t<div style=\"\">\r\n\t\t\t<span style=\"padding-left:25px;\"><span class=\"icon  accent\" style=\"font-size:16px;margin-top:-1px;\">\r\n\t\t\t<i class=\"eduk-check\"><\/i>\r\n\t\t<\/span> <span style=\"\">Servicios de Traducci\u00f3n Acad\u00e9mica<\/span><\/span>\r\n\t\t<\/div>\r\n\t<\/div>\r\n\t<div class=\"edukul-spacer clearfix\" data-desktop=\"40\" data-mobi=\"40\" data-smobi=\"40\"><\/div><div class=\"edukul-icon icon-577434908\"  data-icon=\"#ffffff\" data-background=\"#fe9823\" data-background-hover=\"#42495a\"><a class=\"url-wrap\" target=\"_blank\" href=\"https:\/\/facebook.com\/ceimazatlan\"><span class=\"icon\" style=\"font-size:15px;width:40px;height:40px;border-style:solid;border-radius:6px;line-height:40px;margin:0 10px 0 0;\"><i class=\"typcn typcn-social-facebook\"><\/i><\/span><\/a><\/div><div class=\"edukul-icon icon-462448756\"  data-icon=\"#ffffff\" data-background=\"#fe9823\" data-background-hover=\"#42495a\"><a class=\"url-wrap\" target=\"_blank\" href=\"https:\/\/www.instagram.com\/ceimazatlan\/\"><span class=\"icon\" style=\"font-size:15px;width:40px;height:40px;border-style:solid;border-radius:6px;line-height:40px;margin:0 10px 0 0;\"><i class=\"typcn typcn-social-instagram\"><\/i><\/span><\/a><\/div><div class=\"edukul-icon icon-1307820903\"  data-icon=\"#ffffff\" data-background=\"#fe9823\" data-background-hover=\"#42495a\"><a class=\"url-wrap\" target=\"_blank\" href=\"https:\/\/www.youtube.com\/@ceimazatlan\"><span class=\"icon\" style=\"font-size:15px;width:40px;height:40px;border-style:solid;border-radius:6px;line-height:40px;margin:0 10px 0 0;\"><i class=\"typcn typcn-social-youtube\"><\/i><\/span><\/a><\/div>[\/vc_column_inner][\/vc_row_inner]\r\n\t<div class=\"edukul-spacer clearfix\" data-desktop=\"80\" data-mobi=\"50\" data-smobi=\"50\"><\/div>\r\n\t<div class=\"edukul-tabs clearfix style-2\"><ul class=\"tab-title clearfix\"><\/ul><div class=\"tab-content-wrap\"><div class=\"tab-content \" style=\"\"><li class=\"item-title\" style=\"\">\r\n\t\t\t<span class=\"inner\" style=\"\">\r\n\t\t\t\tTabulador\r\n\t\t\t<\/span>\r\n\t\t<\/li><div class=\"item-content\" style=\"\"><p><!-- comment <object width=\"100%\" height=\"100%\" data=\"https:\/\/idiomasmazatlan.com\/uas\/wp-content\/uploads\/2024\/11\/Tabulador-de-Traducciones-CEIM-UAS.pdf\" type=\"application\/pdf\">Tu navegador no soporta archivos PDG. Por favor descarga un visor de PDFs para verlo. <a href=\"https:\/\/idiomasmazatlan.com\/uas\/wp-content\/uploads\/2024\/11\/Tabulador-de-Traducciones-CEIM-UAS.pdf\">Descargar PDF<\/a><\/object> --><\/p>\n<\/div><\/div>\n<\/div><\/div>\r\n\t<div class=\"edukul-spacer clearfix\" data-desktop=\"80\" data-mobi=\"50\" data-smobi=\"50\"><\/div>[vc_row_inner][vc_column_inner width=\u00bb1\/3&#8243;]<div class=\"edukul-content-box clearfix \" data-padding=\"50px 45px 55px\" data-mobipadding=\"50px 45px 55px\" data-margin=\"\" data-mobimargin=\"\" >\r\n\t\t<div class=\"inner ctb-1827555960\" style=\"background-position:left top;background-repeat:no-repeat;\"  data-background=\"#8876ff\" data-rounded=\"26px\">\r\n\t\t\t<div class=\"edukul-icon-box clearfix icon-top align-center  simple\" style=\"\" ><div class=\"wrap-inner\" style=\"position: relative;\"><div class=\"edukul-icon icon-378653588 custom custom\"  data-icon=\"#ffffff\" data-background=\"\">\r\n\t\t\t\t<span class=\"icon\" style=\"font-size:50px;width:80px;height:50px;border-style:solid;line-height:50px;\"><i class=\"eduk-atom\"><\/i><\/span>\r\n\t\t\t<\/div> <h3 class=\"heading  white\" style=\"color:#ffffff;font-size:24px;line-height:30px;margin-top:36px;margin-bottom:15px;\">\r\n\t\t\t<span>Textos Cient\u00edficos<\/span>\r\n\t\t<\/h3><div class=\"desc\" style=\"color:#ffffff;margin-bottom:13px;\"><p>Traducci\u00f3n de art\u00edculos cient\u00edficos u aquellos documentos que pretenden ser distribuidos masivamente.<\/p>\n<\/div><div class=\"url-wrap\" style=\"\">\r\n\t\t\t<a target=\"_self\" class=\"edukul-links link-style-1 light\" href=\"https:\/\/wa.me\/5216692161835\" style=\"\">\r\n\t\t\t\t<span class=\"text\">Enviar Mensaje WhatsApp<\/span>\r\n\t\t\t<\/a>\r\n\t\t<\/div> <\/div><\/div>\r\n\t\t<\/div>\r\n\t<\/div>\r\n\t<div class=\"edukul-spacer clearfix\" data-desktop=\"0\" data-mobi=\"50\" data-smobi=\"50\"><\/div>[\/vc_column_inner][vc_column_inner width=\u00bb1\/3&#8243;]<div class=\"edukul-content-box clearfix \" data-padding=\"50px 45px 55px\" data-mobipadding=\"50px 45px 55px\" data-margin=\"\" data-mobimargin=\"\" >\r\n\t\t<div class=\"inner ctb-1744296009\" style=\"background-position:left top;background-repeat:no-repeat;\"  data-background=\"#4582ff\" data-rounded=\"26px\">\r\n\t\t\t<div class=\"edukul-icon-box clearfix icon-top align-center  simple\" style=\"\" ><div class=\"wrap-inner\" style=\"position: relative;\"><div class=\"edukul-icon icon-1104204890 custom custom\"  data-icon=\"#ffffff\" data-background=\"\">\r\n\t\t\t\t<span class=\"icon\" style=\"font-size:50px;width:80px;height:50px;border-style:solid;line-height:50px;\"><i class=\"eduk-laptop-code\"><\/i><\/span>\r\n\t\t\t<\/div> <h3 class=\"heading  white\" style=\"color:#ffffff;font-size:24px;line-height:30px;margin-top:36px;margin-bottom:15px;\">\r\n\t\t\t<span>Textos T\u00e9cnicos<\/span>\r\n\t\t<\/h3><div class=\"desc\" style=\"color:#ffffff;margin-bottom:13px;\"><p>Traducciones certificadas de registro civil, de identificaci\u00f3n, \u00e1reas de la salud, o financieras.<\/p>\n<\/div><div class=\"url-wrap\" style=\"\">\r\n\t\t\t<a target=\"_self\" class=\"edukul-links link-style-1 light\" href=\"https:\/\/wa.me\/5216692161835\" style=\"\">\r\n\t\t\t\t<span class=\"text\">Enviar Mensaje WhatsApp<\/span>\r\n\t\t\t<\/a>\r\n\t\t<\/div> <\/div><\/div>\r\n\t\t<\/div>\r\n\t<\/div>\r\n\t<div class=\"edukul-spacer clearfix\" data-desktop=\"0\" data-mobi=\"50\" data-smobi=\"50\"><\/div>[\/vc_column_inner][vc_column_inner width=\u00bb1\/3&#8243;]<div class=\"edukul-content-box clearfix \" data-padding=\"50px 45px 55px\" data-mobipadding=\"50px 45px 55px\" data-margin=\"\" data-mobimargin=\"\" >\r\n\t\t<div class=\"inner ctb-1386731629\" style=\"background-position:left top;background-repeat:no-repeat;\"  data-background=\"#fe4155\" data-rounded=\"26px\">\r\n\t\t\t<div class=\"edukul-icon-box clearfix icon-top align-center  simple\" style=\"\" ><div class=\"wrap-inner\" style=\"position: relative;\"><div class=\"edukul-icon icon-927639350 custom custom\"  data-icon=\"#ffffff\" data-background=\"\">\r\n\t\t\t\t<span class=\"icon\" style=\"font-size:50px;width:80px;height:50px;border-style:solid;line-height:50px;\"><i class=\"eduk-book\"><\/i><\/span>\r\n\t\t\t<\/div> <h3 class=\"heading  white\" style=\"color:#ffffff;font-size:24px;line-height:30px;margin-top:36px;margin-bottom:15px;\">\r\n\t\t\t<span>Textos Acad\u00e9micos<\/span>\r\n\t\t<\/h3><div class=\"desc\" style=\"color:#ffffff;margin-bottom:13px;\"><p>Traducciones certificadas de documentos acad\u00e9micos, diplomas, t\u00edtulos, historiales, certificados.<\/p>\n<p>Traducci\u00f3n de apostillados.<\/p>\n<\/div><div class=\"url-wrap\" style=\"\">\r\n\t\t\t<a target=\"_self\" class=\"edukul-links link-style-1 light\" href=\"https:\/\/wa.me\/5216692161835\" style=\"\">\r\n\t\t\t\t<span class=\"text\">Enviar Mensaje WhatsApp<\/span>\r\n\t\t\t<\/a>\r\n\t\t<\/div> <\/div><\/div>\r\n\t\t<\/div>\r\n\t<\/div>[\/vc_column_inner][\/vc_row_inner]\r\n\t<div class=\"edukul-spacer clearfix\" data-desktop=\"130\" data-mobi=\"60\" data-smobi=\"60\"><\/div>[\/vc_column][\/vc_row]<\/p>\n<\/div>","protected":false},"excerpt":{"rendered":"<p>[vc_row][vc_column][vc_row_inner css=\u00bb.vc_custom_1574068086723{padding-top: 50px !important;padding-right: 50px !important;padding-bottom: 50px !important;padding-left: 50px !important;background-color: #f7f7f7 !important;}\u00bb][vc_column_inner width=\u00bb1\/2&#8243;][\/vc_column_inner][vc_column_inner width=\u00bb1\/2&#8243;][\/vc_column_inner][\/vc_row_inner][vc_row_inner][vc_column_inner width=\u00bb1\/3&#8243;][\/vc_column_inner][vc_column_inner width=\u00bb1\/3&#8243;][\/vc_column_inner][vc_column_inner width=\u00bb1\/3&#8243;][\/vc_column_inner][\/vc_row_inner][\/vc_column][\/vc_row]<\/p>\n","protected":false},"author":1,"featured_media":0,"parent":0,"menu_order":0,"comment_status":"closed","ping_status":"closed","template":"","meta":{"_coblocks_attr":"","_coblocks_dimensions":"","_coblocks_responsive_height":"","_coblocks_accordion_ie_support":"","om_disable_all_campaigns":false,"_monsterinsights_skip_tracking":false,"_monsterinsights_sitenote_active":false,"_monsterinsights_sitenote_note":"","_monsterinsights_sitenote_category":0,"footnotes":""},"class_list":["post-13656","page","type-page","status-publish","hentry"],"aioseo_notices":[],"yoast_head":"<!-- This site is optimized with the Yoast SEO plugin v24.3 - https:\/\/yoast.com\/wordpress\/plugins\/seo\/ -->\n<title>Traducci\u00f3n - Centro de Estudio de Idiomas Mazatl\u00e1n - UAS<\/title>\n<meta name=\"description\" content=\"En el Centro de Idiomas, ofrecemos servicios profesionales de traducci\u00f3n dirigidos a instituciones acad\u00e9micas, empresas y p\u00fablico en general.\" \/>\n<meta name=\"robots\" content=\"index, follow, max-snippet:-1, max-image-preview:large, max-video-preview:-1\" \/>\n<link rel=\"canonical\" href=\"https:\/\/idiomasmazatlan.com\/uas\/traduccion\/\" \/>\n<meta property=\"og:locale\" content=\"es_ES\" \/>\n<meta property=\"og:type\" content=\"article\" \/>\n<meta property=\"og:title\" content=\"Traducci\u00f3n - Centro de Estudio de Idiomas Mazatl\u00e1n - UAS\" \/>\n<meta property=\"og:description\" content=\"En el Centro de Idiomas, ofrecemos servicios profesionales de traducci\u00f3n dirigidos a instituciones acad\u00e9micas, empresas y p\u00fablico en general.\" \/>\n<meta property=\"og:url\" content=\"https:\/\/idiomasmazatlan.com\/uas\/traduccion\/\" \/>\n<meta property=\"og:site_name\" content=\"Centro de Estudio de Idiomas Mazatl\u00e1n - UAS\" \/>\n<meta property=\"article:modified_time\" content=\"2026-03-14T02:32:53+00:00\" \/>\n<meta name=\"twitter:card\" content=\"summary_large_image\" \/>\n<meta name=\"twitter:label1\" content=\"Tiempo de lectura\" \/>\n\t<meta name=\"twitter:data1\" content=\"3 minutos\" \/>\n<script type=\"application\/ld+json\" class=\"yoast-schema-graph\">{\"@context\":\"https:\/\/schema.org\",\"@graph\":[{\"@type\":\"WebPage\",\"@id\":\"https:\/\/idiomasmazatlan.com\/uas\/traduccion\/\",\"url\":\"https:\/\/idiomasmazatlan.com\/uas\/traduccion\/\",\"name\":\"Traducci\u00f3n - Centro de Estudio de Idiomas Mazatl\u00e1n - UAS\",\"isPartOf\":{\"@id\":\"https:\/\/idiomasmazatlan.com\/uas\/#website\"},\"datePublished\":\"2024-09-09T08:17:56+00:00\",\"dateModified\":\"2026-03-14T02:32:53+00:00\",\"description\":\"En el Centro de Idiomas, ofrecemos servicios profesionales de traducci\u00f3n dirigidos a instituciones acad\u00e9micas, empresas y p\u00fablico en general.\",\"breadcrumb\":{\"@id\":\"https:\/\/idiomasmazatlan.com\/uas\/traduccion\/#breadcrumb\"},\"inLanguage\":\"es\",\"potentialAction\":[{\"@type\":\"ReadAction\",\"target\":[\"https:\/\/idiomasmazatlan.com\/uas\/traduccion\/\"]}]},{\"@type\":\"BreadcrumbList\",\"@id\":\"https:\/\/idiomasmazatlan.com\/uas\/traduccion\/#breadcrumb\",\"itemListElement\":[{\"@type\":\"ListItem\",\"position\":1,\"name\":\"Home\",\"item\":\"https:\/\/idiomasmazatlan.com\/uas\/\"},{\"@type\":\"ListItem\",\"position\":2,\"name\":\"Traducci\u00f3n\"}]},{\"@type\":\"WebSite\",\"@id\":\"https:\/\/idiomasmazatlan.com\/uas\/#website\",\"url\":\"https:\/\/idiomasmazatlan.com\/uas\/\",\"name\":\"Centro de Estudio de Idiomas Mazatl\u00e1n - UAS\",\"description\":\"\",\"publisher\":{\"@id\":\"https:\/\/idiomasmazatlan.com\/uas\/#organization\"},\"potentialAction\":[{\"@type\":\"SearchAction\",\"target\":{\"@type\":\"EntryPoint\",\"urlTemplate\":\"https:\/\/idiomasmazatlan.com\/uas\/?s={search_term_string}\"},\"query-input\":{\"@type\":\"PropertyValueSpecification\",\"valueRequired\":true,\"valueName\":\"search_term_string\"}}],\"inLanguage\":\"es\"},{\"@type\":\"Organization\",\"@id\":\"https:\/\/idiomasmazatlan.com\/uas\/#organization\",\"name\":\"Centro de Estudio de Idiomas Mazatl\u00e1n - UAS\",\"url\":\"https:\/\/idiomasmazatlan.com\/uas\/\",\"logo\":{\"@type\":\"ImageObject\",\"inLanguage\":\"es\",\"@id\":\"https:\/\/idiomasmazatlan.com\/uas\/#\/schema\/logo\/image\/\",\"url\":\"\",\"contentUrl\":\"\",\"caption\":\"Centro de Estudio de Idiomas Mazatl\u00e1n - UAS\"},\"image\":{\"@id\":\"https:\/\/idiomasmazatlan.com\/uas\/#\/schema\/logo\/image\/\"}}]}<\/script>\n<!-- \/ Yoast SEO plugin. -->","yoast_head_json":{"title":"Traducci\u00f3n - Centro de Estudio de Idiomas Mazatl\u00e1n - UAS","description":"En el Centro de Idiomas, ofrecemos servicios profesionales de traducci\u00f3n dirigidos a instituciones acad\u00e9micas, empresas y p\u00fablico en general.","robots":{"index":"index","follow":"follow","max-snippet":"max-snippet:-1","max-image-preview":"max-image-preview:large","max-video-preview":"max-video-preview:-1"},"canonical":"https:\/\/idiomasmazatlan.com\/uas\/traduccion\/","og_locale":"es_ES","og_type":"article","og_title":"Traducci\u00f3n - Centro de Estudio de Idiomas Mazatl\u00e1n - UAS","og_description":"En el Centro de Idiomas, ofrecemos servicios profesionales de traducci\u00f3n dirigidos a instituciones acad\u00e9micas, empresas y p\u00fablico en general.","og_url":"https:\/\/idiomasmazatlan.com\/uas\/traduccion\/","og_site_name":"Centro de Estudio de Idiomas Mazatl\u00e1n - UAS","article_modified_time":"2026-03-14T02:32:53+00:00","twitter_card":"summary_large_image","twitter_misc":{"Tiempo de lectura":"3 minutos"},"schema":{"@context":"https:\/\/schema.org","@graph":[{"@type":"WebPage","@id":"https:\/\/idiomasmazatlan.com\/uas\/traduccion\/","url":"https:\/\/idiomasmazatlan.com\/uas\/traduccion\/","name":"Traducci\u00f3n - Centro de Estudio de Idiomas Mazatl\u00e1n - UAS","isPartOf":{"@id":"https:\/\/idiomasmazatlan.com\/uas\/#website"},"datePublished":"2024-09-09T08:17:56+00:00","dateModified":"2026-03-14T02:32:53+00:00","description":"En el Centro de Idiomas, ofrecemos servicios profesionales de traducci\u00f3n dirigidos a instituciones acad\u00e9micas, empresas y p\u00fablico en general.","breadcrumb":{"@id":"https:\/\/idiomasmazatlan.com\/uas\/traduccion\/#breadcrumb"},"inLanguage":"es","potentialAction":[{"@type":"ReadAction","target":["https:\/\/idiomasmazatlan.com\/uas\/traduccion\/"]}]},{"@type":"BreadcrumbList","@id":"https:\/\/idiomasmazatlan.com\/uas\/traduccion\/#breadcrumb","itemListElement":[{"@type":"ListItem","position":1,"name":"Home","item":"https:\/\/idiomasmazatlan.com\/uas\/"},{"@type":"ListItem","position":2,"name":"Traducci\u00f3n"}]},{"@type":"WebSite","@id":"https:\/\/idiomasmazatlan.com\/uas\/#website","url":"https:\/\/idiomasmazatlan.com\/uas\/","name":"Centro de Estudio de Idiomas Mazatl\u00e1n - UAS","description":"","publisher":{"@id":"https:\/\/idiomasmazatlan.com\/uas\/#organization"},"potentialAction":[{"@type":"SearchAction","target":{"@type":"EntryPoint","urlTemplate":"https:\/\/idiomasmazatlan.com\/uas\/?s={search_term_string}"},"query-input":{"@type":"PropertyValueSpecification","valueRequired":true,"valueName":"search_term_string"}}],"inLanguage":"es"},{"@type":"Organization","@id":"https:\/\/idiomasmazatlan.com\/uas\/#organization","name":"Centro de Estudio de Idiomas Mazatl\u00e1n - UAS","url":"https:\/\/idiomasmazatlan.com\/uas\/","logo":{"@type":"ImageObject","inLanguage":"es","@id":"https:\/\/idiomasmazatlan.com\/uas\/#\/schema\/logo\/image\/","url":"","contentUrl":"","caption":"Centro de Estudio de Idiomas Mazatl\u00e1n - UAS"},"image":{"@id":"https:\/\/idiomasmazatlan.com\/uas\/#\/schema\/logo\/image\/"}}]}},"_links":{"self":[{"href":"https:\/\/idiomasmazatlan.com\/uas\/wp-json\/wp\/v2\/pages\/13656","targetHints":{"allow":["GET"]}}],"collection":[{"href":"https:\/\/idiomasmazatlan.com\/uas\/wp-json\/wp\/v2\/pages"}],"about":[{"href":"https:\/\/idiomasmazatlan.com\/uas\/wp-json\/wp\/v2\/types\/page"}],"author":[{"embeddable":true,"href":"https:\/\/idiomasmazatlan.com\/uas\/wp-json\/wp\/v2\/users\/1"}],"replies":[{"embeddable":true,"href":"https:\/\/idiomasmazatlan.com\/uas\/wp-json\/wp\/v2\/comments?post=13656"}],"version-history":[{"count":18,"href":"https:\/\/idiomasmazatlan.com\/uas\/wp-json\/wp\/v2\/pages\/13656\/revisions"}],"predecessor-version":[{"id":20055,"href":"https:\/\/idiomasmazatlan.com\/uas\/wp-json\/wp\/v2\/pages\/13656\/revisions\/20055"}],"wp:attachment":[{"href":"https:\/\/idiomasmazatlan.com\/uas\/wp-json\/wp\/v2\/media?parent=13656"}],"curies":[{"name":"wp","href":"https:\/\/api.w.org\/{rel}","templated":true}]}}