{"id":19015,"date":"2020-05-03T19:53:36","date_gmt":"2020-05-03T19:53:36","guid":{"rendered":"https:\/\/ninzio.com\/edukul\/?page_id=19015"},"modified":"2024-11-06T16:11:00","modified_gmt":"2024-11-06T16:11:00","slug":"ssba","status":"publish","type":"page","link":"https:\/\/idiomasmazatlan.com\/uas\/ssba\/","title":{"rendered":"BA Student Society"},"content":{"rendered":"<div class=\"wpb-content-wrapper\"><p>[vc_section][vc_row][vc_column]<div class=\"hero-section video player text-center\" data-property=\"{videoURL:'',containment:'.player', showControls:false, autoPlay:true, loop:true, mute:false, startAt:0, opacity:1, addRaster:'style-1', quality:'default'}\" data-overlay=\"\" data-content=\"0\" data-height=\"\">\r\n\t\t    <div class=\"hero-content\"><div class=\"edukul-content-box clearfix \" data-padding=\"\" data-mobipadding=\"\" data-margin=\"\" data-mobimargin=\"\" >\r\n\t\t<div class=\"inner ctb-1611451280\" style=\"background-position:left top;background-repeat:no-repeat;\"  data-background=\"\">\r\n\t\t\t[vc_video link=\u00bbhttps:\/\/youtu.be\/wKh1WE5npsc\u00bb css=\u00bb\u00bb title=\u00bbBA Student Society Through the Years\u00bb el_id=\u00bbvidyears\u00bb]\r\n\t<div class=\"edukul-spacer clearfix\" data-desktop=\"110\" data-mobi=\"60\" data-smobi=\"60\"><\/div>\r\n\t\t<\/div>\r\n\t<\/div><\/div> \r\n\t    <\/div>[vc_column_text css=\u00bb\u00bb]<\/p>\n<p class=\"p1\" style=\"text-align: left;\"><b>Historia de la Sociedad de Alumnos de Licenciatura [BA in ELT]<\/b><b><\/b><\/p>\n<p class=\"p1\" style=\"text-align: left;\">La Sociedad de Alumnos de la Licenciatura naci\u00f3 en 2017, impulsada por el entusiasmo y el compromiso de un grupo de j\u00f3venes de la generaci\u00f3n 2016-2020, quienes visualizaron la importancia de un espacio organizado de representaci\u00f3n estudiantil. Desde sus primeros d\u00edas, esta sociedad se ha comprometido con el desarrollo de una comunidad acad\u00e9mica unida y con valores \u00e9ticos s\u00f3lidos, enfoc\u00e1ndose en fortalecer el sentido de responsabilidad social entre sus integrantes.<\/p>\n<p class=\"p1\" style=\"text-align: left;\">Durante sus primeros a\u00f1os, la direcci\u00f3n de la Sociedad de Alumnos fue asumida por Michiko Amano, Adolofo Lim\u00f3n, Lucero Zavalza, Samantha Beltr\u00e1n y Tiffany Madrid.<br \/>\nA\u00f1os despu\u00e9s Melissa Patr\u00f3n e Ismael Garc\u00eda, aportaron dinamismo y estructura al proyecto. Posteriormente, Norma y Ad\u00e1n tomaron el liderazgo, continuando con la consolidaci\u00f3n de las actividades y el fomento de la identidad universitaria y el compromiso social.<br \/>\nM\u00e1s adelante, despu\u00e9s de la pandemia por el COVID-19, Aim\u00e9e asumi\u00f3 el cargo, adaptando sus esfuerzos a las necesidades cambiantes de la comunidad estudiantil.<\/p>\n<p class=\"p1\" style=\"text-align: left;\">Actualmente, la Sociedad de Alumnos est\u00e1 compuesta por un comit\u00e9 de seis integrantes de la generaci\u00f3n 2025-2029, quienes representan y coordinan iniciativas para el bienestar de sus compa\u00f1eros.<br \/>\n&#8211; Carolina Cabrera (Presidenta)<br \/>\n&#8211; Valeria Sainz (Vicepresidenta)<br \/>\n&#8211; Marco Gael Valle (Primer vocal)<br \/>\n&#8211; Eduardo Salgado (Secretario)<br \/>\n&#8211; Andrea Hern\u00e1ndez (2da Secretaria)<br \/>\n&#8211; G\u00e9nesis Michel Aguirre (Tesorera)<\/p>\n<p class=\"p1\" style=\"text-align: left;\">Este equipo mantiene como pilares fundamentales la \u00e9tica y el compromiso social, valores esenciales en la formaci\u00f3n docente de los egresados UAS. Los estudiantes de la sociedad se entrenan para ser no solo acad\u00e9micos, sino tambi\u00e9n promotores de relaciones interpersonales arm\u00f3nicas dentro y fuera de la universidad, fomentando as\u00ed un entorno colaborativo y de respeto mutuo.<\/p>\n<p class=\"p1\" style=\"text-align: left;\">La labor de la Sociedad de Alumnos de Licenciatura sigue evolucionando, reflejando los ideales y la esencia de los universitarios de la Universidad Aut\u00f3noma de Sinaloa: una comunidad dedicada al aprendizaje, la colaboraci\u00f3n y el desarrollo de valores que trascienden las aulas, y al compromiso social.<\/p>\n<p>[\/vc_column_text][\/vc_column][\/vc_row][\/vc_section][vc_row][vc_column]\r\n\t<div class=\"edukul-spacer clearfix\" data-desktop=\"110\" data-mobi=\"60\" data-smobi=\"60\"><\/div>[vc_zigzag color=\u00bborange\u00bb]\r\n\t<div class=\"edukul-spacer clearfix\" data-desktop=\"110\" data-mobi=\"60\" data-smobi=\"60\"><\/div>[\/vc_column][\/vc_row][vc_row][vc_column width=\u00bb1\/2&#8243;]<div class=\"button-wrap icon-right has-icon\" style=\"\" ><a href=\"https:\/\/www.facebook.com\/ssbamazatlan\" target=\"_blank\" class=\"edukul-button btn-1049497238 medium custom custom custom outline solid custom\" style=\"border-width:1px;\"  data-background=\"#1e73be\" data-text=\"#ffffff\" data-border=\"\" data-text-hover=\"#1e73be\" data-background-hover=\"#ffffff\" data-icon=\"#1e73be\">\r\n\t\t<span style=\"\">Facebook <span class=\"icon\" style=\"\"><i class=\"fa fa-fab facebook-square\"><\/i><\/span><\/span>\r\n\t<\/a><\/div>[\/vc_column][vc_column width=\u00bb1\/2&#8243;][vc_btn title=\u00bbLingua Waves &#8211; Podcast\u00bb color=\u00bbprimary\u00bb css=\u00bb\u00bb link=\u00bburl:https%3A%2F%2Fopen.spotify.com%2Fshow%2F4dJlsUWbiLmISlEbN8Xft4|title:Podcast%20-%20Spotify|target:_blank\u00bb el_id=\u00bbpodcast\u00bb][\/vc_column][\/vc_row]<\/p>\n<\/div>","protected":false},"excerpt":{"rendered":"<p>[vc_section][vc_row][vc_column][vc_column_text css=\u00bb\u00bb] Historia de la Sociedad de Alumnos de Licenciatura [BA in ELT] La Sociedad de Alumnos de la Licenciatura naci\u00f3 en 2017, impulsada por el entusiasmo y el compromiso de un grupo de j\u00f3venes de la generaci\u00f3n 2016-2020, quienes visualizaron la importancia de un espacio organizado de representaci\u00f3n estudiantil.<\/p>\n","protected":false},"author":1,"featured_media":19757,"parent":0,"menu_order":0,"comment_status":"closed","ping_status":"closed","template":"","meta":{"_coblocks_attr":"","_coblocks_dimensions":"","_coblocks_responsive_height":"","_coblocks_accordion_ie_support":"","om_disable_all_campaigns":false,"_monsterinsights_skip_tracking":false,"_monsterinsights_sitenote_active":false,"_monsterinsights_sitenote_note":"","_monsterinsights_sitenote_category":0,"footnotes":""},"class_list":["post-19015","page","type-page","status-publish","has-post-thumbnail","hentry"],"aioseo_notices":[],"yoast_head":"<!-- This site is optimized with the Yoast SEO plugin v24.3 - https:\/\/yoast.com\/wordpress\/plugins\/seo\/ -->\n<title>BA Student Society - Centro de Estudio de Idiomas Mazatl\u00e1n - UAS<\/title>\n<meta name=\"description\" content=\"Sociedad de Alumnos Licenciatura en Ense\u00f1anza del Idioma Ingl\u00e9s\" \/>\n<meta name=\"robots\" content=\"index, follow, max-snippet:-1, max-image-preview:large, max-video-preview:-1\" \/>\n<link rel=\"canonical\" href=\"https:\/\/idiomasmazatlan.com\/uas\/ssba\/\" \/>\n<meta property=\"og:locale\" content=\"es_ES\" \/>\n<meta property=\"og:type\" content=\"article\" \/>\n<meta property=\"og:title\" content=\"BA Student Society - Centro de Estudio de Idiomas Mazatl\u00e1n - UAS\" \/>\n<meta property=\"og:description\" content=\"Sociedad de Alumnos Licenciatura en Ense\u00f1anza del Idioma Ingl\u00e9s\" \/>\n<meta property=\"og:url\" content=\"https:\/\/idiomasmazatlan.com\/uas\/ssba\/\" \/>\n<meta property=\"og:site_name\" content=\"Centro de Estudio de Idiomas Mazatl\u00e1n - UAS\" \/>\n<meta property=\"article:modified_time\" content=\"2024-11-06T16:11:00+00:00\" \/>\n<meta property=\"og:image\" content=\"https:\/\/idiomasmazatlan.com\/uas\/wp-content\/uploads\/2024\/11\/IconBlog_BASS.png\" \/>\n\t<meta property=\"og:image:width\" content=\"1543\" \/>\n\t<meta property=\"og:image:height\" content=\"1543\" \/>\n\t<meta property=\"og:image:type\" content=\"image\/png\" \/>\n<meta name=\"twitter:card\" content=\"summary_large_image\" \/>\n<meta name=\"twitter:label1\" content=\"Tiempo de lectura\" \/>\n\t<meta name=\"twitter:data1\" content=\"2 minutos\" \/>\n<script type=\"application\/ld+json\" class=\"yoast-schema-graph\">{\"@context\":\"https:\/\/schema.org\",\"@graph\":[{\"@type\":\"WebPage\",\"@id\":\"https:\/\/idiomasmazatlan.com\/uas\/ssba\/\",\"url\":\"https:\/\/idiomasmazatlan.com\/uas\/ssba\/\",\"name\":\"BA Student Society - Centro de Estudio de Idiomas Mazatl\u00e1n - UAS\",\"isPartOf\":{\"@id\":\"https:\/\/idiomasmazatlan.com\/uas\/#website\"},\"primaryImageOfPage\":{\"@id\":\"https:\/\/idiomasmazatlan.com\/uas\/ssba\/#primaryimage\"},\"image\":{\"@id\":\"https:\/\/idiomasmazatlan.com\/uas\/ssba\/#primaryimage\"},\"thumbnailUrl\":\"https:\/\/idiomasmazatlan.com\/uas\/wp-content\/uploads\/2024\/11\/IconBlog_BASS.png\",\"datePublished\":\"2020-05-03T19:53:36+00:00\",\"dateModified\":\"2024-11-06T16:11:00+00:00\",\"description\":\"Sociedad de Alumnos Licenciatura en Ense\u00f1anza del Idioma Ingl\u00e9s\",\"breadcrumb\":{\"@id\":\"https:\/\/idiomasmazatlan.com\/uas\/ssba\/#breadcrumb\"},\"inLanguage\":\"es\",\"potentialAction\":[{\"@type\":\"ReadAction\",\"target\":[\"https:\/\/idiomasmazatlan.com\/uas\/ssba\/\"]}]},{\"@type\":\"ImageObject\",\"inLanguage\":\"es\",\"@id\":\"https:\/\/idiomasmazatlan.com\/uas\/ssba\/#primaryimage\",\"url\":\"https:\/\/idiomasmazatlan.com\/uas\/wp-content\/uploads\/2024\/11\/IconBlog_BASS.png\",\"contentUrl\":\"https:\/\/idiomasmazatlan.com\/uas\/wp-content\/uploads\/2024\/11\/IconBlog_BASS.png\",\"width\":1543,\"height\":1543},{\"@type\":\"BreadcrumbList\",\"@id\":\"https:\/\/idiomasmazatlan.com\/uas\/ssba\/#breadcrumb\",\"itemListElement\":[{\"@type\":\"ListItem\",\"position\":1,\"name\":\"Home\",\"item\":\"https:\/\/idiomasmazatlan.com\/uas\/\"},{\"@type\":\"ListItem\",\"position\":2,\"name\":\"BA Student Society\"}]},{\"@type\":\"WebSite\",\"@id\":\"https:\/\/idiomasmazatlan.com\/uas\/#website\",\"url\":\"https:\/\/idiomasmazatlan.com\/uas\/\",\"name\":\"Centro de Estudio de Idiomas Mazatl\u00e1n - UAS\",\"description\":\"\",\"publisher\":{\"@id\":\"https:\/\/idiomasmazatlan.com\/uas\/#organization\"},\"potentialAction\":[{\"@type\":\"SearchAction\",\"target\":{\"@type\":\"EntryPoint\",\"urlTemplate\":\"https:\/\/idiomasmazatlan.com\/uas\/?s={search_term_string}\"},\"query-input\":{\"@type\":\"PropertyValueSpecification\",\"valueRequired\":true,\"valueName\":\"search_term_string\"}}],\"inLanguage\":\"es\"},{\"@type\":\"Organization\",\"@id\":\"https:\/\/idiomasmazatlan.com\/uas\/#organization\",\"name\":\"Centro de Estudio de Idiomas Mazatl\u00e1n - UAS\",\"url\":\"https:\/\/idiomasmazatlan.com\/uas\/\",\"logo\":{\"@type\":\"ImageObject\",\"inLanguage\":\"es\",\"@id\":\"https:\/\/idiomasmazatlan.com\/uas\/#\/schema\/logo\/image\/\",\"url\":\"\",\"contentUrl\":\"\",\"caption\":\"Centro de Estudio de Idiomas Mazatl\u00e1n - UAS\"},\"image\":{\"@id\":\"https:\/\/idiomasmazatlan.com\/uas\/#\/schema\/logo\/image\/\"}}]}<\/script>\n<!-- \/ Yoast SEO plugin. -->","yoast_head_json":{"title":"BA Student Society - Centro de Estudio de Idiomas Mazatl\u00e1n - UAS","description":"Sociedad de Alumnos Licenciatura en Ense\u00f1anza del Idioma Ingl\u00e9s","robots":{"index":"index","follow":"follow","max-snippet":"max-snippet:-1","max-image-preview":"max-image-preview:large","max-video-preview":"max-video-preview:-1"},"canonical":"https:\/\/idiomasmazatlan.com\/uas\/ssba\/","og_locale":"es_ES","og_type":"article","og_title":"BA Student Society - Centro de Estudio de Idiomas Mazatl\u00e1n - UAS","og_description":"Sociedad de Alumnos Licenciatura en Ense\u00f1anza del Idioma Ingl\u00e9s","og_url":"https:\/\/idiomasmazatlan.com\/uas\/ssba\/","og_site_name":"Centro de Estudio de Idiomas Mazatl\u00e1n - UAS","article_modified_time":"2024-11-06T16:11:00+00:00","og_image":[{"width":1543,"height":1543,"url":"https:\/\/idiomasmazatlan.com\/uas\/wp-content\/uploads\/2024\/11\/IconBlog_BASS.png","type":"image\/png"}],"twitter_card":"summary_large_image","twitter_misc":{"Tiempo de lectura":"2 minutos"},"schema":{"@context":"https:\/\/schema.org","@graph":[{"@type":"WebPage","@id":"https:\/\/idiomasmazatlan.com\/uas\/ssba\/","url":"https:\/\/idiomasmazatlan.com\/uas\/ssba\/","name":"BA Student Society - Centro de Estudio de Idiomas Mazatl\u00e1n - UAS","isPartOf":{"@id":"https:\/\/idiomasmazatlan.com\/uas\/#website"},"primaryImageOfPage":{"@id":"https:\/\/idiomasmazatlan.com\/uas\/ssba\/#primaryimage"},"image":{"@id":"https:\/\/idiomasmazatlan.com\/uas\/ssba\/#primaryimage"},"thumbnailUrl":"https:\/\/idiomasmazatlan.com\/uas\/wp-content\/uploads\/2024\/11\/IconBlog_BASS.png","datePublished":"2020-05-03T19:53:36+00:00","dateModified":"2024-11-06T16:11:00+00:00","description":"Sociedad de Alumnos Licenciatura en Ense\u00f1anza del Idioma Ingl\u00e9s","breadcrumb":{"@id":"https:\/\/idiomasmazatlan.com\/uas\/ssba\/#breadcrumb"},"inLanguage":"es","potentialAction":[{"@type":"ReadAction","target":["https:\/\/idiomasmazatlan.com\/uas\/ssba\/"]}]},{"@type":"ImageObject","inLanguage":"es","@id":"https:\/\/idiomasmazatlan.com\/uas\/ssba\/#primaryimage","url":"https:\/\/idiomasmazatlan.com\/uas\/wp-content\/uploads\/2024\/11\/IconBlog_BASS.png","contentUrl":"https:\/\/idiomasmazatlan.com\/uas\/wp-content\/uploads\/2024\/11\/IconBlog_BASS.png","width":1543,"height":1543},{"@type":"BreadcrumbList","@id":"https:\/\/idiomasmazatlan.com\/uas\/ssba\/#breadcrumb","itemListElement":[{"@type":"ListItem","position":1,"name":"Home","item":"https:\/\/idiomasmazatlan.com\/uas\/"},{"@type":"ListItem","position":2,"name":"BA Student Society"}]},{"@type":"WebSite","@id":"https:\/\/idiomasmazatlan.com\/uas\/#website","url":"https:\/\/idiomasmazatlan.com\/uas\/","name":"Centro de Estudio de Idiomas Mazatl\u00e1n - UAS","description":"","publisher":{"@id":"https:\/\/idiomasmazatlan.com\/uas\/#organization"},"potentialAction":[{"@type":"SearchAction","target":{"@type":"EntryPoint","urlTemplate":"https:\/\/idiomasmazatlan.com\/uas\/?s={search_term_string}"},"query-input":{"@type":"PropertyValueSpecification","valueRequired":true,"valueName":"search_term_string"}}],"inLanguage":"es"},{"@type":"Organization","@id":"https:\/\/idiomasmazatlan.com\/uas\/#organization","name":"Centro de Estudio de Idiomas Mazatl\u00e1n - UAS","url":"https:\/\/idiomasmazatlan.com\/uas\/","logo":{"@type":"ImageObject","inLanguage":"es","@id":"https:\/\/idiomasmazatlan.com\/uas\/#\/schema\/logo\/image\/","url":"","contentUrl":"","caption":"Centro de Estudio de Idiomas Mazatl\u00e1n - UAS"},"image":{"@id":"https:\/\/idiomasmazatlan.com\/uas\/#\/schema\/logo\/image\/"}}]}},"_links":{"self":[{"href":"https:\/\/idiomasmazatlan.com\/uas\/wp-json\/wp\/v2\/pages\/19015","targetHints":{"allow":["GET"]}}],"collection":[{"href":"https:\/\/idiomasmazatlan.com\/uas\/wp-json\/wp\/v2\/pages"}],"about":[{"href":"https:\/\/idiomasmazatlan.com\/uas\/wp-json\/wp\/v2\/types\/page"}],"author":[{"embeddable":true,"href":"https:\/\/idiomasmazatlan.com\/uas\/wp-json\/wp\/v2\/users\/1"}],"replies":[{"embeddable":true,"href":"https:\/\/idiomasmazatlan.com\/uas\/wp-json\/wp\/v2\/comments?post=19015"}],"version-history":[{"count":15,"href":"https:\/\/idiomasmazatlan.com\/uas\/wp-json\/wp\/v2\/pages\/19015\/revisions"}],"predecessor-version":[{"id":19759,"href":"https:\/\/idiomasmazatlan.com\/uas\/wp-json\/wp\/v2\/pages\/19015\/revisions\/19759"}],"wp:featuredmedia":[{"embeddable":true,"href":"https:\/\/idiomasmazatlan.com\/uas\/wp-json\/wp\/v2\/media\/19757"}],"wp:attachment":[{"href":"https:\/\/idiomasmazatlan.com\/uas\/wp-json\/wp\/v2\/media?parent=19015"}],"curies":[{"name":"wp","href":"https:\/\/api.w.org\/{rel}","templated":true}]}}