{"id":19270,"date":"2024-08-03T02:42:16","date_gmt":"2024-08-03T02:42:16","guid":{"rendered":"https:\/\/idiomasmazatlan.com\/uas\/?page_id=19270"},"modified":"2026-03-13T19:07:17","modified_gmt":"2026-03-13T19:07:17","slug":"directorio","status":"publish","type":"page","link":"https:\/\/idiomasmazatlan.com\/uas\/directorio\/","title":{"rendered":"Directorio"},"content":{"rendered":"<div class=\"wpb-content-wrapper\"><p>[vc_row][vc_column][vc_zigzag color=\u00bborange\u00bb]<h2 class=\"edukul-special-text text-center\">\r\n        <span style=\"font-family:;\">ADMINISTRACI\u00d3N<\/span><span style=\"font-family:;\"><\/span><span style=\"font-family:;\"><\/span>\r\n    <\/h2>[vc_zigzag color=\u00bborange\u00bb][vc_row_inner][vc_column_inner]\r\n\t<div class=\"edukul-spacer clearfix\" data-desktop=\"60\" data-mobi=\"30\" data-smobi=\"30\"><\/div><div class=\"edukul-image-box clearfix style-1 text-center wow fadeInUp\" style=\"\"  data-wow-duration=\"0.75s\" data-wow-delay=\"0.3s\">\r\n        <div class=\"item\">\r\n            <div class=\"inner\">\r\n                \r\n                <div class=\"text-wrap \" style=\"\">\r\n                    <div class=\"text-inner\"><h3 class=\"title\" style=\"\">\r\n            Dra. Melina Marbella Elenes Liz\u00e1rraga\r\n        <\/h3> <div class=\"desc\" style=\"\">Directora General del Centro de Estudio de Idiomas Mazatl\u00e1n (CEIM)<\/div> <div class=\"url-wrap\">\r\n            <a target=\"_blank\" class=\"edukul-button small btn-77575756 custom custom outline solid custom\" href=\"mailto:direccionCEIM@uas.edu.mx\" style=\"border-width:1px;\"  data-background=\"#0f2051\" data-text=\"#ffffff\" data-border=\"\">EMAIL<\/a>\r\n        <\/div><\/div>\r\n                <\/div>\r\n                \r\n            <\/div>\r\n        <\/div>\r\n    <\/div>\r\n\t<div class=\"edukul-spacer clearfix\" data-desktop=\"60\" data-mobi=\"30\" data-smobi=\"30\"><\/div><div class=\"edukul-image-box clearfix style-1 text-center wow fadeInUp\" style=\"\"  data-wow-duration=\"0.75s\" data-wow-delay=\"0.3s\">\r\n        <div class=\"item\">\r\n            <div class=\"inner\">\r\n                \r\n                <div class=\"text-wrap \" style=\"\">\r\n                    <div class=\"text-inner\"><h3 class=\"title\" style=\"\">\r\n            M.Ed. Michiko Amano\r\n        <\/h3> <div class=\"desc\" style=\"\">Administraci\u00f3n RH CEIM<\/div> <div class=\"url-wrap\">\r\n            <a target=\"_blank\" class=\"edukul-button small btn-1720857112 custom custom outline solid custom\" href=\"mailto:subceim@ms.uas.edu.mx\" style=\"border-width:1px;\"  data-background=\"#0f2051\" data-text=\"#ffffff\" data-border=\"\">EMAIL<\/a>\r\n        <\/div><\/div>\r\n                <\/div>\r\n                \r\n            <\/div>\r\n        <\/div>\r\n    <\/div>\r\n\t<div class=\"edukul-spacer clearfix\" data-desktop=\"60\" data-mobi=\"30\" data-smobi=\"30\"><\/div><div class=\"edukul-image-box clearfix style-1 text-center wow fadeInUp\" style=\"\"  data-wow-duration=\"0.75s\" data-wow-delay=\"0.3s\">\r\n        <div class=\"item\">\r\n            <div class=\"inner\">\r\n                \r\n                <div class=\"text-wrap \" style=\"\">\r\n                    <div class=\"text-inner\"><h4 class=\"title\" style=\"\">\r\n            CP. Andr\u00e9s Rodr\u00edguez Ar\u00e1mburo\r\n        <\/h4> <div class=\"desc\" style=\"\">Coordinador Administrativo del CEIM<\/div> <div class=\"url-wrap\">\r\n            <a target=\"_blank\" class=\"edukul-button small btn-378263603 custom custom outline solid custom\" href=\"mailto:andresmaztl@hotmail.com\" style=\"border-width:1px;\"  data-background=\"#0f2051\" data-text=\"#ffffff\" data-border=\"\">EMAIL<\/a>\r\n        <\/div><\/div>\r\n                <\/div>\r\n                \r\n            <\/div>\r\n        <\/div>\r\n    <\/div>[\/vc_column_inner][\/vc_row_inner]\r\n\t<div class=\"edukul-spacer clearfix\" data-desktop=\"60\" data-mobi=\"30\" data-smobi=\"30\"><\/div>[vc_zigzag color=\u00bborange\u00bb]<h2 class=\"edukul-special-text text-center\">\r\n        <span style=\"font-family:;\">ACAD\u00c9MICO<\/span><span style=\"font-family:;\"><\/span><span style=\"font-family:;\"><\/span>\r\n    <\/h2>[vc_zigzag color=\u00bborange\u00bb]\r\n\t<div class=\"edukul-spacer clearfix\" data-desktop=\"60\" data-mobi=\"30\" data-smobi=\"30\"><\/div>[vc_row_inner][vc_column_inner width=\u00bb1\/2&#8243;]<div class=\"edukul-image-box clearfix style-1 text-center wow fadeInUp\" style=\"\"  data-wow-duration=\"0.75s\" data-wow-delay=\"0.3s\">\r\n        <div class=\"item\">\r\n            <div class=\"inner\">\r\n                \r\n                <div class=\"text-wrap \" style=\"\">\r\n                    <div class=\"text-inner\"><h3 class=\"title\" style=\"\">\r\n            M.A. Edelbais Uribe Mart\u00ednez\r\n        <\/h3> <div class=\"desc\" style=\"\">Coord. Licenciatura en Ense\u00f1anza del Idioma Ingl\u00e9s<\/div> <div class=\"url-wrap\">\r\n            <a target=\"_blank\" class=\"edukul-button medium btn-1899234474 custom custom outline solid custom\" href=\"mailto:coordinacionacademicaba@uas.edu.mx\" style=\"border-width:1px;\"  data-background=\"#be9f37\" data-text=\"#ffffff\" data-border=\"\">EMAIL<\/a>\r\n        <\/div><\/div>\r\n                <\/div>\r\n                \r\n            <\/div>\r\n        <\/div>\r\n    <\/div>[\/vc_column_inner][vc_column_inner width=\u00bb1\/2&#8243;]<div class=\"edukul-image-box clearfix style-1 text-center wow fadeInUp\" style=\"\"  data-wow-duration=\"0.75s\" data-wow-delay=\"0.3s\">\r\n        <div class=\"item\">\r\n            <div class=\"inner\">\r\n                \r\n                <div class=\"text-wrap \" style=\"\">\r\n                    <div class=\"text-inner\"><h3 class=\"title\" style=\"\">\r\n            M.A. Elefhteria Groumoutis\r\n        <\/h3> <div class=\"desc\" style=\"\">Coordinadora Acad\u00e9mica CEIM-PISA<\/div> <div class=\"url-wrap\">\r\n            <a target=\"_blank\" class=\"edukul-button small btn-1417633413 custom custom outline solid custom\" href=\"mailto:frida.gr@uas.edu.mx\" style=\"border-width:1px;\"  data-background=\"#be9f37\" data-text=\"#ffffff\" data-border=\"\">EMAIL<\/a>\r\n        <\/div><\/div>\r\n                <\/div>\r\n                \r\n            <\/div>\r\n        <\/div>\r\n    <\/div>[\/vc_column_inner][\/vc_row_inner]\r\n\t<div class=\"edukul-spacer clearfix\" data-desktop=\"60\" data-mobi=\"30\" data-smobi=\"30\"><\/div><div class=\"edukul-image-box clearfix style-1 text-center wow fadeInUp\" style=\"\"  data-wow-duration=\"0.75s\" data-wow-delay=\"0.3s\">\r\n        <div class=\"item\">\r\n            <div class=\"inner\">\r\n                \r\n                <div class=\"text-wrap \" style=\"\">\r\n                    <div class=\"text-inner\"><h3 class=\"title\" style=\"\">\r\n            Lic. Jessica Rosalinda D\u00edaz Rodr\u00edguez\r\n        <\/h3> <div class=\"desc\" style=\"\">Coord. Programa Infantil Sabatino de Ingl\u00e9s (PISI)<\/div> <div class=\"url-wrap\">\r\n            <a target=\"_blank\" class=\"edukul-button small btn-700841513 custom custom outline solid custom\" href=\"mailto:pisimazatlan@uas.edu.mx\" style=\"border-width:1px;\"  data-background=\"#be9f37\" data-text=\"#ffffff\" data-border=\"\">EMAIL<\/a>\r\n        <\/div><\/div>\r\n                <\/div>\r\n                \r\n            <\/div>\r\n        <\/div>\r\n    <\/div>\r\n\t<div class=\"edukul-spacer clearfix\" data-desktop=\"60\" data-mobi=\"30\" data-smobi=\"30\"><\/div>[vc_row_inner][vc_column_inner width=\u00bb1\/2&#8243;]<div class=\"edukul-image-box clearfix style-1 text-center wow fadeInUp\" style=\"\"  data-wow-duration=\"0.75s\" data-wow-delay=\"0.3s\">\r\n        <div class=\"item\">\r\n            <div class=\"inner\">\r\n                \r\n                <div class=\"text-wrap \" style=\"\">\r\n                    <div class=\"text-inner\"><h3 class=\"title\" style=\"\">\r\n            Lic. Jorge M. Elenes Liz\u00e1rraga\r\n        <\/h3> <div class=\"desc\" style=\"\">Coordinador Departamento de Traducci\u00f3n e Interpretaci\u00f3n<\/div> <div class=\"url-wrap\">\r\n            <a target=\"_blank\" class=\"edukul-button medium btn-1230533531 custom custom outline solid custom\" href=\"mailto:traduccion.ceim@uas.edu.mx\" style=\"border-width:1px;\"  data-background=\"#be9f37\" data-text=\"#ffffff\" data-border=\"\">EMAIL<\/a>\r\n        <\/div><\/div>\r\n                <\/div>\r\n                \r\n            <\/div>\r\n        <\/div>\r\n    <\/div>[\/vc_column_inner][vc_column_inner width=\u00bb1\/2&#8243;]<div class=\"edukul-image-box clearfix style-1 text-center wow fadeInUp\" style=\"\"  data-wow-duration=\"0.75s\" data-wow-delay=\"0.3s\">\r\n        <div class=\"item\">\r\n            <div class=\"inner\">\r\n                \r\n                <div class=\"text-wrap \" style=\"\">\r\n                    <div class=\"text-inner\"><h3 class=\"title\" style=\"\">\r\n            Lic. Claudia Ortuso\r\n        <\/h3> <div class=\"desc\" style=\"\">Coordinadora de Certificaciones Internacionales y<br \/>\nEx\u00e1menes Institucionales<\/div> <div class=\"url-wrap\">\r\n            <a target=\"_blank\" class=\"edukul-button small btn-1704596498 custom custom outline solid custom\" href=\"mailto:certificaciones_ceimaz@uas.edu.mx\" style=\"border-width:1px;\"  data-background=\"#be9f37\" data-text=\"#ffffff\" data-border=\"\">EMAIL<\/a>\r\n        <\/div><\/div>\r\n                <\/div>\r\n                \r\n            <\/div>\r\n        <\/div>\r\n    <\/div>[\/vc_column_inner][\/vc_row_inner]\r\n\t<div class=\"edukul-spacer clearfix\" data-desktop=\"60\" data-mobi=\"30\" data-smobi=\"30\"><\/div>[\/vc_column][\/vc_row]<\/p>\n<\/div>","protected":false},"excerpt":{"rendered":"<p>[vc_row][vc_column][vc_zigzag color=\u00bborange\u00bb][vc_zigzag color=\u00bborange\u00bb][vc_row_inner][vc_column_inner][\/vc_column_inner][\/vc_row_inner][vc_zigzag color=\u00bborange\u00bb][vc_zigzag color=\u00bborange\u00bb][vc_row_inner][vc_column_inner width=\u00bb1\/2&#8243;][\/vc_column_inner][vc_column_inner width=\u00bb1\/2&#8243;][\/vc_column_inner][\/vc_row_inner][vc_row_inner][vc_column_inner width=\u00bb1\/2&#8243;][\/vc_column_inner][vc_column_inner width=\u00bb1\/2&#8243;][\/vc_column_inner][\/vc_row_inner][\/vc_column][\/vc_row]<\/p>\n","protected":false},"author":1,"featured_media":0,"parent":0,"menu_order":0,"comment_status":"closed","ping_status":"closed","template":"","meta":{"_coblocks_attr":"","_coblocks_dimensions":"","_coblocks_responsive_height":"","_coblocks_accordion_ie_support":"","om_disable_all_campaigns":false,"_monsterinsights_skip_tracking":false,"_monsterinsights_sitenote_active":false,"_monsterinsights_sitenote_note":"","_monsterinsights_sitenote_category":0,"footnotes":""},"class_list":["post-19270","page","type-page","status-publish","hentry"],"aioseo_notices":[],"yoast_head":"<!-- This site is optimized with the Yoast SEO plugin v24.3 - https:\/\/yoast.com\/wordpress\/plugins\/seo\/ -->\n<title>Directorio - Centro de Estudio de Idiomas Mazatl\u00e1n - UAS<\/title>\n<meta name=\"robots\" content=\"index, follow, max-snippet:-1, max-image-preview:large, max-video-preview:-1\" \/>\n<link rel=\"canonical\" href=\"https:\/\/idiomasmazatlan.com\/uas\/directorio\/\" \/>\n<meta property=\"og:locale\" content=\"es_ES\" \/>\n<meta property=\"og:type\" content=\"article\" \/>\n<meta property=\"og:title\" content=\"Directorio - Centro de Estudio de Idiomas Mazatl\u00e1n - UAS\" \/>\n<meta property=\"og:description\" content=\"[vc_row][vc_column][vc_zigzag color=\u00bborange\u00bb][vc_zigzag color=\u00bborange\u00bb][vc_row_inner][vc_column_inner][\/vc_column_inner][\/vc_row_inner][vc_zigzag color=\u00bborange\u00bb][vc_zigzag color=\u00bborange\u00bb][vc_row_inner][vc_column_inner width=\u00bb1\/2&#8243;][\/vc_column_inner][vc_column_inner width=\u00bb1\/2&#8243;][\/vc_column_inner][\/vc_row_inner][vc_row_inner][vc_column_inner width=\u00bb1\/2&#8243;][\/vc_column_inner][vc_column_inner width=\u00bb1\/2&#8243;][\/vc_column_inner][\/vc_row_inner][\/vc_column][\/vc_row]\" \/>\n<meta property=\"og:url\" content=\"https:\/\/idiomasmazatlan.com\/uas\/directorio\/\" \/>\n<meta property=\"og:site_name\" content=\"Centro de Estudio de Idiomas Mazatl\u00e1n - UAS\" \/>\n<meta property=\"article:modified_time\" content=\"2026-03-13T19:07:17+00:00\" \/>\n<meta name=\"twitter:card\" content=\"summary_large_image\" \/>\n<meta name=\"twitter:label1\" content=\"Tiempo de lectura\" \/>\n\t<meta name=\"twitter:data1\" content=\"1 minuto\" \/>\n<script type=\"application\/ld+json\" class=\"yoast-schema-graph\">{\"@context\":\"https:\/\/schema.org\",\"@graph\":[{\"@type\":\"WebPage\",\"@id\":\"https:\/\/idiomasmazatlan.com\/uas\/directorio\/\",\"url\":\"https:\/\/idiomasmazatlan.com\/uas\/directorio\/\",\"name\":\"Directorio - Centro de Estudio de Idiomas Mazatl\u00e1n - UAS\",\"isPartOf\":{\"@id\":\"https:\/\/idiomasmazatlan.com\/uas\/#website\"},\"datePublished\":\"2024-08-03T02:42:16+00:00\",\"dateModified\":\"2026-03-13T19:07:17+00:00\",\"breadcrumb\":{\"@id\":\"https:\/\/idiomasmazatlan.com\/uas\/directorio\/#breadcrumb\"},\"inLanguage\":\"es\",\"potentialAction\":[{\"@type\":\"ReadAction\",\"target\":[\"https:\/\/idiomasmazatlan.com\/uas\/directorio\/\"]}]},{\"@type\":\"BreadcrumbList\",\"@id\":\"https:\/\/idiomasmazatlan.com\/uas\/directorio\/#breadcrumb\",\"itemListElement\":[{\"@type\":\"ListItem\",\"position\":1,\"name\":\"Home\",\"item\":\"https:\/\/idiomasmazatlan.com\/uas\/\"},{\"@type\":\"ListItem\",\"position\":2,\"name\":\"Directorio\"}]},{\"@type\":\"WebSite\",\"@id\":\"https:\/\/idiomasmazatlan.com\/uas\/#website\",\"url\":\"https:\/\/idiomasmazatlan.com\/uas\/\",\"name\":\"Centro de Estudio de Idiomas Mazatl\u00e1n - UAS\",\"description\":\"\",\"publisher\":{\"@id\":\"https:\/\/idiomasmazatlan.com\/uas\/#organization\"},\"potentialAction\":[{\"@type\":\"SearchAction\",\"target\":{\"@type\":\"EntryPoint\",\"urlTemplate\":\"https:\/\/idiomasmazatlan.com\/uas\/?s={search_term_string}\"},\"query-input\":{\"@type\":\"PropertyValueSpecification\",\"valueRequired\":true,\"valueName\":\"search_term_string\"}}],\"inLanguage\":\"es\"},{\"@type\":\"Organization\",\"@id\":\"https:\/\/idiomasmazatlan.com\/uas\/#organization\",\"name\":\"Centro de Estudio de Idiomas Mazatl\u00e1n - UAS\",\"url\":\"https:\/\/idiomasmazatlan.com\/uas\/\",\"logo\":{\"@type\":\"ImageObject\",\"inLanguage\":\"es\",\"@id\":\"https:\/\/idiomasmazatlan.com\/uas\/#\/schema\/logo\/image\/\",\"url\":\"\",\"contentUrl\":\"\",\"caption\":\"Centro de Estudio de Idiomas Mazatl\u00e1n - UAS\"},\"image\":{\"@id\":\"https:\/\/idiomasmazatlan.com\/uas\/#\/schema\/logo\/image\/\"}}]}<\/script>\n<!-- \/ Yoast SEO plugin. -->","yoast_head_json":{"title":"Directorio - Centro de Estudio de Idiomas Mazatl\u00e1n - UAS","robots":{"index":"index","follow":"follow","max-snippet":"max-snippet:-1","max-image-preview":"max-image-preview:large","max-video-preview":"max-video-preview:-1"},"canonical":"https:\/\/idiomasmazatlan.com\/uas\/directorio\/","og_locale":"es_ES","og_type":"article","og_title":"Directorio - Centro de Estudio de Idiomas Mazatl\u00e1n - UAS","og_description":"[vc_row][vc_column][vc_zigzag color=\u00bborange\u00bb][vc_zigzag color=\u00bborange\u00bb][vc_row_inner][vc_column_inner][\/vc_column_inner][\/vc_row_inner][vc_zigzag color=\u00bborange\u00bb][vc_zigzag color=\u00bborange\u00bb][vc_row_inner][vc_column_inner width=\u00bb1\/2&#8243;][\/vc_column_inner][vc_column_inner width=\u00bb1\/2&#8243;][\/vc_column_inner][\/vc_row_inner][vc_row_inner][vc_column_inner width=\u00bb1\/2&#8243;][\/vc_column_inner][vc_column_inner width=\u00bb1\/2&#8243;][\/vc_column_inner][\/vc_row_inner][\/vc_column][\/vc_row]","og_url":"https:\/\/idiomasmazatlan.com\/uas\/directorio\/","og_site_name":"Centro de Estudio de Idiomas Mazatl\u00e1n - UAS","article_modified_time":"2026-03-13T19:07:17+00:00","twitter_card":"summary_large_image","twitter_misc":{"Tiempo de lectura":"1 minuto"},"schema":{"@context":"https:\/\/schema.org","@graph":[{"@type":"WebPage","@id":"https:\/\/idiomasmazatlan.com\/uas\/directorio\/","url":"https:\/\/idiomasmazatlan.com\/uas\/directorio\/","name":"Directorio - Centro de Estudio de Idiomas Mazatl\u00e1n - UAS","isPartOf":{"@id":"https:\/\/idiomasmazatlan.com\/uas\/#website"},"datePublished":"2024-08-03T02:42:16+00:00","dateModified":"2026-03-13T19:07:17+00:00","breadcrumb":{"@id":"https:\/\/idiomasmazatlan.com\/uas\/directorio\/#breadcrumb"},"inLanguage":"es","potentialAction":[{"@type":"ReadAction","target":["https:\/\/idiomasmazatlan.com\/uas\/directorio\/"]}]},{"@type":"BreadcrumbList","@id":"https:\/\/idiomasmazatlan.com\/uas\/directorio\/#breadcrumb","itemListElement":[{"@type":"ListItem","position":1,"name":"Home","item":"https:\/\/idiomasmazatlan.com\/uas\/"},{"@type":"ListItem","position":2,"name":"Directorio"}]},{"@type":"WebSite","@id":"https:\/\/idiomasmazatlan.com\/uas\/#website","url":"https:\/\/idiomasmazatlan.com\/uas\/","name":"Centro de Estudio de Idiomas Mazatl\u00e1n - UAS","description":"","publisher":{"@id":"https:\/\/idiomasmazatlan.com\/uas\/#organization"},"potentialAction":[{"@type":"SearchAction","target":{"@type":"EntryPoint","urlTemplate":"https:\/\/idiomasmazatlan.com\/uas\/?s={search_term_string}"},"query-input":{"@type":"PropertyValueSpecification","valueRequired":true,"valueName":"search_term_string"}}],"inLanguage":"es"},{"@type":"Organization","@id":"https:\/\/idiomasmazatlan.com\/uas\/#organization","name":"Centro de Estudio de Idiomas Mazatl\u00e1n - UAS","url":"https:\/\/idiomasmazatlan.com\/uas\/","logo":{"@type":"ImageObject","inLanguage":"es","@id":"https:\/\/idiomasmazatlan.com\/uas\/#\/schema\/logo\/image\/","url":"","contentUrl":"","caption":"Centro de Estudio de Idiomas Mazatl\u00e1n - UAS"},"image":{"@id":"https:\/\/idiomasmazatlan.com\/uas\/#\/schema\/logo\/image\/"}}]}},"_links":{"self":[{"href":"https:\/\/idiomasmazatlan.com\/uas\/wp-json\/wp\/v2\/pages\/19270","targetHints":{"allow":["GET"]}}],"collection":[{"href":"https:\/\/idiomasmazatlan.com\/uas\/wp-json\/wp\/v2\/pages"}],"about":[{"href":"https:\/\/idiomasmazatlan.com\/uas\/wp-json\/wp\/v2\/types\/page"}],"author":[{"embeddable":true,"href":"https:\/\/idiomasmazatlan.com\/uas\/wp-json\/wp\/v2\/users\/1"}],"replies":[{"embeddable":true,"href":"https:\/\/idiomasmazatlan.com\/uas\/wp-json\/wp\/v2\/comments?post=19270"}],"version-history":[{"count":9,"href":"https:\/\/idiomasmazatlan.com\/uas\/wp-json\/wp\/v2\/pages\/19270\/revisions"}],"predecessor-version":[{"id":20052,"href":"https:\/\/idiomasmazatlan.com\/uas\/wp-json\/wp\/v2\/pages\/19270\/revisions\/20052"}],"wp:attachment":[{"href":"https:\/\/idiomasmazatlan.com\/uas\/wp-json\/wp\/v2\/media?parent=19270"}],"curies":[{"name":"wp","href":"https:\/\/api.w.org\/{rel}","templated":true}]}}