{"id":19893,"date":"2025-02-13T05:04:30","date_gmt":"2025-02-13T05:04:30","guid":{"rendered":"https:\/\/idiomasmazatlan.com\/uas\/?page_id=19893"},"modified":"2025-11-26T04:14:33","modified_gmt":"2025-11-26T04:14:33","slug":"newsletter-2","status":"publish","type":"page","link":"https:\/\/idiomasmazatlan.com\/uas\/newsletter-2\/","title":{"rendered":"Newsletter"},"content":{"rendered":"<div class=\"wpb-content-wrapper\"><p>[vc_row][vc_column][vc_column_text css=\u00bb\u00bb]<div class=\"_df_book df-lite\" id=\"df_19916\"  _slug=\"newsletter-ed2\" data-title=\"newsletter-ed2\" wpoptions=\"true\" thumb=\"https:\/\/idiomasmazatlan.com\/uas\/wp-content\/uploads\/2024\/08\/IconBlog_CEIM.png\" thumbtype=\"\" ><\/div><script class=\"df-shortcode-script\" nowprocket type=\"application\/javascript\">window.option_df_19916 = {\"outline\":[],\"autoEnableOutline\":\"false\",\"autoEnableThumbnail\":\"false\",\"overwritePDFOutline\":\"false\",\"direction\":\"1\",\"pageSize\":\"0\",\"source\":\"https:\\\/\\\/idiomasmazatlan.com\\\/uas\\\/wp-content\\\/uploads\\\/2025\\\/11\\\/251125_NewsletterCEIM.pdf\",\"wpOptions\":\"true\"}; if(window.DFLIP && window.DFLIP.parseBooks){window.DFLIP.parseBooks();}<\/script>[\/vc_column_text]\r\n\t<div class=\"edukul-spacer clearfix\" data-desktop=\"110\" data-mobi=\"60\" data-smobi=\"60\"><\/div><h2 class=\"edukul-special-text text-center\">\r\n        <span style=\"font-family:;\">NEWSLETTER CEIM<\/span><span style=\"font-family:;\"><\/span><span style=\"font-family:;\"><\/span>\r\n    <\/h2>[\/vc_column][\/vc_row][vc_row][vc_column width=\u00bb1\/2&#8243;]<div class=\"edukul-icon-box clearfix icon-top align-left  simple\" style=\"\" ><div class=\"wrap-inner\" style=\"position: relative;\"><div class=\"edukul-icon icon-1921842387 custom custom\"  data-icon=\"\" data-background=\"\">\r\n\t\t\t\t<span class=\"icon\" style=\"font-size:30px;width:60px;height:60px;border-style:solid;\"><i class=\"eduk-newspaper\"><\/i><\/span>\r\n\t\t\t<\/div> <h4 class=\"heading \" style=\"\">\r\n\t\t\t<span>Ediciones Pasadas 2025<\/span>\r\n\t\t<\/h4><div class=\"desc\" style=\"\"><ul>\n<li>Enero [Edici\u00f3n 1] &#8211; v\u00eda correo electr\u00f3nico<\/li>\n<li><a href=\"https:\/\/idiomasmazatlan.com\/uas\/wp-content\/uploads\/2025\/02\/250206-Newsletter-CEIM.pdf\" target=\"_blank\" title=\"Newsletter Febrero [Edici\u00f3n 2]\" rel=\"noopener\">Febrero [Edici\u00f3n 2]<\/a><\/li>\n<li><a href=\"https:\/\/idiomasmazatlan.com\/uas\/wp-content\/uploads\/2025\/02\/250220-Newsletter-CEIM.pdf\" target=\"_blank\" rel=\"noopener\">Febrero [Edici\u00f3n 3]<\/a><\/li>\n<li><a href=\"https:\/\/idiomasmazatlan.com\/uas\/wp-content\/uploads\/2025\/03\/250306-Newsletter-CEIM.pdf\" target=\"_blank\" rel=\"noopener\">Marzo [Edici\u00f3n 4]<\/a><\/li>\n<li><a href=\"https:\/\/idiomasmazatlan.com\/uas\/wp-content\/uploads\/2025\/03\/250331_Newsletter_CEIM.pdf\">Marzo [Edici\u00f3n 5]<\/a><\/li>\n<li><a href=\"https:\/\/idiomasmazatlan.com\/uas\/wp-content\/uploads\/2025\/05\/250505Newsletter-CEIM.pdf\" target=\"_blank\" rel=\"noopener\">Mayo [Edici\u00f3n 6]<\/a><\/li>\n<li><a href=\"https:\/\/idiomasmazatlan.com\/uas\/wp-content\/uploads\/2025\/06\/250531-Newsletter-CEIM.pdf\" target=\"_blank\" rel=\"noopener\">Junio [Edici\u00f3n 7]<\/a><\/li>\n<li><a href=\"https:\/\/idiomasmazatlan.com\/uas\/wp-content\/uploads\/2025\/10\/250929_NewsletterCEIM.pdf\" target=\"_blank\" rel=\"noopener\">Septiembre [Edici\u00f3n 8]<\/a><\/li>\n<li><a href=\"https:\/\/idiomasmazatlan.com\/uas\/wp-content\/uploads\/2025\/11\/251125_NewsletterCEIM.pdf\" target=\"_blank\" rel=\"noopener\">Octubre &#8211; Noviembre [Edici\u00f3n 9]<\/a><\/li>\n<\/ul>\n<\/div> <\/div><\/div>[\/vc_column][vc_column width=\u00bb1\/2&#8243;]<div class=\"edukul-icon-box clearfix icon-top align-left  simple\" style=\"\" ><div class=\"wrap-inner\" style=\"position: relative;\"><div class=\"edukul-icon icon-1516068119 custom custom\"  data-icon=\"\" data-background=\"\">\r\n\t\t\t\t<span class=\"icon\" style=\"font-size:30px;width:60px;height:60px;border-style:solid;\"><i class=\"eduk-newspaper\"><\/i><\/span>\r\n\t\t\t<\/div> <h4 class=\"heading \" style=\"\">\r\n\t\t\t<span>.<\/span>\r\n\t\t<\/h4> <\/div><\/div>[\/vc_column][\/vc_row]<\/p>\n<\/div>","protected":false},"excerpt":{"rendered":"<p>[vc_row][vc_column][vc_column_text css=\u00bb\u00bb][\/vc_column_text][\/vc_column][\/vc_row][vc_row][vc_column width=\u00bb1\/2&#8243;][\/vc_column][vc_column width=\u00bb1\/2&#8243;][\/vc_column][\/vc_row]<\/p>\n","protected":false},"author":1,"featured_media":0,"parent":0,"menu_order":0,"comment_status":"closed","ping_status":"closed","template":"","meta":{"_coblocks_attr":"","_coblocks_dimensions":"","_coblocks_responsive_height":"","_coblocks_accordion_ie_support":"","om_disable_all_campaigns":false,"_monsterinsights_skip_tracking":false,"_monsterinsights_sitenote_active":false,"_monsterinsights_sitenote_note":"","_monsterinsights_sitenote_category":0,"footnotes":""},"class_list":["post-19893","page","type-page","status-publish","hentry"],"aioseo_notices":[],"yoast_head":"<!-- This site is optimized with the Yoast SEO plugin v24.3 - https:\/\/yoast.com\/wordpress\/plugins\/seo\/ -->\n<title>Newsletter - Centro de Estudio de Idiomas Mazatl\u00e1n - UAS<\/title>\n<meta name=\"robots\" content=\"index, follow, max-snippet:-1, max-image-preview:large, max-video-preview:-1\" \/>\n<link rel=\"canonical\" href=\"https:\/\/idiomasmazatlan.com\/uas\/newsletter-2\/\" \/>\n<meta property=\"og:locale\" content=\"es_ES\" \/>\n<meta property=\"og:type\" content=\"article\" \/>\n<meta property=\"og:title\" content=\"Newsletter - Centro de Estudio de Idiomas Mazatl\u00e1n - UAS\" \/>\n<meta property=\"og:description\" content=\"[vc_row][vc_column][vc_column_text css=\u00bb\u00bb][\/vc_column_text][\/vc_column][\/vc_row][vc_row][vc_column width=\u00bb1\/2&#8243;][\/vc_column][vc_column width=\u00bb1\/2&#8243;][\/vc_column][\/vc_row]\" \/>\n<meta property=\"og:url\" content=\"https:\/\/idiomasmazatlan.com\/uas\/newsletter-2\/\" \/>\n<meta property=\"og:site_name\" content=\"Centro de Estudio de Idiomas Mazatl\u00e1n - UAS\" \/>\n<meta property=\"article:modified_time\" content=\"2025-11-26T04:14:33+00:00\" \/>\n<meta name=\"twitter:card\" content=\"summary_large_image\" \/>\n<meta name=\"twitter:label1\" content=\"Tiempo de lectura\" \/>\n\t<meta name=\"twitter:data1\" content=\"1 minuto\" \/>\n<script type=\"application\/ld+json\" class=\"yoast-schema-graph\">{\"@context\":\"https:\/\/schema.org\",\"@graph\":[{\"@type\":\"WebPage\",\"@id\":\"https:\/\/idiomasmazatlan.com\/uas\/newsletter-2\/\",\"url\":\"https:\/\/idiomasmazatlan.com\/uas\/newsletter-2\/\",\"name\":\"Newsletter - Centro de Estudio de Idiomas Mazatl\u00e1n - UAS\",\"isPartOf\":{\"@id\":\"https:\/\/idiomasmazatlan.com\/uas\/#website\"},\"datePublished\":\"2025-02-13T05:04:30+00:00\",\"dateModified\":\"2025-11-26T04:14:33+00:00\",\"breadcrumb\":{\"@id\":\"https:\/\/idiomasmazatlan.com\/uas\/newsletter-2\/#breadcrumb\"},\"inLanguage\":\"es\",\"potentialAction\":[{\"@type\":\"ReadAction\",\"target\":[\"https:\/\/idiomasmazatlan.com\/uas\/newsletter-2\/\"]}]},{\"@type\":\"BreadcrumbList\",\"@id\":\"https:\/\/idiomasmazatlan.com\/uas\/newsletter-2\/#breadcrumb\",\"itemListElement\":[{\"@type\":\"ListItem\",\"position\":1,\"name\":\"Home\",\"item\":\"https:\/\/idiomasmazatlan.com\/uas\/\"},{\"@type\":\"ListItem\",\"position\":2,\"name\":\"Newsletter\"}]},{\"@type\":\"WebSite\",\"@id\":\"https:\/\/idiomasmazatlan.com\/uas\/#website\",\"url\":\"https:\/\/idiomasmazatlan.com\/uas\/\",\"name\":\"Centro de Estudio de Idiomas Mazatl\u00e1n - UAS\",\"description\":\"\",\"publisher\":{\"@id\":\"https:\/\/idiomasmazatlan.com\/uas\/#organization\"},\"potentialAction\":[{\"@type\":\"SearchAction\",\"target\":{\"@type\":\"EntryPoint\",\"urlTemplate\":\"https:\/\/idiomasmazatlan.com\/uas\/?s={search_term_string}\"},\"query-input\":{\"@type\":\"PropertyValueSpecification\",\"valueRequired\":true,\"valueName\":\"search_term_string\"}}],\"inLanguage\":\"es\"},{\"@type\":\"Organization\",\"@id\":\"https:\/\/idiomasmazatlan.com\/uas\/#organization\",\"name\":\"Centro de Estudio de Idiomas Mazatl\u00e1n - UAS\",\"url\":\"https:\/\/idiomasmazatlan.com\/uas\/\",\"logo\":{\"@type\":\"ImageObject\",\"inLanguage\":\"es\",\"@id\":\"https:\/\/idiomasmazatlan.com\/uas\/#\/schema\/logo\/image\/\",\"url\":\"\",\"contentUrl\":\"\",\"caption\":\"Centro de Estudio de Idiomas Mazatl\u00e1n - UAS\"},\"image\":{\"@id\":\"https:\/\/idiomasmazatlan.com\/uas\/#\/schema\/logo\/image\/\"}}]}<\/script>\n<!-- \/ Yoast SEO plugin. -->","yoast_head_json":{"title":"Newsletter - Centro de Estudio de Idiomas Mazatl\u00e1n - UAS","robots":{"index":"index","follow":"follow","max-snippet":"max-snippet:-1","max-image-preview":"max-image-preview:large","max-video-preview":"max-video-preview:-1"},"canonical":"https:\/\/idiomasmazatlan.com\/uas\/newsletter-2\/","og_locale":"es_ES","og_type":"article","og_title":"Newsletter - Centro de Estudio de Idiomas Mazatl\u00e1n - UAS","og_description":"[vc_row][vc_column][vc_column_text css=\u00bb\u00bb][\/vc_column_text][\/vc_column][\/vc_row][vc_row][vc_column width=\u00bb1\/2&#8243;][\/vc_column][vc_column width=\u00bb1\/2&#8243;][\/vc_column][\/vc_row]","og_url":"https:\/\/idiomasmazatlan.com\/uas\/newsletter-2\/","og_site_name":"Centro de Estudio de Idiomas Mazatl\u00e1n - UAS","article_modified_time":"2025-11-26T04:14:33+00:00","twitter_card":"summary_large_image","twitter_misc":{"Tiempo de lectura":"1 minuto"},"schema":{"@context":"https:\/\/schema.org","@graph":[{"@type":"WebPage","@id":"https:\/\/idiomasmazatlan.com\/uas\/newsletter-2\/","url":"https:\/\/idiomasmazatlan.com\/uas\/newsletter-2\/","name":"Newsletter - Centro de Estudio de Idiomas Mazatl\u00e1n - UAS","isPartOf":{"@id":"https:\/\/idiomasmazatlan.com\/uas\/#website"},"datePublished":"2025-02-13T05:04:30+00:00","dateModified":"2025-11-26T04:14:33+00:00","breadcrumb":{"@id":"https:\/\/idiomasmazatlan.com\/uas\/newsletter-2\/#breadcrumb"},"inLanguage":"es","potentialAction":[{"@type":"ReadAction","target":["https:\/\/idiomasmazatlan.com\/uas\/newsletter-2\/"]}]},{"@type":"BreadcrumbList","@id":"https:\/\/idiomasmazatlan.com\/uas\/newsletter-2\/#breadcrumb","itemListElement":[{"@type":"ListItem","position":1,"name":"Home","item":"https:\/\/idiomasmazatlan.com\/uas\/"},{"@type":"ListItem","position":2,"name":"Newsletter"}]},{"@type":"WebSite","@id":"https:\/\/idiomasmazatlan.com\/uas\/#website","url":"https:\/\/idiomasmazatlan.com\/uas\/","name":"Centro de Estudio de Idiomas Mazatl\u00e1n - UAS","description":"","publisher":{"@id":"https:\/\/idiomasmazatlan.com\/uas\/#organization"},"potentialAction":[{"@type":"SearchAction","target":{"@type":"EntryPoint","urlTemplate":"https:\/\/idiomasmazatlan.com\/uas\/?s={search_term_string}"},"query-input":{"@type":"PropertyValueSpecification","valueRequired":true,"valueName":"search_term_string"}}],"inLanguage":"es"},{"@type":"Organization","@id":"https:\/\/idiomasmazatlan.com\/uas\/#organization","name":"Centro de Estudio de Idiomas Mazatl\u00e1n - UAS","url":"https:\/\/idiomasmazatlan.com\/uas\/","logo":{"@type":"ImageObject","inLanguage":"es","@id":"https:\/\/idiomasmazatlan.com\/uas\/#\/schema\/logo\/image\/","url":"","contentUrl":"","caption":"Centro de Estudio de Idiomas Mazatl\u00e1n - UAS"},"image":{"@id":"https:\/\/idiomasmazatlan.com\/uas\/#\/schema\/logo\/image\/"}}]}},"_links":{"self":[{"href":"https:\/\/idiomasmazatlan.com\/uas\/wp-json\/wp\/v2\/pages\/19893","targetHints":{"allow":["GET"]}}],"collection":[{"href":"https:\/\/idiomasmazatlan.com\/uas\/wp-json\/wp\/v2\/pages"}],"about":[{"href":"https:\/\/idiomasmazatlan.com\/uas\/wp-json\/wp\/v2\/types\/page"}],"author":[{"embeddable":true,"href":"https:\/\/idiomasmazatlan.com\/uas\/wp-json\/wp\/v2\/users\/1"}],"replies":[{"embeddable":true,"href":"https:\/\/idiomasmazatlan.com\/uas\/wp-json\/wp\/v2\/comments?post=19893"}],"version-history":[{"count":12,"href":"https:\/\/idiomasmazatlan.com\/uas\/wp-json\/wp\/v2\/pages\/19893\/revisions"}],"predecessor-version":[{"id":20035,"href":"https:\/\/idiomasmazatlan.com\/uas\/wp-json\/wp\/v2\/pages\/19893\/revisions\/20035"}],"wp:attachment":[{"href":"https:\/\/idiomasmazatlan.com\/uas\/wp-json\/wp\/v2\/media?parent=19893"}],"curies":[{"name":"wp","href":"https:\/\/api.w.org\/{rel}","templated":true}]}}